{"id":143060,"date":"2026-03-05T09:53:25","date_gmt":"2026-03-05T09:53:25","guid":{"rendered":"https:\/\/mathies-antwerpen.com\/?post_type=product&#038;p=143060"},"modified":"2026-03-05T09:55:19","modified_gmt":"2026-03-05T09:55:19","slug":"afficheur-multifonction-element-12s-a-touches-sonde-chirp","status":"publish","type":"product","link":"https:\/\/mathies-antwerpen.com\/fr\/produit\/afficheur-multifonction-element-12s-a-touches-sonde-chirp\/","title":{"rendered":"Afficheur multifonction Element 12S \/ \u00e0 touches \/ sonde CHIRP"},"content":{"rendered":"<p><strong>RAYMARINE<\/strong><br \/>\n<strong>Afficheur multifonction Element 12S \/ \u00e0 touches \/ sonde CHIRP<\/strong><\/p>\n<p>L&rsquo;interface de l&rsquo;\u00e9cran multifonction Smart 12&Prime; est facile \u00e0 utiliser, il poss\u00e8de une antenne GPS et une sonde CHIRP int\u00e9gr\u00e9es. Ici, l&rsquo;absence d&rsquo;\u00e9cran tactile est d\u00e9lib\u00e9r\u00e9e : le clavier classique et l&rsquo;interface Raymarine LightHouse Sport rendent l&rsquo;utilisation intuitive et pr\u00e9cise, m\u00eame dans les conditions de navigation les plus dures.<\/p>\n<p>Contenu de la livraison\u00a0:<\/p>\n<p>\u2022 \u00c9cran<br \/>\n\u2022 Joint de montage en surface<br \/>\n\u2022 Pare-soleil<br \/>\n\u2022 Boutons de r\u00e9glage<br \/>\n\u2022 Support de montage<br \/>\n\u2022 Mat\u00e9riel de fixation<br \/>\n\u2022 C\u00e2ble d&rsquo;alimentation et de donn\u00e9es<\/p>\n<p>Garantie constructeur de 3\u00a0ans<br \/>\nLivraison gratuite dans le monde entier<br \/>\nMontage et installation disponibles sur demande<\/p>\n","protected":false},"excerpt":{"rendered":"<p>RAYMARINE Afficheur multifonction Element 12S \/ \u00e0 touches \/ sonde CHIRP L&rsquo;interface de l&rsquo;\u00e9cran multifonction Smart 12&Prime; est facile \u00e0 utiliser, il poss\u00e8de une antenne GPS et une sonde CHIRP int\u00e9gr\u00e9es. Ici, l&rsquo;absence d&rsquo;\u00e9cran tactile est d\u00e9lib\u00e9r\u00e9e : le clavier classique et l&rsquo;interface Raymarine LightHouse Sport rendent l&rsquo;utilisation intuitive et pr\u00e9cise, m\u00eame dans les conditions [&hellip;]<\/p>\n","protected":false},"featured_media":143024,"template":"","meta":{"_glsr_average":0,"_glsr_ranking":0,"_glsr_reviews":0},"product_brand":[],"product_cat":[50],"product_tag":[],"class_list":{"0":"post-143060","1":"product","2":"type-product","3":"status-publish","4":"has-post-thumbnail","6":"product_cat-electronique-gps-navigation","8":"first","9":"instock","10":"taxable","11":"shipping-taxable","12":"purchasable","13":"product-type-simple"},"_links":{"self":[{"href":"https:\/\/mathies-antwerpen.com\/fr\/wp-json\/wp\/v2\/product\/143060","targetHints":{"allow":["GET"]}}],"collection":[{"href":"https:\/\/mathies-antwerpen.com\/fr\/wp-json\/wp\/v2\/product"}],"about":[{"href":"https:\/\/mathies-antwerpen.com\/fr\/wp-json\/wp\/v2\/types\/product"}],"wp:featuredmedia":[{"embeddable":true,"href":"https:\/\/mathies-antwerpen.com\/fr\/wp-json\/wp\/v2\/media\/143024"}],"wp:attachment":[{"href":"https:\/\/mathies-antwerpen.com\/fr\/wp-json\/wp\/v2\/media?parent=143060"}],"wp:term":[{"taxonomy":"product_brand","embeddable":true,"href":"https:\/\/mathies-antwerpen.com\/fr\/wp-json\/wp\/v2\/product_brand?post=143060"},{"taxonomy":"product_cat","embeddable":true,"href":"https:\/\/mathies-antwerpen.com\/fr\/wp-json\/wp\/v2\/product_cat?post=143060"},{"taxonomy":"product_tag","embeddable":true,"href":"https:\/\/mathies-antwerpen.com\/fr\/wp-json\/wp\/v2\/product_tag?post=143060"}],"curies":[{"name":"wp","href":"https:\/\/api.w.org\/{rel}","templated":true}]}}