{"id":143108,"date":"2026-03-05T10:46:37","date_gmt":"2026-03-05T10:46:37","guid":{"rendered":"https:\/\/mathies-antwerpen.com\/?post_type=product&#038;p=143108"},"modified":"2026-03-05T10:49:30","modified_gmt":"2026-03-05T10:49:30","slug":"afficheur-multifonction-element-12-hv-a-touches-avec-sonar-hypervision-chirp-sans-sonde","status":"publish","type":"product","link":"https:\/\/mathies-antwerpen.com\/fr\/produit\/afficheur-multifonction-element-12-hv-a-touches-avec-sonar-hypervision-chirp-sans-sonde\/","title":{"rendered":"Afficheur multifonction Element 12 HV \/ \u00e0 touches \/ avec sonar Hypervision Chirp sans sonde"},"content":{"rendered":"<p><strong>RAYMARINE<\/strong><br \/>\n<strong>Afficheur multifonction Element 12 HV \/ \u00e0 touches \/ avec sonar Hypervision Chirp sans sonde<\/strong><\/p>\n<p>\u00c9cran multifonction Smart 12&Prime; avec interface conviviale et antenne GPS int\u00e9gr\u00e9e. Un clavier classique et une interface LightHouse Sport de Raymarine facilitent l&rsquo;utilisation. La technologie sonar int\u00e9gr\u00e9e HyperVision offre une exceptionnelle qualit\u00e9 d&rsquo;image sous-marine. Le processeur rapide QuadCore est parfaitement adapt\u00e9 \u00e0 la cartographie avec un rendu 3D continu. Livr\u00e9 sans tranducteur.<\/p>\n<p>Contenu de la livraison<\/p>\n<p>\u2022 Affichage des \u00e9l\u00e9ments<br \/>\n\u2022 Po\u00e9sie pour montage de construction<br \/>\n\u2022 Couverture solaire<br \/>\n\u2022 2 vis \u00e0 t\u00eate molet\u00e9e<br \/>\n\u2022 Package de documentation<br \/>\n\u2022 Support de montage<br \/>\n\u2022 \u00c9l\u00e9ments de fixation en acier inoxydable pour le montage de la structure (4 vis M4x40, 4 rondelles M4, 4 contre-\u00e9crous M4)<br \/>\n\u2022 C\u00e2ble de tension\/NMEA 2000 de 1,5 m et c\u00e2ble de tension de 0,5 m<\/p>\n<p>3 ans de garantie constructeur<br \/>\nLivraison gratuite dans le monde entier<br \/>\nMontage et installation sur demande<\/p>\n","protected":false},"excerpt":{"rendered":"<p>RAYMARINE Afficheur multifonction Element 12 HV \/ \u00e0 touches \/ avec sonar Hypervision Chirp sans sonde \u00c9cran multifonction Smart 12&Prime; avec interface conviviale et antenne GPS int\u00e9gr\u00e9e. Un clavier classique et une interface LightHouse Sport de Raymarine facilitent l&rsquo;utilisation. La technologie sonar int\u00e9gr\u00e9e HyperVision offre une exceptionnelle qualit\u00e9 d&rsquo;image sous-marine. Le processeur rapide QuadCore est [&hellip;]<\/p>\n","protected":false},"featured_media":143072,"template":"","meta":{"_glsr_average":0,"_glsr_ranking":0,"_glsr_reviews":0},"product_brand":[],"product_cat":[50],"product_tag":[],"class_list":{"0":"post-143108","1":"product","2":"type-product","3":"status-publish","4":"has-post-thumbnail","6":"product_cat-electronique-gps-navigation","8":"first","9":"instock","10":"taxable","11":"shipping-taxable","12":"purchasable","13":"product-type-simple"},"_links":{"self":[{"href":"https:\/\/mathies-antwerpen.com\/fr\/wp-json\/wp\/v2\/product\/143108","targetHints":{"allow":["GET"]}}],"collection":[{"href":"https:\/\/mathies-antwerpen.com\/fr\/wp-json\/wp\/v2\/product"}],"about":[{"href":"https:\/\/mathies-antwerpen.com\/fr\/wp-json\/wp\/v2\/types\/product"}],"wp:featuredmedia":[{"embeddable":true,"href":"https:\/\/mathies-antwerpen.com\/fr\/wp-json\/wp\/v2\/media\/143072"}],"wp:attachment":[{"href":"https:\/\/mathies-antwerpen.com\/fr\/wp-json\/wp\/v2\/media?parent=143108"}],"wp:term":[{"taxonomy":"product_brand","embeddable":true,"href":"https:\/\/mathies-antwerpen.com\/fr\/wp-json\/wp\/v2\/product_brand?post=143108"},{"taxonomy":"product_cat","embeddable":true,"href":"https:\/\/mathies-antwerpen.com\/fr\/wp-json\/wp\/v2\/product_cat?post=143108"},{"taxonomy":"product_tag","embeddable":true,"href":"https:\/\/mathies-antwerpen.com\/fr\/wp-json\/wp\/v2\/product_tag?post=143108"}],"curies":[{"name":"wp","href":"https:\/\/api.w.org\/{rel}","templated":true}]}}