{"id":143152,"date":"2026-03-05T11:31:00","date_gmt":"2026-03-05T11:31:00","guid":{"rendered":"https:\/\/mathies-antwerpen.com\/?post_type=product&#038;p=143152"},"modified":"2026-03-05T11:33:02","modified_gmt":"2026-03-05T11:33:02","slug":"afficheur-multifonction-element-12-hv-avec-sonar-hypervision-chirp-et-sonde-hv-100","status":"publish","type":"product","link":"https:\/\/mathies-antwerpen.com\/fr\/produit\/afficheur-multifonction-element-12-hv-avec-sonar-hypervision-chirp-et-sonde-hv-100\/","title":{"rendered":"Afficheur multifonction Element 12 HV \/ avec sonar Hypervision Chirp et sonde HV-100"},"content":{"rendered":"<p><strong>RAYMARINE<\/strong><br \/>\n<strong>Afficheur multifonction Element 12 HV \/ avec sonar Hypervision Chirp et sonde HV-100<\/strong><\/p>\n<p>\u00c9cran multifonction Smart 12&Prime; avec interface conviviale et antenne GPS int\u00e9gr\u00e9e. Un clavier classique et une interface LightHouse Sport de Raymarine facilitent l&rsquo;utilisation. La technologie sonar int\u00e9gr\u00e9e HyperVision offre une exceptionnelle qualit\u00e9 d&rsquo;image sous-marine. Le processeur rapide QuadCore est parfaitement adapt\u00e9 \u00e0 la cartographie avec un rendu 3D continu. Transducteur HV-100 inclus.<\/p>\n<p>Contenu de la livraison\u00a0:<\/p>\n<p>\u2022 \u00c9cran<br \/>\n\u2022 Joint de montage en surface<br \/>\n\u2022 Pare-soleil<br \/>\n\u2022 2 vis molet\u00e9es<br \/>\n\u2022 Documentation<br \/>\n\u2022 Support de montage<br \/>\n\u2022 \u00c9l\u00e9ments de fixation en acier inoxydable pour montage en surface (4 vis M4x40, 4 rondelles M4, 4 \u00e9crous de blocage M4)<br \/>\n\u2022 C\u00e2ble d&rsquo;alimentation\/NMEA 2000 de 1,5 m et c\u00e2ble d&rsquo;alimentation de 0,5 m<br \/>\n\u2022 Support arri\u00e8re du r\u00e9troviseur<br \/>\n\u2022 3 vis de fixation du support<br \/>\n\u2022 Vis \u00e0 t\u00eate cylindrique creuse M5x10<br \/>\n\u2022 Rondelle M5<br \/>\n\u2022 Support du transducteur<br \/>\n\u2022 Plaque de montage<br \/>\n\u2022 2 rondelles pour la fente de r\u00e9glage<br \/>\n\u2022 Transducteur avec c\u00e2ble int\u00e9gr\u00e9<br \/>\n\u2022 4 vis de fixation pour les plaques de montage<br \/>\n\u2022 3 serre-c\u00e2bles<br \/>\n\u2022 3 vis de fixation pour les serre-c\u00e2bles<br \/>\n\u2022 Documentation<br \/>\n\u2022 Vis \u00e0 t\u00eate cylindrique creuse M6x70<br \/>\n\u2022 Rondelles M6<br \/>\n\u2022 \u00c9crou de blocage M6<\/p>\n<p>3 ans de garantie constructeur<br \/>\nLivraison gratuite dans le monde entier<br \/>\nMontage et installation sur demande<\/p>\n","protected":false},"excerpt":{"rendered":"<p>RAYMARINE Afficheur multifonction Element 12 HV \/ avec sonar Hypervision Chirp et sonde HV-100 \u00c9cran multifonction Smart 12&Prime; avec interface conviviale et antenne GPS int\u00e9gr\u00e9e. Un clavier classique et une interface LightHouse Sport de Raymarine facilitent l&rsquo;utilisation. La technologie sonar int\u00e9gr\u00e9e HyperVision offre une exceptionnelle qualit\u00e9 d&rsquo;image sous-marine. Le processeur rapide QuadCore est parfaitement adapt\u00e9 [&hellip;]<\/p>\n","protected":false},"featured_media":143116,"template":"","meta":{"_glsr_average":0,"_glsr_ranking":0,"_glsr_reviews":0},"product_brand":[],"product_cat":[50],"product_tag":[],"class_list":{"0":"post-143152","1":"product","2":"type-product","3":"status-publish","4":"has-post-thumbnail","6":"product_cat-electronique-gps-navigation","8":"first","9":"instock","10":"taxable","11":"shipping-taxable","12":"purchasable","13":"product-type-simple"},"_links":{"self":[{"href":"https:\/\/mathies-antwerpen.com\/fr\/wp-json\/wp\/v2\/product\/143152","targetHints":{"allow":["GET"]}}],"collection":[{"href":"https:\/\/mathies-antwerpen.com\/fr\/wp-json\/wp\/v2\/product"}],"about":[{"href":"https:\/\/mathies-antwerpen.com\/fr\/wp-json\/wp\/v2\/types\/product"}],"wp:featuredmedia":[{"embeddable":true,"href":"https:\/\/mathies-antwerpen.com\/fr\/wp-json\/wp\/v2\/media\/143116"}],"wp:attachment":[{"href":"https:\/\/mathies-antwerpen.com\/fr\/wp-json\/wp\/v2\/media?parent=143152"}],"wp:term":[{"taxonomy":"product_brand","embeddable":true,"href":"https:\/\/mathies-antwerpen.com\/fr\/wp-json\/wp\/v2\/product_brand?post=143152"},{"taxonomy":"product_cat","embeddable":true,"href":"https:\/\/mathies-antwerpen.com\/fr\/wp-json\/wp\/v2\/product_cat?post=143152"},{"taxonomy":"product_tag","embeddable":true,"href":"https:\/\/mathies-antwerpen.com\/fr\/wp-json\/wp\/v2\/product_tag?post=143152"}],"curies":[{"name":"wp","href":"https:\/\/api.w.org\/{rel}","templated":true}]}}