{"id":143207,"date":"2026-03-06T11:52:56","date_gmt":"2026-03-06T11:52:56","guid":{"rendered":"https:\/\/mathies-antwerpen.com\/?post_type=product&#038;p=143207"},"modified":"2026-03-06T11:54:43","modified_gmt":"2026-03-06T11:54:43","slug":"axiom-7-touch","status":"publish","type":"product","link":"https:\/\/mathies-antwerpen.com\/fr\/produit\/axiom-7-touch\/","title":{"rendered":"AXIOM+ 7 \/ Touch"},"content":{"rendered":"<p><strong>RAYMARINE<\/strong><br \/>\n<strong>AXIOM+ 7 \/ Touch<\/strong><\/p>\n<p>Avec son nouveau syst\u00e8me d&rsquo;exploitation Lighthouse Dartmouth, et son processeur Quad-core ultra rapide et d&rsquo;une puissante m\u00e9moire int\u00e9gr\u00e9e, cette \u00e9cran multifonction affiche des performances exceptionnelles. Gr\u00e2ce au nouveau syst\u00e8me d&rsquo;exploitation LightHouse Dartmouth de Raymarine, vous pouvez s\u00e9lectionner diff\u00e9rentes couleurs qui vous faciliteront la lisibilit\u00e9 Jour\/Nuit.<\/p>\n<p>3 ans de garantie constructeur<br \/>\nLivraison gratuite dans le monde entier<br \/>\nMontage et installation sur demande<\/p>\n","protected":false},"excerpt":{"rendered":"<p>RAYMARINE AXIOM+ 7 \/ Touch Avec son nouveau syst\u00e8me d&rsquo;exploitation Lighthouse Dartmouth, et son processeur Quad-core ultra rapide et d&rsquo;une puissante m\u00e9moire int\u00e9gr\u00e9e, cette \u00e9cran multifonction affiche des performances exceptionnelles. Gr\u00e2ce au nouveau syst\u00e8me d&rsquo;exploitation LightHouse Dartmouth de Raymarine, vous pouvez s\u00e9lectionner diff\u00e9rentes couleurs qui vous faciliteront la lisibilit\u00e9 Jour\/Nuit. 3 ans de garantie constructeur [&hellip;]<\/p>\n","protected":false},"featured_media":143167,"template":"","meta":{"_glsr_average":0,"_glsr_ranking":0,"_glsr_reviews":0},"product_brand":[],"product_cat":[50],"product_tag":[],"class_list":{"0":"post-143207","1":"product","2":"type-product","3":"status-publish","4":"has-post-thumbnail","6":"product_cat-electronique-gps-navigation","8":"first","9":"instock","10":"taxable","11":"shipping-taxable","12":"purchasable","13":"product-type-simple"},"_links":{"self":[{"href":"https:\/\/mathies-antwerpen.com\/fr\/wp-json\/wp\/v2\/product\/143207","targetHints":{"allow":["GET"]}}],"collection":[{"href":"https:\/\/mathies-antwerpen.com\/fr\/wp-json\/wp\/v2\/product"}],"about":[{"href":"https:\/\/mathies-antwerpen.com\/fr\/wp-json\/wp\/v2\/types\/product"}],"wp:featuredmedia":[{"embeddable":true,"href":"https:\/\/mathies-antwerpen.com\/fr\/wp-json\/wp\/v2\/media\/143167"}],"wp:attachment":[{"href":"https:\/\/mathies-antwerpen.com\/fr\/wp-json\/wp\/v2\/media?parent=143207"}],"wp:term":[{"taxonomy":"product_brand","embeddable":true,"href":"https:\/\/mathies-antwerpen.com\/fr\/wp-json\/wp\/v2\/product_brand?post=143207"},{"taxonomy":"product_cat","embeddable":true,"href":"https:\/\/mathies-antwerpen.com\/fr\/wp-json\/wp\/v2\/product_cat?post=143207"},{"taxonomy":"product_tag","embeddable":true,"href":"https:\/\/mathies-antwerpen.com\/fr\/wp-json\/wp\/v2\/product_tag?post=143207"}],"curies":[{"name":"wp","href":"https:\/\/api.w.org\/{rel}","templated":true}]}}