{"id":143305,"date":"2026-03-06T13:16:28","date_gmt":"2026-03-06T13:16:28","guid":{"rendered":"https:\/\/mathies-antwerpen.com\/?post_type=product&#038;p=143305"},"modified":"2026-03-06T13:18:22","modified_gmt":"2026-03-06T13:18:22","slug":"axiom-7-touch-avec-sondeur-integre-realvision-3d-et-transducteur-rv-100","status":"publish","type":"product","link":"https:\/\/mathies-antwerpen.com\/fr\/produit\/axiom-7-touch-avec-sondeur-integre-realvision-3d-et-transducteur-rv-100\/","title":{"rendered":"AXIOM+ 7 \/ Touch \/ avec sondeur int\u00e9gr\u00e9 RealVision 3D et transducteur RV-100"},"content":{"rendered":"<p><strong>RAYMARINE<\/strong><br \/>\n<strong>AXIOM+ 7 \/ Touch \/ avec sondeur int\u00e9gr\u00e9 RealVision 3D et transducteur RV-100<\/strong><\/p>\n<p>Avec son nouveau syst\u00e8me d&rsquo;exploitation Lighthouse Dartmouth, et son processeur Quad-core ultra rapide et d&rsquo;une puissante m\u00e9moire int\u00e9gr\u00e9e, cette \u00e9cran multifonction affiche des performances exceptionnelles. Gr\u00e2ce au nouveau syst\u00e8me d&rsquo;exploitation LightHouse Dartmouth de Raymarine, vous pouvez s\u00e9lectionner diff\u00e9rentes couleurs qui vous faciliteront la lisibilit\u00e9 Jour\/Nuit.<\/p>\n<p>Contenu de la livraison<\/p>\n<p>MFD (avec adaptateur de support mont\u00e9)<br \/>\nSupport de montage<br \/>\nVis molet\u00e9es (2x)<br \/>\nCapot de protection solaire &#8211; montage sur support<br \/>\nJoint d&rsquo;\u00e9tanch\u00e9it\u00e9 pour montage en surface\/plaque<br \/>\nBoulons filet\u00e9s M5x58 (4x)<br \/>\n\u00c9crous \u00e0 oreilles M5 (4x)<br \/>\nDocumentation<br \/>\nC\u00e2ble d&rsquo;alimentation\/de donn\u00e9es (c\u00e2ble d&rsquo;alimentation de 1,5 m et c\u00e2ble NMEA 2000 de 0,5 m)<br \/>\nTransducteur RealVision 3D RV-100 + pi\u00e8ces de montage<\/p>\n<p>3 ans de garantie constructeur<br \/>\nLivraison gratuite dans le monde entier<br \/>\nMontage et installation sur demande<\/p>\n","protected":false},"excerpt":{"rendered":"<p>RAYMARINE AXIOM+ 7 \/ Touch \/ avec sondeur int\u00e9gr\u00e9 RealVision 3D et transducteur RV-100 Avec son nouveau syst\u00e8me d&rsquo;exploitation Lighthouse Dartmouth, et son processeur Quad-core ultra rapide et d&rsquo;une puissante m\u00e9moire int\u00e9gr\u00e9e, cette \u00e9cran multifonction affiche des performances exceptionnelles. Gr\u00e2ce au nouveau syst\u00e8me d&rsquo;exploitation LightHouse Dartmouth de Raymarine, vous pouvez s\u00e9lectionner diff\u00e9rentes couleurs qui vous [&hellip;]<\/p>\n","protected":false},"featured_media":143257,"template":"","meta":{"_glsr_average":0,"_glsr_ranking":0,"_glsr_reviews":0},"product_brand":[],"product_cat":[50],"product_tag":[],"class_list":{"0":"post-143305","1":"product","2":"type-product","3":"status-publish","4":"has-post-thumbnail","6":"product_cat-electronique-gps-navigation","8":"first","9":"instock","10":"taxable","11":"shipping-taxable","12":"purchasable","13":"product-type-simple"},"_links":{"self":[{"href":"https:\/\/mathies-antwerpen.com\/fr\/wp-json\/wp\/v2\/product\/143305","targetHints":{"allow":["GET"]}}],"collection":[{"href":"https:\/\/mathies-antwerpen.com\/fr\/wp-json\/wp\/v2\/product"}],"about":[{"href":"https:\/\/mathies-antwerpen.com\/fr\/wp-json\/wp\/v2\/types\/product"}],"wp:featuredmedia":[{"embeddable":true,"href":"https:\/\/mathies-antwerpen.com\/fr\/wp-json\/wp\/v2\/media\/143257"}],"wp:attachment":[{"href":"https:\/\/mathies-antwerpen.com\/fr\/wp-json\/wp\/v2\/media?parent=143305"}],"wp:term":[{"taxonomy":"product_brand","embeddable":true,"href":"https:\/\/mathies-antwerpen.com\/fr\/wp-json\/wp\/v2\/product_brand?post=143305"},{"taxonomy":"product_cat","embeddable":true,"href":"https:\/\/mathies-antwerpen.com\/fr\/wp-json\/wp\/v2\/product_cat?post=143305"},{"taxonomy":"product_tag","embeddable":true,"href":"https:\/\/mathies-antwerpen.com\/fr\/wp-json\/wp\/v2\/product_tag?post=143305"}],"curies":[{"name":"wp","href":"https:\/\/api.w.org\/{rel}","templated":true}]}}