{"id":143394,"date":"2026-03-08T09:58:01","date_gmt":"2026-03-08T09:58:01","guid":{"rendered":"https:\/\/mathies-antwerpen.com\/?post_type=product&#038;p=143394"},"modified":"2026-03-08T10:02:32","modified_gmt":"2026-03-08T10:02:32","slug":"element-9s-bouton-module-sonar-chirp-navionics","status":"publish","type":"product","link":"https:\/\/mathies-antwerpen.com\/fr\/produit\/element-9s-bouton-module-sonar-chirp-navionics\/","title":{"rendered":"\u00c9l\u00e9ment 9S \/ bouton \/ module sonar CHIRP \/ Navionics+"},"content":{"rendered":"<p><strong>Raymarine<\/strong><br \/>\n<strong>\u00c9l\u00e9ment 9S \/ bouton \/ module sonar CHIRP \/ incl. carte blanche Navionics+ Large<\/strong><\/p>\n<p>\u00c9cran multifonction intelligent de 9&Prime; avec interface utilisateur conviviale, antenne GPS int\u00e9gr\u00e9e et module sonar CHIRP int\u00e9gr\u00e9. La livraison est effectu\u00e9e avec le module de carte marine NAVIONICS+ en blanc, sur lequel vous pouvez t\u00e9l\u00e9charger n\u2019importe quelle zone de navigation.<\/p>\n<p>Donn\u00e9es techniques<\/p>\n<p>Diagonale de l\u2019\u00e9cran<br \/>\n\u00ab9\u00bb<br \/>\n\u00c9cran tactile<br \/>\nNon-Touch<br \/>\nR\u00e9solution de l\u2019\u00e9cran<br \/>\n800 x 480<br \/>\nHelligket<br \/>\n1500 nits<br \/>\nR\u00e9seau et compatibilit\u00e9<br \/>\nGPS<br \/>\nR\u00e9cepteur GPS\/GNSS int\u00e9gr\u00e9<br \/>\nGPS\/GLONASS<br \/>\nSp\u00e9cifications de cartes marines<br \/>\nCartes marines prises en charge<br \/>\nRaymarine LightHouse NC2, Navionics, C-MAP Essentials, C-MAP 4D MAX+ et toutes les cartes list\u00e9es sur le Raymarine Chart Store.<br \/>\nWaypoints Routes<br \/>\n10\u00a0000 points de parcours \/ 200 points de parcours groupes \/ 250 itin\u00e9raires avec un maximum de 500 points de parcours \/ 15 pistes &#8211; 10\u00a0000 points de suivi par piste<\/p>\n<p>Autres sp\u00e9cifications<\/p>\n<p>NMEA2000<br \/>\nEntr\u00e9e de donn\u00e9es<br \/>\nDonn\u00e9es moteur, capteur de r\u00e9servoir, boussole, AIS, profondeur, vent et vitesse<br \/>\nSortie de donn\u00e9es<br \/>\nDonn\u00e9es GPS pour les radios, waypoints et itin\u00e9raires pour les pilotes automatiques<br \/>\nAutres interfaces<br \/>\nWi-fi<br \/>\nDimensions<br \/>\n287 x 161 x 62 mm<br \/>\nTension nominale<br \/>\n12 V DC (8 V &#8211; 16 V DC)<br \/>\nConsommation de courant<br \/>\n20 W<br \/>\n\u00c9tanch\u00e9it\u00e9<br \/>\nIPX6 et IPX7<br \/>\nTemp\u00e9rature de fonctionnement<br \/>\n&#8211; 25 \u00b0C \u00e0 + 55 \u00b0C<\/p>\n<p>Contenu de la livraison<\/p>\n<p>Affichage de l\u2019\u00e9l\u00e9ment<br \/>\nJoint de montage<br \/>\nCouverture solaire<br \/>\nVis de bordure<br \/>\nSupport de fer \u00e0 repasser<br \/>\nMat\u00e9riau de fixation<br \/>\nC\u00e2ble d\u2019alimentation et de donn\u00e9es<br \/>\nNAVIONICS+ Carte marine vierge Module microSD<\/p>\n","protected":false},"excerpt":{"rendered":"<p>Raymarine \u00c9l\u00e9ment 9S \/ bouton \/ module sonar CHIRP \/ incl. carte blanche Navionics+ Large \u00c9cran multifonction intelligent de 9&Prime; avec interface utilisateur conviviale, antenne GPS int\u00e9gr\u00e9e et module sonar CHIRP int\u00e9gr\u00e9. La livraison est effectu\u00e9e avec le module de carte marine NAVIONICS+ en blanc, sur lequel vous pouvez t\u00e9l\u00e9charger n\u2019importe quelle zone de navigation. [&hellip;]<\/p>\n","protected":false},"featured_media":143367,"template":"","meta":{"_glsr_average":0,"_glsr_ranking":0,"_glsr_reviews":0},"product_brand":[],"product_cat":[50],"product_tag":[],"class_list":{"0":"post-143394","1":"product","2":"type-product","3":"status-publish","4":"has-post-thumbnail","6":"product_cat-electronique-gps-navigation","8":"first","9":"instock","10":"taxable","11":"shipping-taxable","12":"purchasable","13":"product-type-simple"},"_links":{"self":[{"href":"https:\/\/mathies-antwerpen.com\/fr\/wp-json\/wp\/v2\/product\/143394","targetHints":{"allow":["GET"]}}],"collection":[{"href":"https:\/\/mathies-antwerpen.com\/fr\/wp-json\/wp\/v2\/product"}],"about":[{"href":"https:\/\/mathies-antwerpen.com\/fr\/wp-json\/wp\/v2\/types\/product"}],"wp:featuredmedia":[{"embeddable":true,"href":"https:\/\/mathies-antwerpen.com\/fr\/wp-json\/wp\/v2\/media\/143367"}],"wp:attachment":[{"href":"https:\/\/mathies-antwerpen.com\/fr\/wp-json\/wp\/v2\/media?parent=143394"}],"wp:term":[{"taxonomy":"product_brand","embeddable":true,"href":"https:\/\/mathies-antwerpen.com\/fr\/wp-json\/wp\/v2\/product_brand?post=143394"},{"taxonomy":"product_cat","embeddable":true,"href":"https:\/\/mathies-antwerpen.com\/fr\/wp-json\/wp\/v2\/product_cat?post=143394"},{"taxonomy":"product_tag","embeddable":true,"href":"https:\/\/mathies-antwerpen.com\/fr\/wp-json\/wp\/v2\/product_tag?post=143394"}],"curies":[{"name":"wp","href":"https:\/\/api.w.org\/{rel}","templated":true}]}}