{"id":143460,"date":"2026-03-08T10:49:01","date_gmt":"2026-03-08T10:49:01","guid":{"rendered":"https:\/\/mathies-antwerpen.com\/?post_type=product&#038;p=143460"},"modified":"2026-03-08T10:50:55","modified_gmt":"2026-03-08T10:50:55","slug":"afficheur-multifonction-element-9-hv-a-touches-avec-sonar-hypervision-chirp-sans-sonde","status":"publish","type":"product","link":"https:\/\/mathies-antwerpen.com\/fr\/produit\/afficheur-multifonction-element-9-hv-a-touches-avec-sonar-hypervision-chirp-sans-sonde\/","title":{"rendered":"Afficheur multifonction Element 9 HV \/ \u00e0 touches \/ avec sonar Hypervision chirp sans sonde"},"content":{"rendered":"<p><strong>RAYMARINE<\/strong><br \/>\n<strong>Afficheur multifonction Element 9 HV \/ \u00e0 touches \/ avec sonar Hypervision chirp sans sonde\/ Carte Lighthouse incluse<\/strong><\/p>\n<p>\u00c9cran smart multifonction 9&Prime; avec interface intuitive et antenne GPS int\u00e9gr\u00e9e. L\u2019\u00e9cran tactile a \u00e9t\u00e9 volontairement \u00e9cart\u00e9 : la commande classique par touches, associ\u00e9e \u00e0 l\u2019interface Raymarine LightHouse Sport, garantit une utilisation intuitive et pr\u00e9cise, m\u00eame \u00e0 grande vitesse et par mer form\u00e9e. Avec technologie sonar HyperVision int\u00e9gr\u00e9e pour une qualit\u00e9 d\u2019image exceptionnelle du monde sous-marin. Livr\u00e9 sans sonde (capteur).<\/p>\n<p>Garantie constructeur de 3 ans<br \/>\nLivraison gratuite dans le monde entier<br \/>\nMontage et installation disponibles sur demande<\/p>\n","protected":false},"excerpt":{"rendered":"<p>RAYMARINE Afficheur multifonction Element 9 HV \/ \u00e0 touches \/ avec sonar Hypervision chirp sans sonde\/ Carte Lighthouse incluse \u00c9cran smart multifonction 9&Prime; avec interface intuitive et antenne GPS int\u00e9gr\u00e9e. L\u2019\u00e9cran tactile a \u00e9t\u00e9 volontairement \u00e9cart\u00e9 : la commande classique par touches, associ\u00e9e \u00e0 l\u2019interface Raymarine LightHouse Sport, garantit une utilisation intuitive et pr\u00e9cise, m\u00eame [&hellip;]<\/p>\n","protected":false},"featured_media":143413,"template":"","meta":{"_glsr_average":0,"_glsr_ranking":0,"_glsr_reviews":0},"product_brand":[],"product_cat":[50],"product_tag":[],"class_list":{"0":"post-143460","1":"product","2":"type-product","3":"status-publish","4":"has-post-thumbnail","6":"product_cat-electronique-gps-navigation","8":"first","9":"instock","10":"taxable","11":"shipping-taxable","12":"purchasable","13":"product-type-simple"},"_links":{"self":[{"href":"https:\/\/mathies-antwerpen.com\/fr\/wp-json\/wp\/v2\/product\/143460","targetHints":{"allow":["GET"]}}],"collection":[{"href":"https:\/\/mathies-antwerpen.com\/fr\/wp-json\/wp\/v2\/product"}],"about":[{"href":"https:\/\/mathies-antwerpen.com\/fr\/wp-json\/wp\/v2\/types\/product"}],"wp:featuredmedia":[{"embeddable":true,"href":"https:\/\/mathies-antwerpen.com\/fr\/wp-json\/wp\/v2\/media\/143413"}],"wp:attachment":[{"href":"https:\/\/mathies-antwerpen.com\/fr\/wp-json\/wp\/v2\/media?parent=143460"}],"wp:term":[{"taxonomy":"product_brand","embeddable":true,"href":"https:\/\/mathies-antwerpen.com\/fr\/wp-json\/wp\/v2\/product_brand?post=143460"},{"taxonomy":"product_cat","embeddable":true,"href":"https:\/\/mathies-antwerpen.com\/fr\/wp-json\/wp\/v2\/product_cat?post=143460"},{"taxonomy":"product_tag","embeddable":true,"href":"https:\/\/mathies-antwerpen.com\/fr\/wp-json\/wp\/v2\/product_tag?post=143460"}],"curies":[{"name":"wp","href":"https:\/\/api.w.org\/{rel}","templated":true}]}}