{"id":143515,"date":"2026-03-08T14:45:45","date_gmt":"2026-03-08T14:45:45","guid":{"rendered":"https:\/\/mathies-antwerpen.com\/?post_type=product&#038;p=143515"},"modified":"2026-03-08T14:48:00","modified_gmt":"2026-03-08T14:48:00","slug":"afficheur-multifonction-element-9-hv-a-touches-avec-sonar-hypervision-chirp-et-sonde-hv-100","status":"publish","type":"product","link":"https:\/\/mathies-antwerpen.com\/fr\/produit\/afficheur-multifonction-element-9-hv-a-touches-avec-sonar-hypervision-chirp-et-sonde-hv-100\/","title":{"rendered":"Afficheur multifonction Element 9 HV \/ \u00e0 touches \/ avec sonar Hypervision Chirp et sonde HV-100"},"content":{"rendered":"<p><strong>RAYMARINE<\/strong><br \/>\n<strong>Afficheur multifonction Element 9 HV \/ \u00e0 touches \/ avec sonar Hypervision Chirp et sonde HV-100<\/strong><\/p>\n<p>\u00c9cran multifonction Smart 9&Prime; avec interface conviviale et antenne GPS int\u00e9gr\u00e9e. Un clavier classique et une interface LightHouse Sport de Raymarine facilitent l&rsquo;utilisation. La technologie sonar int\u00e9gr\u00e9e HyperVision offre une exceptionnelle qualit\u00e9 d&rsquo;image sous-marine et le processeur rapide QuadCore est parfaitement adapt\u00e9 \u00e0 la cartographie avec un rendu 3D continu. Transducteur HV-100 inclus.<\/p>\n<p><strong>Contenu de la livraison<\/strong><\/p>\n<p>Affichage des \u00e9l\u00e9ments<br \/>\nPo\u00e9sie pour montage en construction<br \/>\nCouverture solaire<br \/>\nVis \u00e0 cliquet (2x)<br \/>\nPackage de documentation<br \/>\nSupports de montage<br \/>\n\u00c9l\u00e9ments de fixation en acier inoxydable (4 vis M4x40, 4 rondelles M4, 4 contre-\u00e9crous M4)<br \/>\nC\u00e2ble de tension\/NMEA 2000 de 1,5 m et c\u00e2ble de tension de 0,5 m<br \/>\nSupport de miroir arri\u00e8re<br \/>\n3x 4,2 x 19 mm A4 vis de fixation en acier inoxydable<br \/>\nM5x10 &#8211; Vis \u00e0 six pans int\u00e9rieure<br \/>\nM5 rondelle de support<br \/>\nSupport du donneur<br \/>\nBeschlagpaltte<br \/>\n2 disques \u00e0 fente de r\u00e9glage<br \/>\nDonneur avec c\u00e2ble int\u00e9gr\u00e9<br \/>\n4x vis de fixation<br \/>\n3x colliers de c\u00e2bles<br \/>\n3x vis de fixation pour pinces de c\u00e2bles<br \/>\nPackage de documentation<br \/>\nVis \u00e0 six pans int\u00e9rieurs M6x70<br \/>\nM6-vis de fixation<br \/>\nM6 contre-\u00e9crou<\/p>\n<p>Garantie constructeur de 3 ans<br \/>\nLivraison gratuite dans le monde entier<br \/>\nMontage et installation disponibles sur demande<\/p>\n","protected":false},"excerpt":{"rendered":"<p>RAYMARINE Afficheur multifonction Element 9 HV \/ \u00e0 touches \/ avec sonar Hypervision Chirp et sonde HV-100 \u00c9cran multifonction Smart 9&Prime; avec interface conviviale et antenne GPS int\u00e9gr\u00e9e. Un clavier classique et une interface LightHouse Sport de Raymarine facilitent l&rsquo;utilisation. La technologie sonar int\u00e9gr\u00e9e HyperVision offre une exceptionnelle qualit\u00e9 d&rsquo;image sous-marine et le processeur rapide [&hellip;]<\/p>\n","protected":false},"featured_media":143472,"template":"","meta":{"_glsr_average":0,"_glsr_ranking":0,"_glsr_reviews":0},"product_brand":[],"product_cat":[50],"product_tag":[],"class_list":{"0":"post-143515","1":"product","2":"type-product","3":"status-publish","4":"has-post-thumbnail","6":"product_cat-electronique-gps-navigation","8":"first","9":"instock","10":"taxable","11":"shipping-taxable","12":"purchasable","13":"product-type-simple"},"_links":{"self":[{"href":"https:\/\/mathies-antwerpen.com\/fr\/wp-json\/wp\/v2\/product\/143515","targetHints":{"allow":["GET"]}}],"collection":[{"href":"https:\/\/mathies-antwerpen.com\/fr\/wp-json\/wp\/v2\/product"}],"about":[{"href":"https:\/\/mathies-antwerpen.com\/fr\/wp-json\/wp\/v2\/types\/product"}],"wp:featuredmedia":[{"embeddable":true,"href":"https:\/\/mathies-antwerpen.com\/fr\/wp-json\/wp\/v2\/media\/143472"}],"wp:attachment":[{"href":"https:\/\/mathies-antwerpen.com\/fr\/wp-json\/wp\/v2\/media?parent=143515"}],"wp:term":[{"taxonomy":"product_brand","embeddable":true,"href":"https:\/\/mathies-antwerpen.com\/fr\/wp-json\/wp\/v2\/product_brand?post=143515"},{"taxonomy":"product_cat","embeddable":true,"href":"https:\/\/mathies-antwerpen.com\/fr\/wp-json\/wp\/v2\/product_cat?post=143515"},{"taxonomy":"product_tag","embeddable":true,"href":"https:\/\/mathies-antwerpen.com\/fr\/wp-json\/wp\/v2\/product_tag?post=143515"}],"curies":[{"name":"wp","href":"https:\/\/api.w.org\/{rel}","templated":true}]}}