{"id":144000,"date":"2026-03-13T11:55:26","date_gmt":"2026-03-13T11:55:26","guid":{"rendered":"https:\/\/mathies-antwerpen.com\/?post_type=product&#038;p=144000"},"modified":"2026-03-13T11:57:50","modified_gmt":"2026-03-13T11:57:50","slug":"axiom-12-touch-avec-sondeur-integre-realvision-3d-et-transducteur-rv-100","status":"publish","type":"product","link":"https:\/\/mathies-antwerpen.com\/fr\/produit\/axiom-12-touch-avec-sondeur-integre-realvision-3d-et-transducteur-rv-100\/","title":{"rendered":"AXIOM+ 12 \/ Touch \/ avec sondeur int\u00e9gr\u00e9 RealVision 3D et transducteur RV-100"},"content":{"rendered":"<p><strong>RAYMARINE<\/strong><br \/>\n<strong>AXIOM+ 12 \/ Touch \/ avec sondeur int\u00e9gr\u00e9 RealVision 3D et transducteur RV-100<\/strong><\/p>\n<p>L&rsquo;\u00e9cran multifonction AXIOM+ est dot\u00e9 d&rsquo;un nouveau mode d&rsquo;affichage HydroTough\u2122 bien plus lumineux, comporte davantage de m\u00e9moire interne et int\u00e8gre un processeur quad-core bien plus rapide. Gr\u00e2ce au nouveau syst\u00e8me d&rsquo;exploitation LightHouse Dartmouth de Raymarine, vous pouvez s\u00e9lectionner diff\u00e9rentes couleurs qui vous faciliteront la lisibilit\u00e9 Jour\/Nuit et int\u00e9grer les LightHouse Charts de Raymarine.<\/p>\n<p>Garantie constructeur de 3 ans<br \/>\nLivraison gratuite dans le monde entier<br \/>\nMontage et installation disponibles sur demande<\/p>\n","protected":false},"excerpt":{"rendered":"<p>RAYMARINE AXIOM+ 12 \/ Touch \/ avec sondeur int\u00e9gr\u00e9 RealVision 3D et transducteur RV-100 L&rsquo;\u00e9cran multifonction AXIOM+ est dot\u00e9 d&rsquo;un nouveau mode d&rsquo;affichage HydroTough\u2122 bien plus lumineux, comporte davantage de m\u00e9moire interne et int\u00e8gre un processeur quad-core bien plus rapide. Gr\u00e2ce au nouveau syst\u00e8me d&rsquo;exploitation LightHouse Dartmouth de Raymarine, vous pouvez s\u00e9lectionner diff\u00e9rentes couleurs qui [&hellip;]<\/p>\n","protected":false},"featured_media":143945,"template":"","meta":{"_glsr_average":0,"_glsr_ranking":0,"_glsr_reviews":0},"product_brand":[],"product_cat":[50],"product_tag":[],"class_list":{"0":"post-144000","1":"product","2":"type-product","3":"status-publish","4":"has-post-thumbnail","6":"product_cat-electronique-gps-navigation","8":"first","9":"instock","10":"taxable","11":"shipping-taxable","12":"purchasable","13":"product-type-simple"},"_links":{"self":[{"href":"https:\/\/mathies-antwerpen.com\/fr\/wp-json\/wp\/v2\/product\/144000","targetHints":{"allow":["GET"]}}],"collection":[{"href":"https:\/\/mathies-antwerpen.com\/fr\/wp-json\/wp\/v2\/product"}],"about":[{"href":"https:\/\/mathies-antwerpen.com\/fr\/wp-json\/wp\/v2\/types\/product"}],"wp:featuredmedia":[{"embeddable":true,"href":"https:\/\/mathies-antwerpen.com\/fr\/wp-json\/wp\/v2\/media\/143945"}],"wp:attachment":[{"href":"https:\/\/mathies-antwerpen.com\/fr\/wp-json\/wp\/v2\/media?parent=144000"}],"wp:term":[{"taxonomy":"product_brand","embeddable":true,"href":"https:\/\/mathies-antwerpen.com\/fr\/wp-json\/wp\/v2\/product_brand?post=144000"},{"taxonomy":"product_cat","embeddable":true,"href":"https:\/\/mathies-antwerpen.com\/fr\/wp-json\/wp\/v2\/product_cat?post=144000"},{"taxonomy":"product_tag","embeddable":true,"href":"https:\/\/mathies-antwerpen.com\/fr\/wp-json\/wp\/v2\/product_tag?post=144000"}],"curies":[{"name":"wp","href":"https:\/\/api.w.org\/{rel}","templated":true}]}}