{"id":144078,"date":"2026-03-15T13:58:36","date_gmt":"2026-03-15T13:58:36","guid":{"rendered":"https:\/\/mathies-antwerpen.com\/?post_type=product&#038;p=144078"},"modified":"2026-03-15T14:02:26","modified_gmt":"2026-03-15T14:02:26","slug":"gilet-de-sauvetage-automatique-go-150-n-rouge","status":"publish","type":"product","link":"https:\/\/mathies-antwerpen.com\/fr\/produit\/gilet-de-sauvetage-automatique-go-150-n-rouge\/","title":{"rendered":"Gilet de sauvetage automatique GO \/ 150 N \/ Rouge"},"content":{"rendered":"<p>SEATEC<br \/>\n<strong>Gilet de sauvetage automatique GO \/ 150 N \/ rouge<\/strong><\/p>\n<p>Le gilet de sauvetage de Seatec dispose d&rsquo;un m\u00e9canisme de d\u00e9clenchement automatique et offre un confort de port \u00e9lev\u00e9.<\/p>\n<p>Les gilets de sauvetage automatiques SEATEC vous \u00e9quipent parfaitement si vous accordez une grande importance au confort et \u00e0 la s\u00e9curit\u00e9.<\/p>\n<p>Le d\u00e9clencheur automatique de la ceinture se d\u00e9clenche de mani\u00e8re fiable au contact de l&rsquo;eau. Le corps flottant en PU de couleur jaune signal se gonfle enti\u00e8rement automatiquement et est dot\u00e9 d&rsquo;une enveloppe de protection robuste. Le syst\u00e8me de ceinture stable avec ceinture int\u00e9gr\u00e9e \u00e0 la taille s&rsquo;adapte sans effort \u00e0 la forme de votre corps. De plus, les r\u00e9flecteurs de la veste augmentent la visibilit\u00e9, et donc votre s\u00e9curit\u00e9 sur l&rsquo;eau.<\/p>\n<p>Sur demande, nous int\u00e9grons de mani\u00e8re professionnelle un \u00e9metteur de d\u00e9tresse dans le gilet de sauvetage avant l&rsquo;exp\u00e9dition.<\/p>\n<p>P\u00e9riode d&rsquo;entretien tous les 2 ans.<\/p>\n<p>EAN<br \/>\n4056459412990<br \/>\nD\u00e9signation<br \/>\nSeatec &#8211; Rettungsweste GO \/ automatischer Ausl\u00f6ser<br \/>\nClasse de flottabilit\u00e9<br \/>\n150 N<br \/>\nFlottabilit\u00e9<br \/>\n150 N<br \/>\nTour de poitrine<br \/>\n55 &#8211; 145 cm<br \/>\nSous-cutale<br \/>\nNon<br \/>\nCapuche<br \/>\nNon<br \/>\nCol polaire<br \/>\nNon<br \/>\nLumi\u00e8re de secours<br \/>\nNon<br \/>\nFen\u00eatre d&rsquo;inspection<br \/>\nNon<br \/>\nSifflet<br \/>\nOui<br \/>\nHarnais \/ Ceinture \/ anneau<br \/>\nNon<br \/>\nLigne de survie<br \/>\nNon<br \/>\nVerrouillage automatique<br \/>\nNon<br \/>\nD\u00e9clenchement automatique<br \/>\nUML-Mk5<br \/>\nCartouche CO\u00b2<br \/>\n33 g<br \/>\nISO Norme<br \/>\nISO 12402-3<br \/>\nAjustable<br \/>\nStandard<br \/>\nTaille sp\u00e9ciale<br \/>\nNon<br \/>\nPour enfants<br \/>\nNon<br \/>\nMod\u00e8le du bateau<br \/>\nBateau \u00e0 moteur<br \/>\nFermeture<br \/>\nClips<br \/>\nintervalle de maintenance<br \/>\n2 ans<br \/>\nDomaine d\u2019utilisation<br \/>\nEaux int\u00e9rieures, C\u00f4tier, P\u00eache (c\u00f4ti\u00e8re)<br \/>\nCouleur<br \/>\nRouge<br \/>\nCouleur<br \/>\nJaune<br \/>\nEntretien<br \/>\nOui<br \/>\nCertification SOLAS<br \/>\nNon<br \/>\nBalise de d\u00e9tresse compatible<br \/>\nJOTRON SA-20 PLB, OCEAN SIGNAL PLB3, ACR ResQLink 400, ACR ResQLink 410 RLS, ACR ResQLink view 425, ACR ResQLink view RLS, OCEAN SIGNAL PLB1, OCEAN SIGNAL AIS-MOB2, WEATHERDOCK easy2-MOB<br \/>\nMat\u00e9riau<br \/>\nPolyester<\/p>\n<p>Conditionnement<br \/>\n1 pcs<\/p>\n","protected":false},"excerpt":{"rendered":"<p>SEATEC Gilet de sauvetage automatique GO \/ 150 N \/ rouge Le gilet de sauvetage de Seatec dispose d&rsquo;un m\u00e9canisme de d\u00e9clenchement automatique et offre un confort de port \u00e9lev\u00e9. Les gilets de sauvetage automatiques SEATEC vous \u00e9quipent parfaitement si vous accordez une grande importance au confort et \u00e0 la s\u00e9curit\u00e9. Le d\u00e9clencheur automatique de [&hellip;]<\/p>\n","protected":false},"featured_media":144043,"template":"","meta":{"_glsr_average":0,"_glsr_ranking":0,"_glsr_reviews":0},"product_brand":[],"product_cat":[54],"product_tag":[],"class_list":{"0":"post-144078","1":"product","2":"type-product","3":"status-publish","4":"has-post-thumbnail","6":"product_cat-gilets-de-sauvetage","8":"first","9":"instock","10":"taxable","11":"shipping-taxable","12":"purchasable","13":"product-type-simple"},"_links":{"self":[{"href":"https:\/\/mathies-antwerpen.com\/fr\/wp-json\/wp\/v2\/product\/144078","targetHints":{"allow":["GET"]}}],"collection":[{"href":"https:\/\/mathies-antwerpen.com\/fr\/wp-json\/wp\/v2\/product"}],"about":[{"href":"https:\/\/mathies-antwerpen.com\/fr\/wp-json\/wp\/v2\/types\/product"}],"wp:featuredmedia":[{"embeddable":true,"href":"https:\/\/mathies-antwerpen.com\/fr\/wp-json\/wp\/v2\/media\/144043"}],"wp:attachment":[{"href":"https:\/\/mathies-antwerpen.com\/fr\/wp-json\/wp\/v2\/media?parent=144078"}],"wp:term":[{"taxonomy":"product_brand","embeddable":true,"href":"https:\/\/mathies-antwerpen.com\/fr\/wp-json\/wp\/v2\/product_brand?post=144078"},{"taxonomy":"product_cat","embeddable":true,"href":"https:\/\/mathies-antwerpen.com\/fr\/wp-json\/wp\/v2\/product_cat?post=144078"},{"taxonomy":"product_tag","embeddable":true,"href":"https:\/\/mathies-antwerpen.com\/fr\/wp-json\/wp\/v2\/product_tag?post=144078"}],"curies":[{"name":"wp","href":"https:\/\/api.w.org\/{rel}","templated":true}]}}