{"id":144187,"date":"2026-03-15T16:39:24","date_gmt":"2026-03-15T16:39:24","guid":{"rendered":"https:\/\/mathies-antwerpen.com\/?post_type=product&#038;p=144187"},"modified":"2026-03-15T16:42:03","modified_gmt":"2026-03-15T16:42:03","slug":"gilet-de-sauvetage-classic-165-rouge-165-n-longe-de-harnais-incluse","status":"publish","type":"product","link":"https:\/\/mathies-antwerpen.com\/fr\/produit\/gilet-de-sauvetage-classic-165-rouge-165-n-longe-de-harnais-incluse\/","title":{"rendered":"Gilet de sauvetage CLASSIC 165 \/ Rouge \/ 165 N \/ longe de harnais incluse"},"content":{"rendered":"<p><strong>SEATEC<\/strong><br \/>\n<strong>Gilet de sauvetage CLASSIC 165 \/ Rouge \/ 165 N \/ longe de harnais incluse<\/strong><\/p>\n<p>Le bon prix sans compromis ! Ce pack comprend un gilet et une longe de harnais.<\/p>\n<p>Abordable, mais sans compromis \u2013 Le gilet de sauvetage automatique SEATEC CLASSIC 165 est un compagnon fiable pour toutes vos sorties en mer. Avec une flottabilit\u00e9 de 165 N et conforme \u00e0 la norme ISO 12402-3, il offre une protection maximale sur l\u2019eau. Gr\u00e2ce \u00e0 son syst\u00e8me de gonflage automatique (avec option de d\u00e9clenchement manuel), le gilet reste efficace m\u00eame en cas de perte de connaissance, assurant une remont\u00e9e stable et s\u00e9curis\u00e9e \u00e0 la surface. La chambre de flottabilit\u00e9 jaune vif en polyur\u00e9thane (PU) est robuste, prot\u00e9g\u00e9e par une housse r\u00e9sistante et \u00e9quip\u00e9e de bandes r\u00e9fl\u00e9chissantes pour une visibilit\u00e9 optimale. Le syst\u00e8me de sangles solide int\u00e8gre un harnais avec anneau en D textile, permettant la fixation d\u2019une ligne de vie, tout en conservant un poids l\u00e9ger et confortable. Parmi les autres caract\u00e9ristiques : un sifflet de signalisation, un syst\u00e8me de d\u00e9clenchement UML MK5 fiable avec indicateurs de s\u00e9curit\u00e9, ainsi qu\u2019un design ergonomique et des sangles r\u00e9glables garantissant une tenue parfaite sans g\u00eaner les mouvements. Fabriqu\u00e9 \u00e0 partir de mat\u00e9riaux durables et r\u00e9sistants, le gilet SEATEC CLASSIC 165 est con\u00e7u pour supporter les UV, l\u2019usure et un contact prolong\u00e9 avec l\u2019eau, assurant s\u00e9curit\u00e9, confort et long\u00e9vit\u00e9.<\/p>\n<p>P\u00e9riode d&rsquo;entretien tous les 2 ans.<\/p>\n<p>D\u00e9signation<br \/>\nCLASSIC 165 + longe de vie<br \/>\nClasse de flottabilit\u00e9<br \/>\n150 N<br \/>\nFlottabilit\u00e9<br \/>\n165 N<br \/>\nTour de poitrine<br \/>\n55 &#8211; 145 cm<br \/>\nSous-cutale<br \/>\nOui<br \/>\nCapuche<br \/>\nNon<br \/>\nCol polaire<br \/>\nNon<br \/>\nLumi\u00e8re de secours<br \/>\nNon<br \/>\nFen\u00eatre d&rsquo;inspection<br \/>\nNon<br \/>\nSifflet<br \/>\nOui<br \/>\nHarnais \/ Ceinture \/ anneau<br \/>\nOui<br \/>\nLigne de survie<br \/>\nOui<br \/>\nVerrouillage automatique<br \/>\nNon<br \/>\nD\u00e9clenchement automatique<br \/>\nUML-Mk5<br \/>\nCartouche CO\u00b2<br \/>\n33 g<br \/>\nISO Norme<br \/>\nISO 12402-3<br \/>\nAjustable<br \/>\nStandard<br \/>\nTaille sp\u00e9ciale<br \/>\nNon<br \/>\nPour enfants<br \/>\nNon<br \/>\nMod\u00e8le du bateau<br \/>\nVoilier<br \/>\nFermeture<br \/>\nBoucle \u00e0 clipser<br \/>\nintervalle de maintenance<br \/>\n2 ans<br \/>\nDomaine d\u2019utilisation<br \/>\nEaux int\u00e9rieures, C\u00f4tier, P\u00eache (c\u00f4ti\u00e8re)<br \/>\nCouleur<br \/>\nRouge<br \/>\nCouleur<br \/>\nJaune<br \/>\nEntretien<br \/>\nOui<br \/>\nCertification SOLAS<br \/>\nNon<br \/>\nBalise de d\u00e9tresse compatible<br \/>\nJOTRON SA-20 PLB, OCEAN SIGNAL PLB3, ACR ResQLink 400, ACR ResQLink 410 RLS, ACR ResQLink view 425, ACR ResQLink view RLS, OCEAN SIGNAL PLB1, OCEAN SIGNAL AIS-MOB2, WEATHERDOCK easy2-MOB<br \/>\nMat\u00e9riau<br \/>\nPolyester<\/p>\n<p>Conditionnement<br \/>\n1 pcs<\/p>\n","protected":false},"excerpt":{"rendered":"<p>SEATEC Gilet de sauvetage CLASSIC 165 \/ Rouge \/ 165 N \/ longe de harnais incluse Le bon prix sans compromis ! Ce pack comprend un gilet et une longe de harnais. Abordable, mais sans compromis \u2013 Le gilet de sauvetage automatique SEATEC CLASSIC 165 est un compagnon fiable pour toutes vos sorties en mer. [&hellip;]<\/p>\n","protected":false},"featured_media":144168,"template":"","meta":{"_glsr_average":0,"_glsr_ranking":0,"_glsr_reviews":0},"product_brand":[],"product_cat":[54],"product_tag":[],"class_list":{"0":"post-144187","1":"product","2":"type-product","3":"status-publish","4":"has-post-thumbnail","6":"product_cat-gilets-de-sauvetage","8":"first","9":"instock","10":"taxable","11":"shipping-taxable","12":"purchasable","13":"product-type-simple"},"_links":{"self":[{"href":"https:\/\/mathies-antwerpen.com\/fr\/wp-json\/wp\/v2\/product\/144187","targetHints":{"allow":["GET"]}}],"collection":[{"href":"https:\/\/mathies-antwerpen.com\/fr\/wp-json\/wp\/v2\/product"}],"about":[{"href":"https:\/\/mathies-antwerpen.com\/fr\/wp-json\/wp\/v2\/types\/product"}],"wp:featuredmedia":[{"embeddable":true,"href":"https:\/\/mathies-antwerpen.com\/fr\/wp-json\/wp\/v2\/media\/144168"}],"wp:attachment":[{"href":"https:\/\/mathies-antwerpen.com\/fr\/wp-json\/wp\/v2\/media?parent=144187"}],"wp:term":[{"taxonomy":"product_brand","embeddable":true,"href":"https:\/\/mathies-antwerpen.com\/fr\/wp-json\/wp\/v2\/product_brand?post=144187"},{"taxonomy":"product_cat","embeddable":true,"href":"https:\/\/mathies-antwerpen.com\/fr\/wp-json\/wp\/v2\/product_cat?post=144187"},{"taxonomy":"product_tag","embeddable":true,"href":"https:\/\/mathies-antwerpen.com\/fr\/wp-json\/wp\/v2\/product_tag?post=144187"}],"curies":[{"name":"wp","href":"https:\/\/api.w.org\/{rel}","templated":true}]}}