{"id":144633,"date":"2026-03-29T13:01:07","date_gmt":"2026-03-29T13:01:07","guid":{"rendered":"https:\/\/mathies-antwerpen.com\/?post_type=product&#038;p=144633"},"modified":"2026-03-29T13:20:09","modified_gmt":"2026-03-29T13:20:09","slug":"plb3-rescueme-avec-ais-et-rls","status":"publish","type":"product","link":"https:\/\/mathies-antwerpen.com\/fr\/produit\/plb3-rescueme-avec-ais-et-rls\/","title":{"rendered":"PLB3 RescueME \/ avec AIS et RLS"},"content":{"rendered":"<p><strong>OCEAN SIGNAL<\/strong><br \/>\n<strong>PLB3 RescueME \/ avec fonctions AIS et RLS<\/strong><\/p>\n<p>La balise de localisation personnelle PLB3 d&rsquo;Ocean Signal permet d&rsquo;\u00e9mettre des signaux de d\u00e9tresse en 406 MHz, 121,5 MHz et AIS \u00e0 l&rsquo;aide d&rsquo;un unique appareil. En associant ces diff\u00e9rentes technologies pour effectuer des appels d&rsquo;urgence, les chances d&rsquo;un sauvetage rapide augmentent significativement. Gr\u00e2ce \u00e0 la connexion sans fil NFC, vous pouvez acc\u00e9der \u00e0 l&rsquo;historique des activit\u00e9s, aux informations de programmation et au statut de la batterie de la PLB3 en utilisant une application.<\/p>\n<p>&nbsp;<\/p>\n<p><b>Remarque sur la programmation :<\/b><\/p>\n<p>Avant exp\u00e9dition, cette PLB doit \u00eatre programm\u00e9e avec vos donn\u00e9es personnelles. Sans cette programmation pr\u00e9alable, l&rsquo;appareil n&rsquo;est pas fonctionnel.<\/p>\n<p><span class=\"txt_red\"><b>La programmation des donn\u00e9es ne peut \u00eatre effectu\u00e9e que par notre service technique. Elle ne peut pas \u00eatre r\u00e9alis\u00e9e par vos propres moyens.<\/b><\/span><\/p>\n<p>Par d\u00e9faut, nous programmons les PLB de mani\u00e8re \u00e0 ce qu\u2019elles puissent \u00eatre utilis\u00e9es comme EPIRB, c\u2019est-\u00e0-dire qu\u2019elles sont enregistr\u00e9es au nom d\u2019un bateau, et non d\u2019une personne. Pour cela, nous avons besoin de certaines informations personelles, telles le num\u00e9ro MMSI, le nom du bateau, l\u2019indicatif d\u2019appel et le pays dans lequel vous souhaitez enregistrer votre PLB.<\/p>\n<p>Veuillez ajouter la programmation mentionn\u00e9e ci-dessus en cons\u00e9quence et compl\u00e9ter int\u00e9gralement le formulaire.<\/p>\n<p>Si vous avez besoin d\u2019une programmation pour une personne sp\u00e9cifique, nous pouvons \u00e9galement le faire pour vous.<\/p>\n<p><strong>L\u2019enregistrement de l\u2019appareil avec le code pays correspondant doit, en tout cas, \u00eatre effectu\u00e9 par nos soins.<\/strong><\/p>\n","protected":false},"excerpt":{"rendered":"<p>OCEAN SIGNAL PLB3 RescueME \/ avec fonctions AIS et RLS La balise de localisation personnelle PLB3 d&rsquo;Ocean Signal permet d&rsquo;\u00e9mettre des signaux de d\u00e9tresse en 406 MHz, 121,5 MHz et AIS \u00e0 l&rsquo;aide d&rsquo;un unique appareil. En associant ces diff\u00e9rentes technologies pour effectuer des appels d&rsquo;urgence, les chances d&rsquo;un sauvetage rapide augmentent significativement. Gr\u00e2ce \u00e0 [&hellip;]<\/p>\n","protected":false},"featured_media":144582,"template":"","meta":{"_glsr_average":0,"_glsr_ranking":0,"_glsr_reviews":0},"product_brand":[],"product_cat":[192],"product_tag":[],"class_list":{"0":"post-144633","1":"product","2":"type-product","3":"status-publish","4":"has-post-thumbnail","6":"product_cat-emetteur-de-detresse-en-mer","8":"first","9":"instock","10":"taxable","11":"shipping-taxable","12":"purchasable","13":"product-type-simple"},"_links":{"self":[{"href":"https:\/\/mathies-antwerpen.com\/fr\/wp-json\/wp\/v2\/product\/144633","targetHints":{"allow":["GET"]}}],"collection":[{"href":"https:\/\/mathies-antwerpen.com\/fr\/wp-json\/wp\/v2\/product"}],"about":[{"href":"https:\/\/mathies-antwerpen.com\/fr\/wp-json\/wp\/v2\/types\/product"}],"wp:featuredmedia":[{"embeddable":true,"href":"https:\/\/mathies-antwerpen.com\/fr\/wp-json\/wp\/v2\/media\/144582"}],"wp:attachment":[{"href":"https:\/\/mathies-antwerpen.com\/fr\/wp-json\/wp\/v2\/media?parent=144633"}],"wp:term":[{"taxonomy":"product_brand","embeddable":true,"href":"https:\/\/mathies-antwerpen.com\/fr\/wp-json\/wp\/v2\/product_brand?post=144633"},{"taxonomy":"product_cat","embeddable":true,"href":"https:\/\/mathies-antwerpen.com\/fr\/wp-json\/wp\/v2\/product_cat?post=144633"},{"taxonomy":"product_tag","embeddable":true,"href":"https:\/\/mathies-antwerpen.com\/fr\/wp-json\/wp\/v2\/product_tag?post=144633"}],"curies":[{"name":"wp","href":"https:\/\/api.w.org\/{rel}","templated":true}]}}