{"id":144696,"date":"2026-03-29T14:17:24","date_gmt":"2026-03-29T14:17:24","guid":{"rendered":"https:\/\/mathies-antwerpen.com\/?post_type=product&#038;p=144696"},"modified":"2026-03-29T14:19:43","modified_gmt":"2026-03-29T14:19:43","slug":"balise-de-detresse-ais-mob2-classe-m","status":"publish","type":"product","link":"https:\/\/mathies-antwerpen.com\/fr\/produit\/balise-de-detresse-ais-mob2-classe-m\/","title":{"rendered":"Balise de d\u00e9tresse AIS-MOB2 \/ classe M"},"content":{"rendered":"<p><strong>OCEAN SIGNAL<\/strong><br \/>\n<strong>Balise de d\u00e9tresse AIS-MOB2 \/ classe M<\/strong><\/p>\n<p>Lancez rapidement l&rsquo;alerte \u00e0 destination de votre \u00e9quipage et des vaisseaux environnants en cas de personne \u00e0 la mer (MOB). M\u00eame par mer calme, une personne pass\u00e9e par-dessus bord peut se retrouver hors de vue avec une effrayante rapidit\u00e9. La balise d&rsquo;Ocean Signal recueME MOB2 allie la technologie d&rsquo;urgence de l&rsquo;AIS et de la VHF-ASN gr\u00e2ce \u00e0 la plus r\u00e9cente \u00e9volution des AIS classe M \u00e0 destination du march\u00e9 maritime.<\/p>\n<p>Fonction AIS<br \/>\nFonction ASN (\u00e9mission et r\u00e9ception)<br \/>\nConformit\u00e9 Classe M (directive UE ECC\/DEC\/(22)02)<br \/>\nDouble feu stroboscopique infrarouge et blanc<br \/>\nEmplacement rapide gr\u00e2ce au GPS 66 canaux et au r\u00e9cepteur Galileo<br \/>\nSe fixe facilement \u00e0 l&#8217;embout de gonflage du gilet de sauvetage<br \/>\nActivation automatique lors du d\u00e9clenchement du gilet de sauvetage<br \/>\nJusqu&rsquo;\u00e0 50% plus petit que d&rsquo;autre \u00e9metteur AIS d&rsquo;urgence<br \/>\nDur\u00e9e de vie de la batterie : 5 ans<br \/>\nAutonomie en transmission : 24 heures (\u00e0 -20\u00b0C)<br \/>\nInterface NFC int\u00e9gr\u00e9e pour utilisation de l&rsquo;application mobile d&rsquo;Ocean Signal (iOS et Android)<\/p>\n<p><strong>Remarque sur la programmation :<\/strong><\/p>\n<p>Les balises AIS MOB sont pr\u00e9d\u00e9finies en usine avec une MMSI g\u00e9n\u00e9r\u00e9e \u00e0 partir de leur num\u00e9ro de s\u00e9rie. Elles ne n\u00e9cessitent donc aucune programmation suppl\u00e9mentaire de notre part avant exp\u00e9dition.<\/p>\n<p>Si votre mod\u00e8le est \u00e9quip\u00e9 d\u2019une fonction DSC, vous avez la possibilit\u00e9 de programmer vous-m\u00eame les num\u00e9ros MMSI directement dans l&rsquo;appareil.<\/p>\n","protected":false},"excerpt":{"rendered":"<p>OCEAN SIGNAL Balise de d\u00e9tresse AIS-MOB2 \/ classe M Lancez rapidement l&rsquo;alerte \u00e0 destination de votre \u00e9quipage et des vaisseaux environnants en cas de personne \u00e0 la mer (MOB). M\u00eame par mer calme, une personne pass\u00e9e par-dessus bord peut se retrouver hors de vue avec une effrayante rapidit\u00e9. La balise d&rsquo;Ocean Signal recueME MOB2 allie [&hellip;]<\/p>\n","protected":false},"featured_media":144649,"template":"","meta":{"_glsr_average":0,"_glsr_ranking":0,"_glsr_reviews":0},"product_brand":[],"product_cat":[192],"product_tag":[],"class_list":{"0":"post-144696","1":"product","2":"type-product","3":"status-publish","4":"has-post-thumbnail","6":"product_cat-emetteur-de-detresse-en-mer","8":"first","9":"instock","10":"taxable","11":"shipping-taxable","12":"purchasable","13":"product-type-simple"},"_links":{"self":[{"href":"https:\/\/mathies-antwerpen.com\/fr\/wp-json\/wp\/v2\/product\/144696","targetHints":{"allow":["GET"]}}],"collection":[{"href":"https:\/\/mathies-antwerpen.com\/fr\/wp-json\/wp\/v2\/product"}],"about":[{"href":"https:\/\/mathies-antwerpen.com\/fr\/wp-json\/wp\/v2\/types\/product"}],"wp:featuredmedia":[{"embeddable":true,"href":"https:\/\/mathies-antwerpen.com\/fr\/wp-json\/wp\/v2\/media\/144649"}],"wp:attachment":[{"href":"https:\/\/mathies-antwerpen.com\/fr\/wp-json\/wp\/v2\/media?parent=144696"}],"wp:term":[{"taxonomy":"product_brand","embeddable":true,"href":"https:\/\/mathies-antwerpen.com\/fr\/wp-json\/wp\/v2\/product_brand?post=144696"},{"taxonomy":"product_cat","embeddable":true,"href":"https:\/\/mathies-antwerpen.com\/fr\/wp-json\/wp\/v2\/product_cat?post=144696"},{"taxonomy":"product_tag","embeddable":true,"href":"https:\/\/mathies-antwerpen.com\/fr\/wp-json\/wp\/v2\/product_tag?post=144696"}],"curies":[{"name":"wp","href":"https:\/\/api.w.org\/{rel}","templated":true}]}}