{"id":144751,"date":"2026-03-29T15:04:05","date_gmt":"2026-03-29T15:04:05","guid":{"rendered":"https:\/\/mathies-antwerpen.com\/?post_type=product&#038;p=144751"},"modified":"2026-03-29T15:06:10","modified_gmt":"2026-03-29T15:06:10","slug":"balise-de-detresse-epirb1","status":"publish","type":"product","link":"https:\/\/mathies-antwerpen.com\/fr\/produit\/balise-de-detresse-epirb1\/","title":{"rendered":"Balise de d\u00e9tresse EPIRB1"},"content":{"rendered":"<p><strong>OCEAN SIGNAL<\/strong><br \/>\n<strong>Balise de d\u00e9tresse EPIRB1<\/strong><\/p>\n<p>Le rescue ME EPIRB1 offre la tranquillit\u00e9 d&rsquo;esprit et une dur\u00e9e de vie de batterie impressionnante de 10 ans. RLS le plus compact au monde, il peut toujours \u00eatre tenu en main et sa petite taille lui permet d&rsquo;\u00eatre facilement conserv\u00e9 dans son support, d\u00e9gag\u00e9 rapidement et plac\u00e9 dans un fourre-tout d&rsquo;urgence ou un radeau de sauvetage.<\/p>\n<p><strong>Remarque sur la programmation :<\/strong><\/p>\n<p>Cette balise EPIRB doit \u00eatre programm\u00e9e avant exp\u00e9dition avec vos donn\u00e9es personnelles, incluant au minimum le num\u00e9ro MMSI, le nom du bateau ainsi que l\u2019indicatif d\u2019appel. Sans cette programmation pr\u00e9alable, l\u2019appareil n\u2019est pas fonctionnel.<\/p>\n<p>La programmation des donn\u00e9es ne peut \u00eatre effectu\u00e9e que par notre service technique. Elle ne peut pas \u00eatre r\u00e9alis\u00e9e par vos propres moyens.<\/p>\n<p>Veuillez ajouter la programmation mentionn\u00e9e ci-dessus en cons\u00e9quence et compl\u00e9ter int\u00e9gralement le formulaire.<\/p>\n","protected":false},"excerpt":{"rendered":"<p>OCEAN SIGNAL Balise de d\u00e9tresse EPIRB1 Le rescue ME EPIRB1 offre la tranquillit\u00e9 d&rsquo;esprit et une dur\u00e9e de vie de batterie impressionnante de 10 ans. RLS le plus compact au monde, il peut toujours \u00eatre tenu en main et sa petite taille lui permet d&rsquo;\u00eatre facilement conserv\u00e9 dans son support, d\u00e9gag\u00e9 rapidement et plac\u00e9 dans [&hellip;]<\/p>\n","protected":false},"featured_media":144704,"template":"","meta":{"_glsr_average":0,"_glsr_ranking":0,"_glsr_reviews":0},"product_brand":[],"product_cat":[192],"product_tag":[],"class_list":{"0":"post-144751","1":"product","2":"type-product","3":"status-publish","4":"has-post-thumbnail","6":"product_cat-emetteur-de-detresse-en-mer","8":"first","9":"instock","10":"taxable","11":"shipping-taxable","12":"purchasable","13":"product-type-simple"},"_links":{"self":[{"href":"https:\/\/mathies-antwerpen.com\/fr\/wp-json\/wp\/v2\/product\/144751","targetHints":{"allow":["GET"]}}],"collection":[{"href":"https:\/\/mathies-antwerpen.com\/fr\/wp-json\/wp\/v2\/product"}],"about":[{"href":"https:\/\/mathies-antwerpen.com\/fr\/wp-json\/wp\/v2\/types\/product"}],"wp:featuredmedia":[{"embeddable":true,"href":"https:\/\/mathies-antwerpen.com\/fr\/wp-json\/wp\/v2\/media\/144704"}],"wp:attachment":[{"href":"https:\/\/mathies-antwerpen.com\/fr\/wp-json\/wp\/v2\/media?parent=144751"}],"wp:term":[{"taxonomy":"product_brand","embeddable":true,"href":"https:\/\/mathies-antwerpen.com\/fr\/wp-json\/wp\/v2\/product_brand?post=144751"},{"taxonomy":"product_cat","embeddable":true,"href":"https:\/\/mathies-antwerpen.com\/fr\/wp-json\/wp\/v2\/product_cat?post=144751"},{"taxonomy":"product_tag","embeddable":true,"href":"https:\/\/mathies-antwerpen.com\/fr\/wp-json\/wp\/v2\/product_tag?post=144751"}],"curies":[{"name":"wp","href":"https:\/\/api.w.org\/{rel}","templated":true}]}}