{"id":144814,"date":"2026-03-29T15:41:22","date_gmt":"2026-03-29T15:41:22","guid":{"rendered":"https:\/\/mathies-antwerpen.com\/?post_type=product&#038;p=144814"},"modified":"2026-03-29T15:43:32","modified_gmt":"2026-03-29T15:43:32","slug":"epirb3-rescueme-avec-ais-et-rls","status":"publish","type":"product","link":"https:\/\/mathies-antwerpen.com\/fr\/produit\/epirb3-rescueme-avec-ais-et-rls\/","title":{"rendered":"EPIRB3 RescueME \/ avec AIS et RLS"},"content":{"rendered":"<p><strong>OCEAN SIGNAL<\/strong><br \/>\n<strong>EPIRB3 RescueME \/ avec fonctions AIS et RLS<\/strong><\/p>\n<p>La nouvelle balise de d\u00e9tresse EPIRB3 d&rsquo;Ocean Signal offre la possibilit\u00e9 d&rsquo;envoyer des messages en 406 MHz, 121,5 MHz et AIS, avec une taille r\u00e9duite de 30% par rapport \u00e0 sa pr\u00e9d\u00e9cesseure, l&rsquo;EPIRB1. En associant ces diff\u00e9rentes technologies pour effectuer des appels d&rsquo;urgence, les chances d&rsquo;un sauvetage rapide augmentent significativement. Gr\u00e2ce \u00e0 la connexion sans fil NFC, vous pouvez acc\u00e9der \u00e0 l&rsquo;historique des activit\u00e9s et aux informations de programmation relatives au statut de la batterie de la PLB3 en utilisant une application.<\/p>\n<p><strong>Remarque sur la programmation :<\/strong><\/p>\n<p>Cette balise EPIRB doit \u00eatre programm\u00e9e avant exp\u00e9dition avec vos donn\u00e9es personnelles, incluant au minimum le num\u00e9ro MMSI, le nom du bateau ainsi que l\u2019indicatif d\u2019appel. Sans cette programmation pr\u00e9alable, l\u2019appareil n\u2019est pas fonctionnel.<\/p>\n<p>La programmation des donn\u00e9es ne peut \u00eatre effectu\u00e9e que par notre service technique. Elle ne peut pas \u00eatre r\u00e9alis\u00e9e par vos propres moyens.<\/p>\n<p>Veuillez ajouter la programmation mentionn\u00e9e ci-dessus en cons\u00e9quence et compl\u00e9ter int\u00e9gralement le formulaire.<\/p>\n","protected":false},"excerpt":{"rendered":"<p>OCEAN SIGNAL EPIRB3 RescueME \/ avec fonctions AIS et RLS La nouvelle balise de d\u00e9tresse EPIRB3 d&rsquo;Ocean Signal offre la possibilit\u00e9 d&rsquo;envoyer des messages en 406 MHz, 121,5 MHz et AIS, avec une taille r\u00e9duite de 30% par rapport \u00e0 sa pr\u00e9d\u00e9cesseure, l&rsquo;EPIRB1. En associant ces diff\u00e9rentes technologies pour effectuer des appels d&rsquo;urgence, les chances [&hellip;]<\/p>\n","protected":false},"featured_media":144771,"template":"","meta":{"_glsr_average":0,"_glsr_ranking":0,"_glsr_reviews":0},"product_brand":[],"product_cat":[192],"product_tag":[],"class_list":{"0":"post-144814","1":"product","2":"type-product","3":"status-publish","4":"has-post-thumbnail","6":"product_cat-emetteur-de-detresse-en-mer","8":"first","9":"instock","10":"taxable","11":"shipping-taxable","12":"purchasable","13":"product-type-simple"},"_links":{"self":[{"href":"https:\/\/mathies-antwerpen.com\/fr\/wp-json\/wp\/v2\/product\/144814","targetHints":{"allow":["GET"]}}],"collection":[{"href":"https:\/\/mathies-antwerpen.com\/fr\/wp-json\/wp\/v2\/product"}],"about":[{"href":"https:\/\/mathies-antwerpen.com\/fr\/wp-json\/wp\/v2\/types\/product"}],"wp:featuredmedia":[{"embeddable":true,"href":"https:\/\/mathies-antwerpen.com\/fr\/wp-json\/wp\/v2\/media\/144771"}],"wp:attachment":[{"href":"https:\/\/mathies-antwerpen.com\/fr\/wp-json\/wp\/v2\/media?parent=144814"}],"wp:term":[{"taxonomy":"product_brand","embeddable":true,"href":"https:\/\/mathies-antwerpen.com\/fr\/wp-json\/wp\/v2\/product_brand?post=144814"},{"taxonomy":"product_cat","embeddable":true,"href":"https:\/\/mathies-antwerpen.com\/fr\/wp-json\/wp\/v2\/product_cat?post=144814"},{"taxonomy":"product_tag","embeddable":true,"href":"https:\/\/mathies-antwerpen.com\/fr\/wp-json\/wp\/v2\/product_tag?post=144814"}],"curies":[{"name":"wp","href":"https:\/\/api.w.org\/{rel}","templated":true}]}}