{"id":11081,"date":"2025-10-28T21:30:04","date_gmt":"2025-10-28T21:30:04","guid":{"rendered":"https:\/\/storempss.com\/?page_id=11081"},"modified":"2025-10-28T21:30:04","modified_gmt":"2025-10-28T21:30:04","slug":"hseq-it","status":"publish","type":"page","link":"https:\/\/mathies-antwerpen.com\/it\/hseq-it\/","title":{"rendered":"HSEQ"},"content":{"rendered":"<div  class='hr av-4xy0tn-33b2dfeb306c27acedb8269b5d62c8b0 hr-default  avia-builder-el-0  el_before_av_heading  avia-builder-el-first '><span class='hr-inner '><span class=\"hr-inner-style\"><\/span><\/span><\/div>\n\n<style type=\"text\/css\" data-created_by=\"avia_inline_auto\" id=\"style-css-av-lvqa4oui-454d25adb094830722c76e91287d09a6\">\n#top .av-special-heading.av-lvqa4oui-454d25adb094830722c76e91287d09a6{\npadding-bottom:10px;\n}\nbody .av-special-heading.av-lvqa4oui-454d25adb094830722c76e91287d09a6 .av-special-heading-tag .heading-char{\nfont-size:25px;\n}\n.av-special-heading.av-lvqa4oui-454d25adb094830722c76e91287d09a6 .av-subheading{\nfont-size:15px;\n}\n<\/style>\n<div  class='av-special-heading av-lvqa4oui-454d25adb094830722c76e91287d09a6 av-special-heading-h3  avia-builder-el-1  el_after_av_hr  el_before_av_hr '><h3 class='av-special-heading-tag '  itemprop=\"headline\"  >HSEQ<\/h3><div class=\"special-heading-border\"><div class=\"special-heading-inner-border\"><\/div><\/div><\/div>\n<div  class='hr av-v2d7-30b8854d1593cc1defb35be30fb3e0ae hr-default  avia-builder-el-2  el_after_av_heading  el_before_av_textblock '><span class='hr-inner '><span class=\"hr-inner-style\"><\/span><\/span><\/div>\n<section  class='av_textblock_section av-lvqabn1v-032a44eae380a5d9db34d7755621ee17 '   itemscope=\"itemscope\" itemtype=\"https:\/\/schema.org\/CreativeWork\" ><div class='avia_textblock'  itemprop=\"text\" ><p>La garanzia di salute, sicurezza, protezione ambientale e qualit\u00e0 (HSEQ) \u00e8 prioritaria per MATHIES in tutti i settori della sua attivit\u00e0. Per raggiungere questi obiettivi, MATHIES opera in stretta conformit\u00e0 con le prescrizioni della legislazione internazionale ed europea.<\/p>\n<p>In qualit\u00e0 di azienda e uno dei principali fornitori di servizi, MATHIES \u00e8 consapevole della natura e dell&#8217;entit\u00e0 delle sue ripercussioni commerciali. Consideriamo nostro dovere garantire condizioni di lavoro sicure per i dipendenti e i partner, nonch\u00e9 un funzionamento senza intoppi degli impianti e la minimizzazione dell&#8217;impronta ecologica.<\/p>\n<p>La protezione dell&#8217;ambiente \u00e8 un elemento fondamentale della cultura aziendale e della responsabilit\u00e0 sociale di MATHIES. Il nostro obiettivo principale \u00e8 la gestione efficace e la minimizzazione dell&#8217;impatto ambientale della sua attivit\u00e0 produttiva, nonch\u00e9 la conservazione a beneficio delle generazioni presenti e future.<\/p>\n<\/div><\/section>\n","protected":false},"excerpt":{"rendered":"","protected":false},"author":1,"featured_media":0,"parent":0,"menu_order":0,"comment_status":"closed","ping_status":"closed","template":"","meta":{"_glsr_average":0,"_glsr_ranking":0,"_glsr_reviews":0,"footnotes":""},"class_list":["post-11081","page","type-page","status-publish","hentry"],"_links":{"self":[{"href":"https:\/\/mathies-antwerpen.com\/it\/wp-json\/wp\/v2\/pages\/11081","targetHints":{"allow":["GET"]}}],"collection":[{"href":"https:\/\/mathies-antwerpen.com\/it\/wp-json\/wp\/v2\/pages"}],"about":[{"href":"https:\/\/mathies-antwerpen.com\/it\/wp-json\/wp\/v2\/types\/page"}],"author":[{"embeddable":true,"href":"https:\/\/mathies-antwerpen.com\/it\/wp-json\/wp\/v2\/users\/1"}],"replies":[{"embeddable":true,"href":"https:\/\/mathies-antwerpen.com\/it\/wp-json\/wp\/v2\/comments?post=11081"}],"version-history":[{"count":0,"href":"https:\/\/mathies-antwerpen.com\/it\/wp-json\/wp\/v2\/pages\/11081\/revisions"}],"wp:attachment":[{"href":"https:\/\/mathies-antwerpen.com\/it\/wp-json\/wp\/v2\/media?parent=11081"}],"curies":[{"name":"wp","href":"https:\/\/api.w.org\/{rel}","templated":true}]}}