{"id":137797,"date":"1900-10-26T13:11:06","date_gmt":"1900-10-26T13:11:06","guid":{"rendered":"https:\/\/moby-hub.com\/?page_id=137797"},"modified":"2025-12-30T14:16:16","modified_gmt":"2025-12-30T14:16:16","slug":"diritto-di-recesso","status":"publish","type":"page","link":"https:\/\/mathies-antwerpen.com\/it\/diritto-di-recesso\/","title":{"rendered":"Diritto di recesso"},"content":{"rendered":"\n<style type=\"text\/css\" data-created_by=\"avia_inline_auto\" id=\"style-css-av-lsg1sd5v-5a72c6ccd49ff8eacfba32f8fbc4af93\">\n#top .av-special-heading.av-lsg1sd5v-5a72c6ccd49ff8eacfba32f8fbc4af93{\npadding-bottom:10px;\n}\nbody .av-special-heading.av-lsg1sd5v-5a72c6ccd49ff8eacfba32f8fbc4af93 .av-special-heading-tag .heading-char{\nfont-size:25px;\n}\n.av-special-heading.av-lsg1sd5v-5a72c6ccd49ff8eacfba32f8fbc4af93 .av-subheading{\nfont-size:15px;\n}\n<\/style>\n<div  class='av-special-heading av-lsg1sd5v-5a72c6ccd49ff8eacfba32f8fbc4af93 av-special-heading-h3 blockquote elegant-quote elegant-centered  avia-builder-el-0  el_before_av_textblock  avia-builder-el-first '><h3 class='av-special-heading-tag '  itemprop=\"headline\"  ><span class=\"heading-wrap\">Diritto di recesso<\/span><\/h3><div class=\"special-heading-border\"><div class=\"special-heading-inner-border\"><\/div><\/div><\/div>\n<section  class='av_textblock_section av-lsg1tgv0-9428ed558b5fab6be63f4d2058a233f9 '   itemscope=\"itemscope\" itemtype=\"https:\/\/schema.org\/CreativeWork\" ><div class='avia_textblock'  itemprop=\"text\" ><p>Ai consumatori ai sensi del \u00a7 13 BGB si applica il seguente diritto di recesso:<\/p>\n<p>Diritto di recesso<\/p>\n<p>Hai il diritto di recedere dal presente contratto entro quattordici giorni senza fornire alcuna motivazione. Il periodo di recesso \u00e8 di quattordici giorni dal giorno in cui tu o un terzo da te nominato che non \u00e8 il corriere ha preso possesso della merce.<\/p>\n<p>Per esercitare il diritto di recesso \u00e8 necessario contattarci:<\/p>\n<p>MATHIES \u2022 Indiestraat \u2022 2000 Antwerpen \u2022 Belgien<br \/>\nE-mail: info@mathies-antwerpen.com<\/p>\n<p>informarti della tua decisione di recedere dal presente contratto mediante una dichiarazione chiara (ad esempio una lettera inviata per posta, fax o e-mail). \u00c8 possibile utilizzare il modello di modulo di cancellazione allegato, sebbene non sia obbligatorio. Per rispettare il termine di recesso \u00e8 sufficiente che invii la notifica dell&#8217;esercizio del diritto di recesso prima della scadenza del periodo di recesso.<\/p>\n<p>Conseguenze della revoca<br \/>\nSe annulli il presente contratto, ti rimborseremo tutti i pagamenti ricevuti da te, compresi i costi di consegna (ad eccezione dei costi aggiuntivi derivanti dalla scelta di un metodo di consegna diverso dalla consegna standard pi\u00f9 economica da noi offerta) da rimborsare immediatamente e a al pi\u00f9 tardi entro quattordici giorni dal giorno in cui abbiamo ricevuto la notifica del recesso dal presente contratto. Per questo rimborso utilizziamo lo stesso metodo di pagamento da te utilizzato per la transazione originaria, a meno che non sia stato espressamente concordato con te qualcosa di diverso; in nessun caso ti verr\u00e0 addebitato alcun costo quale conseguenza di tale rimborso. Potremo rifiutare il rimborso finch\u00e9 non avremo ricevuto i beni oppure finch\u00e9 non avrai fornito la prova di aver rispedito i beni, a seconda di quale evento si verifichi per primo.<\/p>\n<p>\u00c8 necessario restituirci o consegnarci la merce immediatamente e comunque entro e non oltre quattordici giorni dal giorno in cui ci comunichi la risoluzione del presente contratto. Il termine \u00e8 rispettato se spedisci i beni prima della scadenza del periodo di quattordici giorni. Sostieni i costi diretti della restituzione della merce. Sei responsabile dell&#8217;eventuale perdita di valore dei beni solo se tale perdita di valore \u00e8 dovuta a una manipolazione diversa da quella necessaria per stabilire la natura, le caratteristiche e la funzionalit\u00e0 dei beni.<\/p>\n<p>Fine della revoca<br \/>\nEsclusione del diritto di recesso<\/p>\n<\/div><\/section>\n<div  class='hr av-av_hr-2d5db5f64ae26441752c85579942ced7 hr-short  avia-builder-el-2  el_after_av_textblock  avia-builder-el-last  hr-center'><span class='hr-inner '><span class=\"hr-inner-style\"><\/span><\/span><\/div>\n","protected":false},"excerpt":{"rendered":"","protected":false},"author":1,"featured_media":0,"parent":0,"menu_order":0,"comment_status":"closed","ping_status":"closed","template":"","meta":{"_glsr_average":0,"_glsr_ranking":0,"_glsr_reviews":0,"footnotes":""},"class_list":["post-137797","page","type-page","status-publish","hentry"],"_links":{"self":[{"href":"https:\/\/mathies-antwerpen.com\/it\/wp-json\/wp\/v2\/pages\/137797","targetHints":{"allow":["GET"]}}],"collection":[{"href":"https:\/\/mathies-antwerpen.com\/it\/wp-json\/wp\/v2\/pages"}],"about":[{"href":"https:\/\/mathies-antwerpen.com\/it\/wp-json\/wp\/v2\/types\/page"}],"author":[{"embeddable":true,"href":"https:\/\/mathies-antwerpen.com\/it\/wp-json\/wp\/v2\/users\/1"}],"replies":[{"embeddable":true,"href":"https:\/\/mathies-antwerpen.com\/it\/wp-json\/wp\/v2\/comments?post=137797"}],"version-history":[{"count":0,"href":"https:\/\/mathies-antwerpen.com\/it\/wp-json\/wp\/v2\/pages\/137797\/revisions"}],"wp:attachment":[{"href":"https:\/\/mathies-antwerpen.com\/it\/wp-json\/wp\/v2\/media?parent=137797"}],"curies":[{"name":"wp","href":"https:\/\/api.w.org\/{rel}","templated":true}]}}