{"id":137850,"date":"1900-10-26T16:17:14","date_gmt":"1900-10-26T16:17:14","guid":{"rendered":"https:\/\/moby-hub.com\/?page_id=137850"},"modified":"2026-03-12T09:31:17","modified_gmt":"2026-03-12T09:31:17","slug":"metodi-di-spedizione","status":"publish","type":"page","link":"https:\/\/mathies-antwerpen.com\/it\/metodi-di-spedizione\/","title":{"rendered":"Metodi di spedizione"},"content":{"rendered":"\n<style type=\"text\/css\" data-created_by=\"avia_inline_auto\" id=\"style-css-av-lsg9xjj7-6b3f76c76ed96021eb9a111479db0a51\">\n#top .av-special-heading.av-lsg9xjj7-6b3f76c76ed96021eb9a111479db0a51{\npadding-bottom:10px;\n}\nbody .av-special-heading.av-lsg9xjj7-6b3f76c76ed96021eb9a111479db0a51 .av-special-heading-tag .heading-char{\nfont-size:25px;\n}\n.av-special-heading.av-lsg9xjj7-6b3f76c76ed96021eb9a111479db0a51 .av-subheading{\nfont-size:15px;\n}\n<\/style>\n<div  class='av-special-heading av-lsg9xjj7-6b3f76c76ed96021eb9a111479db0a51 av-special-heading-h2 blockquote elegant-quote elegant-centered  avia-builder-el-0  el_before_av_hr  avia-builder-el-first '><h2 class='av-special-heading-tag '  itemprop=\"headline\"  ><span class=\"heading-wrap\">Modalit\u00e0 e costi di spedizione<\/span><\/h2><div class='av-subheading av-subheading_below'><p>Al momento non addebitiamo costi di spedizione<\/p>\n<\/div><div class=\"special-heading-border\"><div class=\"special-heading-inner-border\"><\/div><\/div><\/div>\n\n<style type=\"text\/css\" data-created_by=\"avia_inline_auto\" id=\"style-css-av-6g0e2lkq-18b4825e3f08b22bd968f5d37f9314fa\">\n#top .hr.hr-invisible.av-6g0e2lkq-18b4825e3f08b22bd968f5d37f9314fa{\nheight:15px;\n}\n<\/style>\n<div  class='hr av-6g0e2lkq-18b4825e3f08b22bd968f5d37f9314fa hr-invisible  avia-builder-el-1  el_after_av_heading  el_before_av_one_fifth '><span class='hr-inner '><span class=\"hr-inner-style\"><\/span><\/span><\/div>\n<div  class='flex_column av-6a17npq2-42274a4bf378892bb2a8ec299f1294c6 av_one_fifth  avia-builder-el-2  el_after_av_hr  el_before_av_one_fifth  first flex_column_div  '     ><\/div>\n<div  class='flex_column av-68kbnh4q-f61264f073001a0a09438434ae5e01ce av_one_fifth  avia-builder-el-3  el_after_av_one_fifth  el_before_av_one_fifth  flex_column_div  '     ><style type=\"text\/css\" data-created_by=\"avia_inline_auto\" id=\"style-css-av-mhbrtdf4-03fabf4e4251a54eece733eccd8b3c21\">\n.avia-image-container.av-mhbrtdf4-03fabf4e4251a54eece733eccd8b3c21 img.avia_image{\nbox-shadow:none;\n}\n.avia-image-container.av-mhbrtdf4-03fabf4e4251a54eece733eccd8b3c21 .av-image-caption-overlay-center{\ncolor:#ffffff;\n}\n<\/style>\n<div  class='avia-image-container av-mhbrtdf4-03fabf4e4251a54eece733eccd8b3c21 av-styling- avia-align-center  avia-builder-el-4  avia-builder-el-no-sibling '   itemprop=\"image\" itemscope=\"itemscope\" itemtype=\"https:\/\/schema.org\/ImageObject\" ><div class=\"avia-image-container-inner\"><div class=\"avia-image-overlay-wrap\"><img decoding=\"async\" fetchpriority=\"high\" class='wp-image-137887 avia-img-lazy-loading-not-137887 avia_image ' src=\"https:\/\/mathies-antwerpen.com\/wp-content\/uploads\/2025\/10\/DHL.jpg\" alt='' title='DHL'  height=\"350\" width=\"350\"  itemprop=\"thumbnailUrl\" srcset=\"https:\/\/mathies-antwerpen.com\/wp-content\/uploads\/2025\/10\/DHL.jpg 350w, https:\/\/mathies-antwerpen.com\/wp-content\/uploads\/2025\/10\/DHL-300x300.jpg 300w, https:\/\/mathies-antwerpen.com\/wp-content\/uploads\/2025\/10\/DHL-100x100.jpg 100w, https:\/\/mathies-antwerpen.com\/wp-content\/uploads\/2025\/10\/DHL-120x120.jpg 120w, https:\/\/mathies-antwerpen.com\/wp-content\/uploads\/2025\/10\/DHL-36x36.jpg 36w, https:\/\/mathies-antwerpen.com\/wp-content\/uploads\/2025\/10\/DHL-180x180.jpg 180w\" sizes=\"(max-width: 350px) 100vw, 350px\" \/><\/div><\/div><\/div><\/div>\n<div  class='flex_column av-62mkfvay-416bc388bd52e0f0e404f5679a7afeca av_one_fifth  avia-builder-el-5  el_after_av_one_fifth  el_before_av_one_fifth  flex_column_div  '     ><style type=\"text\/css\" data-created_by=\"avia_inline_auto\" id=\"style-css-av-l8a3xdm-78aa7755cec57e092335e3e3f7a7e58a\">\n.avia-image-container.av-l8a3xdm-78aa7755cec57e092335e3e3f7a7e58a img.avia_image{\nbox-shadow:none;\n}\n.avia-image-container.av-l8a3xdm-78aa7755cec57e092335e3e3f7a7e58a .av-image-caption-overlay-center{\ncolor:#ffffff;\n}\n<\/style>\n<div  class='avia-image-container av-l8a3xdm-78aa7755cec57e092335e3e3f7a7e58a av-styling- avia-align-center  avia-builder-el-6  avia-builder-el-no-sibling '   itemprop=\"image\" itemscope=\"itemscope\" itemtype=\"https:\/\/schema.org\/ImageObject\" ><div class=\"avia-image-container-inner\"><div class=\"avia-image-overlay-wrap\"><img decoding=\"async\" fetchpriority=\"high\" class='wp-image-137903 avia-img-lazy-loading-not-137903 avia_image ' src=\"https:\/\/mathies-antwerpen.com\/wp-content\/uploads\/2025\/10\/UPS.jpg\" alt='' title='UPS'  height=\"350\" width=\"350\"  itemprop=\"thumbnailUrl\" srcset=\"https:\/\/mathies-antwerpen.com\/wp-content\/uploads\/2025\/10\/UPS.jpg 350w, https:\/\/mathies-antwerpen.com\/wp-content\/uploads\/2025\/10\/UPS-300x300.jpg 300w, https:\/\/mathies-antwerpen.com\/wp-content\/uploads\/2025\/10\/UPS-100x100.jpg 100w, https:\/\/mathies-antwerpen.com\/wp-content\/uploads\/2025\/10\/UPS-120x120.jpg 120w, https:\/\/mathies-antwerpen.com\/wp-content\/uploads\/2025\/10\/UPS-36x36.jpg 36w, https:\/\/mathies-antwerpen.com\/wp-content\/uploads\/2025\/10\/UPS-180x180.jpg 180w\" sizes=\"(max-width: 350px) 100vw, 350px\" \/><\/div><\/div><\/div><\/div>\n<div  class='flex_column av-5spdjrui-ba9c46faf5895a9fdec17e85f9f5b5e6 av_one_fifth  avia-builder-el-7  el_after_av_one_fifth  el_before_av_one_fifth  flex_column_div  '     ><style type=\"text\/css\" data-created_by=\"avia_inline_auto\" id=\"style-css-av-7tasure-b1aafcb9c92b754090ab80772c926ed1\">\n.avia-image-container.av-7tasure-b1aafcb9c92b754090ab80772c926ed1 img.avia_image{\nbox-shadow:none;\n}\n.avia-image-container.av-7tasure-b1aafcb9c92b754090ab80772c926ed1 .av-image-caption-overlay-center{\ncolor:#ffffff;\n}\n<\/style>\n<div  class='avia-image-container av-7tasure-b1aafcb9c92b754090ab80772c926ed1 av-styling- avia-align-center  avia-builder-el-8  avia-builder-el-no-sibling '   itemprop=\"image\" itemscope=\"itemscope\" itemtype=\"https:\/\/schema.org\/ImageObject\" ><div class=\"avia-image-container-inner\"><div class=\"avia-image-overlay-wrap\"><img decoding=\"async\" fetchpriority=\"high\" class='wp-image-137891 avia-img-lazy-loading-not-137891 avia_image ' src=\"https:\/\/mathies-antwerpen.com\/wp-content\/uploads\/2025\/10\/GLS.jpg\" alt='' title='GLS'  height=\"350\" width=\"350\"  itemprop=\"thumbnailUrl\" srcset=\"https:\/\/mathies-antwerpen.com\/wp-content\/uploads\/2025\/10\/GLS.jpg 350w, https:\/\/mathies-antwerpen.com\/wp-content\/uploads\/2025\/10\/GLS-300x300.jpg 300w, https:\/\/mathies-antwerpen.com\/wp-content\/uploads\/2025\/10\/GLS-100x100.jpg 100w, https:\/\/mathies-antwerpen.com\/wp-content\/uploads\/2025\/10\/GLS-120x120.jpg 120w, https:\/\/mathies-antwerpen.com\/wp-content\/uploads\/2025\/10\/GLS-36x36.jpg 36w, https:\/\/mathies-antwerpen.com\/wp-content\/uploads\/2025\/10\/GLS-180x180.jpg 180w\" sizes=\"(max-width: 350px) 100vw, 350px\" \/><\/div><\/div><\/div><\/div>\n<div  class='flex_column av-5o3hcmpm-dc01a473cc1b9177b0069249c8f6d988 av_one_fifth  avia-builder-el-9  el_after_av_one_fifth  el_before_av_hr  flex_column_div  '     ><\/div>\n\n<style type=\"text\/css\" data-created_by=\"avia_inline_auto\" id=\"style-css-av-5lwift4q-f9da9e5c3c3bcaafeefe911c3abf1fb3\">\n#top .hr.hr-invisible.av-5lwift4q-f9da9e5c3c3bcaafeefe911c3abf1fb3{\nheight:25px;\n}\n<\/style>\n<div  class='hr av-5lwift4q-f9da9e5c3c3bcaafeefe911c3abf1fb3 hr-invisible  avia-builder-el-10  el_after_av_one_fifth  el_before_av_one_half '><span class='hr-inner '><span class=\"hr-inner-style\"><\/span><\/span><\/div>\n<div  class='flex_column av-5dxwlrju-5534f2fe809c33032f45d637e0b9e17d av_one_half  avia-builder-el-11  el_after_av_hr  el_before_av_one_half  first flex_column_div  '     ><section  class='av_textblock_section av-ix5rayi-c746eed5dad9b1f924c8e4faf2b01000 '   itemscope=\"itemscope\" itemtype=\"https:\/\/schema.org\/CreativeWork\" ><div class='avia_textblock'  itemprop=\"text\" ><p><strong>Austria<\/strong><\/p>\n<p><strong>Versandkostenfrei:<\/strong>\u00a0Ab einen Bestellwert von 75,00 \u20ac<br \/>\n<strong>Standard Versand:<\/strong> Lieferung innerhalb von 4-6 Werktagen 8,60 \u20ac<br \/>\n<strong>Express Versand:<\/strong> Lieferung innerhalb von 2-3 Werktagen 25,00 \u20ac<\/p>\n<p><strong>Versand per Nachnahme:<\/strong> Ist nicht m\u00f6glich<\/p>\n<\/div><\/section><\/div>\n<div  class='flex_column av-55cuui2i-8510371b70cfdb93b2f35a073528bc24 av_one_half  avia-builder-el-13  el_after_av_one_half  el_before_av_one_half  flex_column_div  '     ><section  class='av_textblock_section av-51e2dx16-14591b9d6cc289121a84d496819288aa '   itemscope=\"itemscope\" itemtype=\"https:\/\/schema.org\/CreativeWork\" ><div class='avia_textblock'  itemprop=\"text\" ><p><strong>Belgium<\/strong><\/p>\n<p><strong>Free Shipping:<\/strong>\u00a0 From an order value of 75.00 \u20ac<br \/>\n<strong>Standard Shipping:\u00a0<\/strong> Delivery in 4-6 working days 9,20 \u20ac<br \/>\n<strong>Express Shipping:<\/strong>\u00a0 Delivery in 2-4 working days 20.00\u00a0\u20ac<\/p>\n<p><strong>Cash on Delivery:\u00a0<\/strong>\u00a0Is not possible<\/p>\n<\/div><\/section><\/div>\n<div  class='flex_column av-4xxi10my-93a8a4d59ffefecb44183454d673f061 av_one_half  avia-builder-el-15  el_after_av_one_half  el_before_av_one_half  first flex_column_div  column-top-margin'     ><section  class='av_textblock_section av-4sogb0l6-7cc4d5d28e3d96270e6a58bf1f8652a6 '   itemscope=\"itemscope\" itemtype=\"https:\/\/schema.org\/CreativeWork\" ><div class='avia_textblock'  itemprop=\"text\" ><p><strong>Denmark<\/strong><\/p>\n<p><strong>Free Shipping:<\/strong>\u00a0 From an order value of 600,00 DK<br \/>\n<strong>Standard Shipping:\u00a0<\/strong> Delivery in 3-6 working days 104,25 DK<br \/>\n<strong>Express Shipping:<\/strong>\u00a0 Delivery in 1-3 working days 148,92 DK<\/p>\n<p><strong>Cash on Delivery:\u00a0<\/strong>\u00a0Is not possible<\/p>\n<\/div><\/section><\/div>\n<div  class='flex_column av-4mh2l4oq-f858c8a1c80c450954535646f50c2940 av_one_half  avia-builder-el-17  el_after_av_one_half  el_before_av_one_half  flex_column_div  column-top-margin'     ><section  class='av_textblock_section av-4i6uq0my-c55e852c6738d787f2caf65e83ff4976 '   itemscope=\"itemscope\" itemtype=\"https:\/\/schema.org\/CreativeWork\" ><div class='avia_textblock'  itemprop=\"text\" ><p><strong>France<\/strong><\/p>\n<p><strong>Livraison gratuite:<\/strong>\u00a0 Commande minimum de 75,00 \u20ac<br \/>\n<strong>Livraison standard:\u00a0<\/strong> Livraison sous 4-6 jours 8,90 \u20ac<br \/>\n<strong>Livraison express:<\/strong> Livraison entre 2-3 jours 25,00 \u20ac<\/p>\n<p><strong>Paiement \u00e0 la livraison:<\/strong>\u00a0 n&#8217;est pas possible<\/p>\n<\/div><\/section><\/div>\n<div  class='flex_column av-4givw94q-5605a040f239f31c7440ba5fc34e19ed av_one_half  avia-builder-el-19  el_after_av_one_half  el_before_av_one_half  first flex_column_div  column-top-margin'     ><section  class='av_textblock_section av-4a3sqdbu-db630124410302094495e1852bc4bf8e '   itemscope=\"itemscope\" itemtype=\"https:\/\/schema.org\/CreativeWork\" ><div class='avia_textblock'  itemprop=\"text\" ><p><strong>Finland<\/strong><\/p>\n<p><strong>Free Shipping:<\/strong>\u00a0 From an order value of 95.00 \u20ac<br \/>\n<strong>Standard Shipping:\u00a0<\/strong>\u00a0Delivery in 4-7 working days 14.00\u00a0\u20ac<br \/>\n<strong>Express Shipping:<\/strong>\u00a0 Delivery in 2-3 working days 35.00 \u20ac<\/p>\n<p><strong>Cash on Delivery:\u00a0<\/strong>\u00a0Is not possible<\/p>\n<\/div><\/section><\/div>\n<div  class='flex_column av-46kx0s8q-9aea69bc703cece1472fe3dec6ff7879 av_one_half  avia-builder-el-21  el_after_av_one_half  el_before_av_one_half  flex_column_div  column-top-margin'     ><section  class='av_textblock_section av-41lcg5tm-359d805f871e667d5003b04a3671d6b8 '   itemscope=\"itemscope\" itemtype=\"https:\/\/schema.org\/CreativeWork\" ><div class='avia_textblock'  itemprop=\"text\" ><p><strong>Germany<\/strong><\/p>\n<p><strong>Versandkostenfrei:<\/strong>\u00a0Ab einen Bestellwert von 75,00 \u20ac<br \/>\n<strong>Standard Versand:<\/strong> Lieferung innerhalb von 4-6 Werktagen 8,90 \u20ac<br \/>\n<strong>Express Versand:<\/strong> Lieferung innerhalb von 2-3 Werktagen 25,00 \u20ac<\/p>\n<p><strong>Versand per Nachnahme:<\/strong> Ist nicht m\u00f6glich<\/p>\n<\/div><\/section><\/div>\n<div  class='flex_column av-3ycumsmy-6b5038187a7d7f5b560cd6ac5cb575e4 av_one_half  avia-builder-el-23  el_after_av_one_half  el_before_av_one_half  first flex_column_div  column-top-margin'     ><section  class='av_textblock_section av-3rz2i5mi-99bdcd8c94a3025ded9a296c3615a5ef '   itemscope=\"itemscope\" itemtype=\"https:\/\/schema.org\/CreativeWork\" ><div class='avia_textblock'  itemprop=\"text\" ><p><strong>Greece<\/strong><\/p>\n<p><strong>Free Shipping:<\/strong>\u00a0 From an order value of 95.00 \u20ac<br \/>\n<strong>Standard Shipping:\u00a0<\/strong> Delivery in 5-7 working days 22,61 \u20ac<br \/>\n<strong>Express Shipping:<\/strong>\u00a0 Delivery in 1-3 working days 38.00 \u20ac<\/p>\n<p><strong>Cash on Delivery:\u00a0<\/strong>\u00a0Is not possible<\/p>\n<\/div><\/section><\/div>\n<div  class='flex_column av-d2ofiwq-863c653d579ae925e053448a32bfa915 av_one_half  avia-builder-el-25  el_after_av_one_half  el_before_av_one_half  flex_column_div  column-top-margin'     ><section  class='av_textblock_section av-3hiqrj96-dcb0f10b1a2e8803409052addde9c6ce '   itemscope=\"itemscope\" itemtype=\"https:\/\/schema.org\/CreativeWork\" ><div class='avia_textblock'  itemprop=\"text\" ><p><strong>Ireland<\/strong><\/p>\n<p><strong>Free Shipping:<\/strong>\u00a0 From an order value of 95.00 \u20ac<br \/>\n<strong>Standard Shipping:\u00a0<\/strong> Delivery in 3-7 working days 9,60 \u20ac<br \/>\n<strong>Express Shipping:<\/strong>\u00a0 Delivery in 1-2 working days 14,90 \u20ac<\/p>\n<p><strong>Cash on Delivery:\u00a0<\/strong>\u00a0Is not possible<\/p>\n<\/div><\/section><\/div>\n<div  class='flex_column av-3c4iouuy-8bd6f441ba2c503c741e2dddea2d7e66 av_one_half  avia-builder-el-27  el_after_av_one_half  el_before_av_one_half  first flex_column_div  column-top-margin'     ><section  class='av_textblock_section av-37tmez0a-0453fc33ff95425fb3458052cf3ba4ee '   itemscope=\"itemscope\" itemtype=\"https:\/\/schema.org\/CreativeWork\" ><div class='avia_textblock'  itemprop=\"text\" ><p><strong>Italia<\/strong><\/p>\n<p><strong>Spedizione Gratuita:<\/strong>\u00a0 Da un valore dell&#8217;ordine di 75,00 \u20ac<br \/>\n<strong>Spedizione Standard:\u00a0<\/strong> Consegna entro 3-4 giorni lavorativi 9.60 \u20ac<br \/>\n<strong>Spedizione Express:<\/strong>\u00a0 Consegna entro 1-2 giorni lavorativi 28,00 \u20ac<\/p>\n<p><strong>Pagamento alla consegna:\u00a0 <\/strong>Non \u00e8 possibile<\/p>\n<\/div><\/section><\/div>\n<div  class='flex_column av-3547ntx6-5a295553c6752dcaccee751b9c7f1502 av_one_half  avia-builder-el-29  el_after_av_one_half  el_before_av_one_half  flex_column_div  column-top-margin'     ><section  class='av_textblock_section av-30indcvu-b0eb4297ac97fb729161f008f11e65be '   itemscope=\"itemscope\" itemtype=\"https:\/\/schema.org\/CreativeWork\" ><div class='avia_textblock'  itemprop=\"text\" ><p><strong>Luxembourg<\/strong><\/p>\n<p><strong>Livraison gratuite:<\/strong>\u00a0 Commande minimum de 75,00 \u20ac<br \/>\n<strong>Livraison standard:\u00a0<\/strong> Livraison sous 4-6 jours 8,90 \u20ac<br \/>\n<strong>Livraison express:<\/strong> Livraison entre 2-3 jours 25,00 \u20ac<\/p>\n<p><strong>Paiement \u00e0 la livraison:<\/strong>\u00a0 n&#8217;est pas possible<\/p>\n<\/div><\/section><\/div>\n<div  class='flex_column av-2xb434sa-edeebd2269ed093ab80e4ca68b31f76f av_one_half  avia-builder-el-31  el_after_av_one_half  el_before_av_one_half  first flex_column_div  column-top-margin'     ><section  class='av_textblock_section av-2r6jkxq2-0b3132a9bef52b7625d7e8e9cd2fc6fe '   itemscope=\"itemscope\" itemtype=\"https:\/\/schema.org\/CreativeWork\" ><div class='avia_textblock'  itemprop=\"text\" ><p><strong>Netherlands<\/strong><\/p>\n<p><strong>Free Shipping:<\/strong>\u00a0 From an order value of 80.00 \u20ac<br \/>\n<strong>Standard Shipping:\u00a0<\/strong>\u00a0Delivery in 3-6 working days 11.00\u00a0\u20ac<br \/>\n<strong>Express Shipping:<\/strong>\u00a0 Delivery in 2-3 working days 33.00 \u20ac<\/p>\n<p><strong>Cash on Delivery:\u00a0<\/strong>\u00a0Is not possible<\/p>\n<\/div><\/section><\/div>\n<div  class='flex_column av-2oe3a1bu-648837a9f29988f953f1df4c273b513d av_one_half  avia-builder-el-33  el_after_av_one_half  el_before_av_one_half  flex_column_div  column-top-margin'     ><section  class='av_textblock_section av-2ggkqloa-cba74e59ecfb6d04a2fcac7df325ace1 '   itemscope=\"itemscope\" itemtype=\"https:\/\/schema.org\/CreativeWork\" ><div class='avia_textblock'  itemprop=\"text\" ><p><strong>Norway<\/strong><\/p>\n<p><strong>Free Shipping:<\/strong>\u00a0 From an order value of 214,83 NOK<br \/>\n<strong>Standard Shipping:\u00a0<\/strong> Delivery in 4-6 working days 180,91 NOK<br \/>\n<strong>Express Shipping:<\/strong>\u00a0 Delivery in 1-3 working days 316,60 NOK<\/p>\n<p><strong>Cash on Delivery:\u00a0<\/strong>\u00a0Is not possible<\/p>\n<\/div><\/section><\/div>\n<div  class='flex_column av-8c5j0e2-9c168509952e275f5e98ec24ee16c7d5 av_one_half  avia-builder-el-35  el_after_av_one_half  el_before_av_one_half  first flex_column_div  column-top-margin'     ><section  class='av_textblock_section av-28iw8tyy-524a9b0ca33a1f90917a5e678bb1e23a '   itemscope=\"itemscope\" itemtype=\"https:\/\/schema.org\/CreativeWork\" ><div class='avia_textblock'  itemprop=\"text\" ><p><strong>Portugal<\/strong><\/p>\n<p><strong>Free Shipping:<\/strong>\u00a0 From an order value of 75.00 \u20ac<br \/>\n<strong>Standard Shipping:\u00a0<\/strong>\u00a0Delivery in 4-6 working days 14.00\u00a0\u20ac<br \/>\n<strong>Express Shipping:<\/strong>\u00a0 Delivery in 1-3 working days 35.00 \u20ac<\/p>\n<p><strong>Cash on Delivery:\u00a0<\/strong>\u00a0Is not possible<\/p>\n<\/div><\/section><\/div>\n<div  class='flex_column av-7rfivei-f36cb761891f1d4f1ad38af0259f95bf av_one_half  avia-builder-el-37  el_after_av_one_half  el_before_av_one_half  flex_column_div  column-top-margin'     ><section  class='av_textblock_section av-1y0ace4a-ae3252eab6f85a132316cd4809450263 '   itemscope=\"itemscope\" itemtype=\"https:\/\/schema.org\/CreativeWork\" ><div class='avia_textblock'  itemprop=\"text\" ><p><strong>Spain<\/strong><\/p>\n<p><strong>Free Shipping:<\/strong>\u00a0 From an order value of 85.00 \u20ac<br \/>\n<strong>Standard Shipping:\u00a0<\/strong> Delivery in 3-6 working days 14.00 \u20ac<br \/>\n<strong>Express Shipping:<\/strong>\u00a0 Delivery in 1-2 working days 35.00 \u20ac<\/p>\n<p><strong>Cash on Delivery:\u00a0<\/strong>\u00a0Is not possible<\/p>\n<\/div><\/section><\/div>\n<div  class='flex_column av-1tb32jzu-24bb5aaacdbdfc0c8814bf9e8d46b4ce av_one_half  avia-builder-el-39  el_after_av_one_half  el_before_av_one_half  first flex_column_div  column-top-margin'     ><section  class='av_textblock_section av-1rtdw2re-fa32f4446c4331e3eca4645d84fb73a7 '   itemscope=\"itemscope\" itemtype=\"https:\/\/schema.org\/CreativeWork\" ><div class='avia_textblock'  itemprop=\"text\" ><p><strong>Sweden<\/strong><\/p>\n<p><strong>Free Shipping:<\/strong>\u00a0 From an order value of 1063.00 SEK<br \/>\n<strong>Standard Shipping:\u00a0<\/strong> Delivery in 4-7 working days 156.00 SEK<br \/>\n<strong>Express Shipping:<\/strong>\u00a0 Delivery in 1-2 working days 223.00 SEK<\/p>\n<p><strong>Cash on Delivery:\u00a0<\/strong>\u00a0Is not possible<\/p>\n<\/div><\/section><\/div>\n<div  class='flex_column av-1kcb5iey-ba015e7cb5a8307732dfe758a06a54aa av_one_half  avia-builder-el-41  el_after_av_one_half  el_before_av_one_half  flex_column_div  column-top-margin'     ><section  class='av_textblock_section av-1f7bapkq-d92279a17905b6ef61606bbc91f7df90 '   itemscope=\"itemscope\" itemtype=\"https:\/\/schema.org\/CreativeWork\" ><div class='avia_textblock'  itemprop=\"text\" ><p><strong>Switzerland<\/strong><\/p>\n<p><strong>Free Shipping:<\/strong>\u00a0 From an order value of 85.00 CHF<br \/>\n<strong>Standard Shipping:\u00a0<\/strong> Delivery in 3-6 working days 11.00 CHF<br \/>\n<strong>Express Shipping:<\/strong>\u00a0 Is possible 22.00 CHF<\/p>\n<p><strong>Cash on Delivery:\u00a0<\/strong>\u00a0Is not possible<\/p>\n<\/div><\/section><\/div>\n<div  class='flex_column av-1e9e6nui-e2af99b26e36b232215a140b185303cd av_one_half  avia-builder-el-43  el_after_av_one_half  el_before_av_one_half  first flex_column_div  column-top-margin'     ><section  class='av_textblock_section av-18luwxve-49d5f80d4cf6fbe9592f47d9f0c7b87c '   itemscope=\"itemscope\" itemtype=\"https:\/\/schema.org\/CreativeWork\" ><div class='avia_textblock'  itemprop=\"text\" ><p><strong>Other EU Countries<\/strong><\/p>\n<p><strong>Free Shipping:<\/strong>\u00a0 From an order value of 100.00 \u20ac<br \/>\n<strong>Standard Shipping:\u00a0<\/strong>\u00a0Delivery in 4-7 working days 30.00\u00a0\u20ac<br \/>\n<strong>Express Shipping:<\/strong>\u00a0 Is possible 45.00 \u20ac<\/p>\n<p><strong>Cash on Delivery:\u00a0\u00a0Is not possible<\/strong><\/p>\n<\/div><\/section><\/div>\n<div  class='flex_column av-11foj16i-55fbb1da097788ec18f924e22df517dd av_one_half  avia-builder-el-45  el_after_av_one_half  el_before_av_one_half  flex_column_div  column-top-margin'     ><section  class='av_textblock_section av-x3yhh2y-c140c3d211af9acb460b93fc3b49e58e '   itemscope=\"itemscope\" itemtype=\"https:\/\/schema.org\/CreativeWork\" ><div class='avia_textblock'  itemprop=\"text\" ><p><strong>U.S.<\/strong><\/p>\n<p><strong>Free Shipping:<\/strong>\u00a0 From an order value of 90.00 $<br \/>\n<strong>Standard Shipping:\u00a0<\/strong> Delivery in 5-7 working days 12.00 $<br \/>\n<strong>Express Shipping:<\/strong>\u00a0 Delivery in 1-3 working days 34.75 $<\/p>\n<p><strong>Cash on Delivery:\u00a0<\/strong>\u00a0Is not possible<\/p>\n<\/div><\/section><\/div>\n<div  class='flex_column av-syng3p6-017365449b93606b6372bbe2c5247f51 av_one_half  avia-builder-el-47  el_after_av_one_half  el_before_av_one_half  first flex_column_div  column-top-margin'     ><section  class='av_textblock_section av-2dv9j7e-9f8659f4957ca46c41afd244ff8f0f45 '   itemscope=\"itemscope\" itemtype=\"https:\/\/schema.org\/CreativeWork\" ><div class='avia_textblock'  itemprop=\"text\" ><p><strong>United Kingdom<\/strong><\/p>\n<p><strong>Free Shipping:<\/strong>\u00a0 From an order value of 60.00 \u00a3<br \/>\n<strong>Standard Shipping:\u00a0<\/strong> Delivery in 4-6 working days 6.00 \u00a3<br \/>\n<strong>Express Shipping:<\/strong>\u00a0 Delivery in 1-3 working days 18,00 \u00a3<\/p>\n<p><strong>Weekend delivery<\/strong>:\u00a0 Delivery Sat. and Sun. 29,90 \u00a3<\/p>\n<p><strong>Cash on Delivery:\u00a0<\/strong>\u00a0Is not possible<\/p>\n<\/div><\/section><\/div>\n<div  class='flex_column av-js04q62-058a8275189b8192f43447e76e1003b8 av_one_half  avia-builder-el-49  el_after_av_one_half  el_before_av_one_half  flex_column_div  column-top-margin'     ><section  class='av_textblock_section av-eagdx6i-c4542f9f7da4d24289dcebe4eea0ca49 '   itemscope=\"itemscope\" itemtype=\"https:\/\/schema.org\/CreativeWork\" ><div class='avia_textblock'  itemprop=\"text\" ><p><strong>International Shipping<\/strong><\/p>\n<p><strong>Free Shipping:<\/strong>\u00a0 From an order value of 150.00 $<br \/>\n<strong>Standard Shipping:\u00a0<\/strong> Delivery in 5-8 working days 28.00 $<br \/>\n<strong>Express Shipping:<\/strong>\u00a0 Delivery in 1-3 working days 56.75 $<\/p>\n<p><strong>Cash on Delivery:\u00a0<\/strong>\u00a0Is not possible<\/p>\n<\/div><\/section><\/div>\n<div  class='flex_column av-c722q9m-f404b74f2a47873a234faeebf795a14b av_one_half  avia-builder-el-51  el_after_av_one_half  el_before_av_one_half  first flex_column_div  column-top-margin'     ><section  class='av_textblock_section av-lsg9zi65-da35cc4606939c66ed9092db06a0f1e4 '   itemscope=\"itemscope\" itemtype=\"https:\/\/schema.org\/CreativeWork\" ><div class='avia_textblock'  itemprop=\"text\" ><p>Data di consegna desiderata<\/p>\n<p>Abbiamo bisogno di 2-4 giorni lavorativi affinch\u00e9 il tuo pacco sia pronto per la spedizione. Dopo averlo consegnato al fornitore del servizio pacchi, il tuo ordine ti verr\u00e0 consegnato entro circa 2-9 giorni lavorativi.<\/p>\n<p>Al momento non \u00e8 possibile consegnare il pacco nella data desiderata. Se non riesci a ricevere il tuo ordine in tempo (ad esempio a causa delle ferie), ti preghiamo di contattarci il prima possibile per modificare l&#8217;ordine con la spedizione espressa e\/o consegnarlo a un indirizzo di consegna diverso o annullarlo. Tieni presente, tuttavia, che ci\u00f2 \u00e8 possibile solo finch\u00e9 il tuo ordine non ha ancora lasciato il nostro magazzino.<\/p>\n<p>Per contattarci \u00e8 sufficiente utilizzare il nostro modulo di contatto\u00a0\u00a0 <a href=\"https:\/\/mathies-antwerpen.com\/it\/contatto\/\"><span style=\"font-size: 10.0pt; font-family: 'Georgia',serif; color: #333300;\">Contatto<\/span><\/a><\/p>\n<p style=\"line-height: 14.25pt;\"><span style=\"font-size: 10.0pt; font-family: 'Georgia',serif; color: #333333;\">\u00a0<\/span><\/p>\n<\/div><\/section><\/div><div  class='flex_column av-66pe2gq-c77b8b2bd6756c2502abff4e87f5ba73 av_one_half  avia-builder-el-53  el_after_av_one_half  avia-builder-el-last  flex_column_div  column-top-margin'     ><section  class='av_textblock_section av-lsga05yo-38397cdb58f34063018216c6d8842bcf '   itemscope=\"itemscope\" itemtype=\"https:\/\/schema.org\/CreativeWork\" ><div class='avia_textblock'  itemprop=\"text\" ><p>Pacchetto danneggiato<\/p>\n<p>Se il pacco \u00e8 danneggiato e mancano delle merci, contatta il corriere entro 5 giorni o il fornitore del servizio pacchi entro 3 giorni per segnalare il danno. Si prega di rispettare questo termine, altrimenti non vi sar\u00e0 alcuna rivendicazione di responsabilit\u00e0 nei confronti del corriere o MATHIES.<\/p>\n<p>Affinch\u00e9 il processo possa essere adeguatamente documentato da un dipendente, ti preghiamo di portare il pacco cos\u00ec come lo hai ricevuto al corriere. Vi preghiamo di inviarci il rapporto sui danni da trasporto.<\/p>\n<\/div><\/section><\/div><\/p>\n","protected":false},"excerpt":{"rendered":"","protected":false},"author":1,"featured_media":0,"parent":0,"menu_order":0,"comment_status":"closed","ping_status":"closed","template":"","meta":{"_glsr_average":0,"_glsr_ranking":0,"_glsr_reviews":0,"footnotes":""},"class_list":["post-137850","page","type-page","status-publish","hentry"],"_links":{"self":[{"href":"https:\/\/mathies-antwerpen.com\/it\/wp-json\/wp\/v2\/pages\/137850","targetHints":{"allow":["GET"]}}],"collection":[{"href":"https:\/\/mathies-antwerpen.com\/it\/wp-json\/wp\/v2\/pages"}],"about":[{"href":"https:\/\/mathies-antwerpen.com\/it\/wp-json\/wp\/v2\/types\/page"}],"author":[{"embeddable":true,"href":"https:\/\/mathies-antwerpen.com\/it\/wp-json\/wp\/v2\/users\/1"}],"replies":[{"embeddable":true,"href":"https:\/\/mathies-antwerpen.com\/it\/wp-json\/wp\/v2\/comments?post=137850"}],"version-history":[{"count":0,"href":"https:\/\/mathies-antwerpen.com\/it\/wp-json\/wp\/v2\/pages\/137850\/revisions"}],"wp:attachment":[{"href":"https:\/\/mathies-antwerpen.com\/it\/wp-json\/wp\/v2\/media?parent=137850"}],"curies":[{"name":"wp","href":"https:\/\/api.w.org\/{rel}","templated":true}]}}