{"id":140605,"date":"2026-01-02T21:26:52","date_gmt":"2026-01-02T21:26:52","guid":{"rendered":"https:\/\/storempss.com\/?page_id=140605"},"modified":"2026-01-02T21:34:33","modified_gmt":"2026-01-02T21:34:33","slug":"prezzi-dei-prodotti","status":"publish","type":"page","link":"https:\/\/mathies-antwerpen.com\/it\/prezzi-dei-prodotti\/","title":{"rendered":"Prezzi dei prodotti"},"content":{"rendered":"<div  class='flex_column av-av_one_full-a2cef933b0a555f25d1e39b22a8e9dae av_one_full  avia-builder-el-0  el_before_av_one_fourth  avia-builder-el-first  first flex_column_div  '     ><style type=\"text\/css\" data-created_by=\"avia_inline_auto\" id=\"style-css-av-mjxeh4qg-fd50d444960f045489b61a27d8e09191\">\n#top .av-special-heading.av-mjxeh4qg-fd50d444960f045489b61a27d8e09191{\npadding-bottom:10px;\n}\nbody .av-special-heading.av-mjxeh4qg-fd50d444960f045489b61a27d8e09191 .av-special-heading-tag .heading-char{\nfont-size:25px;\n}\n.av-special-heading.av-mjxeh4qg-fd50d444960f045489b61a27d8e09191 .av-subheading{\nfont-size:15px;\n}\n<\/style>\n<div  class='av-special-heading av-mjxeh4qg-fd50d444960f045489b61a27d8e09191 av-special-heading-h3 blockquote elegant-quote elegant-centered  avia-builder-el-1  avia-builder-el-no-sibling '><h3 class='av-special-heading-tag '  itemprop=\"headline\"  ><span class=\"heading-wrap\">Prezzi dei prodotti<\/span><\/h3><div class=\"special-heading-border\"><div class=\"special-heading-inner-border\"><\/div><\/div><\/div><\/div><div  class='flex_column av-av_one_fourth-a2cef933b0a555f25d1e39b22a8e9dae av_one_fourth  avia-builder-el-2  el_after_av_one_full  el_before_av_one_half  first flex_column_div  column-top-margin'     ><\/div><\/p>\n<div  class='flex_column av-av_one_half-538dd737667e19053994a94b9156413b av_one_half  avia-builder-el-3  el_after_av_one_fourth  el_before_av_one_fourth  flex_column_div  column-top-margin'     ><style type=\"text\/css\" data-created_by=\"avia_inline_auto\" id=\"style-css-av-mjxegws2-0b12606f2a8ca3aa6514a510be2c69bc\">\n#top .av_textblock_section.av-mjxegws2-0b12606f2a8ca3aa6514a510be2c69bc .avia_textblock{\nfont-size:15px;\n}\n<\/style>\n<section  class='av_textblock_section av-mjxegws2-0b12606f2a8ca3aa6514a510be2c69bc '   itemscope=\"itemscope\" itemtype=\"https:\/\/schema.org\/CreativeWork\" ><div class='avia_textblock'  itemprop=\"text\" ><p>Prezzi dei prodotti presso MATHIES<\/p>\n<p>MATHIES \u00e8 una societ\u00e0 orientata al profitto. Ci\u00f2 non significa per\u00f2 che vogliamo ottenere un premio del 100-300% per ogni prodotto. Inoltre non ci sottoponiamo ad accordi sui prezzi con imprese concorrenti, come avviene in Germania, Austria e Svizzera.<\/p>\n<p>I prezzi dei prodotti sono regolati dall&#8217;offerta e dalla domanda. Poich\u00e9 vendiamo i nostri prodotti nei paesi europei e a livello internazionale, la quantit\u00e0 di acquisto presso i fornitori aumenta. Di conseguenza, il prezzo d&#8217;acquisto si riduce, permettendoci di adattare i prezzi dei nostri prodotti in modo da garantire ai nostri clienti un prezzo moderato per prodotto, affidabile e a lungo termine.<\/p>\n<p>Inoltre, l&#8217;IVA non viene calcolata per i clienti nell&#8217;Unione europea e internazionale e i prezzi dei prodotti visualizzati nel negozio online e nello store sono al netto dell&#8217;IVA (l&#8217;IVA viene calcolata solo se la promozione non si svolge e quindi solo in Belgio.)<\/p>\n<p>Le spese di spedizione non sono fatturate da MATHIES nei paesi europei, n\u00e9 a livello internazionale.<\/p>\n<p>Di conseguenza, i prezzi per prodotto rientrano in un segmento di prezzo accessibile.<\/p>\n<p>Ultima modifica 25 marzo 1999<\/p>\n<\/div><\/section><\/div><div  class='flex_column av-av_one_fourth-538dd737667e19053994a94b9156413b av_one_fourth  avia-builder-el-5  el_after_av_one_half  avia-builder-el-last  flex_column_div  column-top-margin'     ><\/div><\/p>\n","protected":false},"excerpt":{"rendered":"","protected":false},"author":1,"featured_media":0,"parent":0,"menu_order":0,"comment_status":"closed","ping_status":"closed","template":"","meta":{"_glsr_average":0,"_glsr_ranking":0,"_glsr_reviews":0,"footnotes":""},"class_list":["post-140605","page","type-page","status-publish","hentry"],"_links":{"self":[{"href":"https:\/\/mathies-antwerpen.com\/it\/wp-json\/wp\/v2\/pages\/140605","targetHints":{"allow":["GET"]}}],"collection":[{"href":"https:\/\/mathies-antwerpen.com\/it\/wp-json\/wp\/v2\/pages"}],"about":[{"href":"https:\/\/mathies-antwerpen.com\/it\/wp-json\/wp\/v2\/types\/page"}],"author":[{"embeddable":true,"href":"https:\/\/mathies-antwerpen.com\/it\/wp-json\/wp\/v2\/users\/1"}],"replies":[{"embeddable":true,"href":"https:\/\/mathies-antwerpen.com\/it\/wp-json\/wp\/v2\/comments?post=140605"}],"version-history":[{"count":0,"href":"https:\/\/mathies-antwerpen.com\/it\/wp-json\/wp\/v2\/pages\/140605\/revisions"}],"wp:attachment":[{"href":"https:\/\/mathies-antwerpen.com\/it\/wp-json\/wp\/v2\/media?parent=140605"}],"curies":[{"name":"wp","href":"https:\/\/api.w.org\/{rel}","templated":true}]}}