{"id":1510,"date":"2024-04-01T09:30:55","date_gmt":"2024-04-01T09:30:55","guid":{"rendered":"https:\/\/mineral-oil-trade.com\/?page_id=1510"},"modified":"2025-10-29T06:06:17","modified_gmt":"2025-10-29T06:06:17","slug":"protezione-dei-dati","status":"publish","type":"page","link":"https:\/\/mathies-antwerpen.com\/it\/protezione-dei-dati\/","title":{"rendered":"Protezione dei dati"},"content":{"rendered":"\n<style type=\"text\/css\" data-created_by=\"avia_inline_auto\" id=\"style-css-av-lwcevfs3-ea17f1f93ae87795eba66c5179410c27\">\n#top .av-special-heading.av-lwcevfs3-ea17f1f93ae87795eba66c5179410c27{\npadding-bottom:10px;\n}\nbody .av-special-heading.av-lwcevfs3-ea17f1f93ae87795eba66c5179410c27 .av-special-heading-tag .heading-char{\nfont-size:25px;\n}\n.av-special-heading.av-lwcevfs3-ea17f1f93ae87795eba66c5179410c27 .av-subheading{\nfont-size:15px;\n}\n<\/style>\n<div  class='av-special-heading av-lwcevfs3-ea17f1f93ae87795eba66c5179410c27 av-special-heading-h3  avia-builder-el-0  el_before_av_one_full  avia-builder-el-first '><h3 class='av-special-heading-tag '  itemprop=\"headline\"  >Protezione dei dati<\/h3><div class=\"special-heading-border\"><div class=\"special-heading-inner-border\"><\/div><\/div><\/div>\n\n<style type=\"text\/css\" data-created_by=\"avia_inline_auto\" id=\"style-css-av-2yl9li-8c4c04deb96d0a7141ec68669d64d6f1\">\n.flex_column.av-2yl9li-8c4c04deb96d0a7141ec68669d64d6f1{\nborder-radius:0px 0px 0px 0px;\npadding:0px 0px 0px 0px;\n}\n<\/style>\n<div  class='flex_column av-2yl9li-8c4c04deb96d0a7141ec68669d64d6f1 av_one_full  avia-builder-el-1  el_after_av_heading  avia-builder-el-last  first flex_column_div av-zero-column-padding  '     ><style type=\"text\/css\" data-created_by=\"avia_inline_auto\" id=\"style-css-av-lwcf1y7u-3047af649aff70db69e429c66ea71758\">\n#top .av_textblock_section.av-lwcf1y7u-3047af649aff70db69e429c66ea71758 .avia_textblock{\nfont-size:14px;\n}\n<\/style>\n<section  class='av_textblock_section av-lwcf1y7u-3047af649aff70db69e429c66ea71758 '   itemscope=\"itemscope\" itemtype=\"https:\/\/schema.org\/CreativeWork\" ><div class='avia_textblock'  itemprop=\"text\" ><p><strong>1 Dati personali<\/strong><\/p>\n<p>(a) Raccogliamo, elaboriamo e utilizziamo i tuoi dati personali solo con il tuo consenso o se una normativa legale lo consente. Raccoglieremo, elaboreremo e utilizzeremo solo i dati personali necessari per eseguire e utilizzare i nostri servizi o che ci fornisci volontariamente.<\/p>\n<p>(b) I dati personali sono tutti i dati che contengono informazioni sulle circostanze personali o fattuali di un cliente specifico o identificabile. Ci\u00f2 include, ad esempio, il nome, l&#8217;indirizzo e-mail, l&#8217;indirizzo di casa, il sesso, la data di nascita, il numero di telefono o anche l&#8217;et\u00e0.<\/p>\n<p><strong>2 Finalit\u00e0 della raccolta dei dati personali<\/strong><\/p>\n<p>Abbiamo bisogno dei tuoi dati personali per le seguenti finalit\u00e0:<\/p>\n<p>(a) per elaborare i tuoi ordini (il tuo indirizzo email, il tuo indirizzo di casa, il tuo indirizzo di consegna, se scegli il metodo di pagamento con addebito diretto, i dettagli del tuo account, se scegli il metodo di pagamento con carta di credito, i dettagli della tua carta di credito),<\/p>\n<p>(b) per rispondere alle tue domande (il tuo indirizzo email, se applicabile il tuo numero di telefono, se ce li fornisci volontariamente)<\/p>\n<p><strong>3 Raccolta automatica dei dati tramite cookie<\/strong><\/p>\n<p>(a) Un cookie \u00e8 un piccolo file di testo che viene memorizzato nella cache del tuo browser e consente l&#8217;analisi del tuo utilizzo del nostro sito web. I seguenti dati vengono registrati automaticamente dal nostro sistema informatico utilizzando i cookie quando visitate i nostri siti web:<\/p>\n<p>&#8211; il tuo indirizzo Internet,<\/p>\n<p>&#8211; tipo e versione del browser,<\/p>\n<p>&#8211; Sito web da cui ci visiti (URL di riferimento),<\/p>\n<p>&#8211; sistema operativo utilizzato,<\/p>\n<p>&#8211; Sito web dal quale vieni reindirizzato ai nostri siti web,<\/p>\n<p>&#8211; Data e ora del tuo accesso.<\/p>\n<p>(b) I dati ai sensi del \u00a7 3 par. 1 della dichiarazione sulla protezione dei dati verranno archiviati separatamente da qualsiasi altro dato eventualmente fornitoci. I dati non verranno collegati agli altri tuoi dati. Vengono valutati a fini statistici per ottimizzare i nostri siti web e le nostre offerte. I dati verranno cancellati dopo la valutazione.<\/p>\n<p>(c) Se non desideri che vengano utilizzati i cookie, puoi bloccarne l&#8217;uso nel tuo browser. Non si pu\u00f2 escludere che ci\u00f2 influenzi la funzionalit\u00e0 dei nostri siti web. \u00c8 inoltre possibile opporsi in qualsiasi momento all&#8217;utilizzo dei cookie con effetto futuro tramite e-mail: <strong>info@mathies-antwerpen.com<\/strong>.<\/p>\n<p><strong>4 Raccolta ed elaborazione dei dati durante l&#8217;utilizzo di Google Analytics<\/strong><\/p>\n<p>(a) Questo sito web utilizza Google Analytics, un servizio di analisi web fornito da Google Inc. (\u201cGoogle\u201d). Google Analytics utilizza i cosiddetti &#8220;cookie&#8221;, file di testo che vengono memorizzati sul vostro computer e che consentono l&#8217;analisi del vostro utilizzo del sito web.<\/p>\n<p>(b) Le informazioni generate dal computer sull&#8217;utilizzo di questo sito web vengono rese anonime in modo che non possano pi\u00f9 essere assegnate a una connessione. Di solito vengono trasferiti su un server di Google negli Stati Uniti e ivi archiviati. Tuttavia, se su questo sito web \u00e8 attivata l&#8217;anonimizzazione dell&#8217;IP, il vostro indirizzo IP verr\u00e0 preventivamente abbreviato da Google all&#8217;interno degli stati membri dell&#8217;UE o in altri stati contraenti dell&#8217;accordo sullo Spazio economico europeo. Per conto dell&#8217;operatore di questo sito web, Google utilizzer\u00e0 queste informazioni per valutare l&#8217;utilizzo del sito web, compilare report sulle attivit\u00e0 del sito web per gli operatori del sito web e fornire altri servizi relativi alle attivit\u00e0 del sito web e all&#8217;utilizzo di Internet.<\/p>\n<p>(c) In nessun caso Google assocer\u00e0 il vostro indirizzo IP ad altri dati di Google. Potete impedire l&#8217;installazione dei cookie impostando di conseguenza il software del vostro browser; Desideriamo tuttavia sottolineare che in questo caso non tutte le funzioni del sito web potrebbero essere utilizzabili.<\/p>\n<p>(d) Puoi anche impedire a Google di raccogliere i dati generati dal cookie e relativi al tuo utilizzo del sito web (compreso il tuo indirizzo IP) e di elaborare questi dati da parte di Google utilizzando un componente aggiuntivo del browser per disattivare Google Scarica e installa Analisi per il tuo browser. Puoi trovare lo strumento di disattivazione qui: http:\/\/tools.google.com\/dlpage\/gaoptout?hl=de.<\/p>\n<p><strong>5 Consenso e revoca<\/strong><\/p>\n<p>(a) Se ci avete dato il consenso all&#8217;utilizzo, al trattamento e alla trasmissione dei vostri dati personali per scopi di marketing (ad es. newsletter elettroniche o invio di offerte, utilizzo di Google Analytics), potete farlo in qualsiasi momento senza aderire ad una specifica <strong>forma<\/strong> o scadenza Effetto per il futuro revocato. Inoltre, se utilizziamo i vostri dati nell&#8217;ambito consentito dalla legge, ad esempio, per misure di marketing postale, potete opporvi a tale utilizzo. In entrambi i casi rivolgersi a:<\/p>\n<p><strong>MATHIES \u2022 Indiestraat \u2022 2000 Antwerpen \u2022 Belgien | E-mail: info@mathies-antwerpen.com<\/strong><\/p>\n<p>(b) Dopo la tua revoca, utilizzeremo i tuoi dati esclusivamente per evadere l&#8217;ordine e ci asterremo dall&#8217;inviare ulteriore materiale pubblicitario.<\/p>\n<p><strong>6 Trasferimento di dati personali a terzi<\/strong><\/p>\n<p>Per evadere il tuo ordine, a volte \u00e8 necessario trasmettere i tuoi dati personali a terzi (ad esempio fornitori o spedizionieri). I dati comunicati a terzi verranno da questi utilizzati esclusivamente per adempiere ai propri obblighi o compiti. I trasferimenti a istituzioni o autorit\u00e0 statali avvengono solo nell&#8217;ambito obbligatorio del diritto nazionale.<\/p>\n<p><strong>7 Durata della conservazione dei dati<\/strong><\/p>\n<p>I tuoi dati personali saranno conservati solo per il tempo necessario a fornire i nostri servizi. In alcuni casi, la conservazione dei dati a lungo termine pu\u00f2 essere necessaria a causa di obblighi legali o legali.<\/p>\n<p><strong>8 Sicurezza dei dati<\/strong><\/p>\n<p>Abbiamo messo in atto misure di sicurezza tecniche e organizzative per proteggere i vostri dati, in particolare contro la perdita, la manipolazione o l&#8217;accesso non autorizzato. Adattiamo regolarmente le nostre misure di sicurezza agli sviluppi tecnici continui.<\/p>\n<p><strong>9 informazioni<\/strong><\/p>\n<p>Avete il diritto in qualsiasi momento di richiedere gratuitamente informazioni sui vostri dati da noi memorizzati. Se i tuoi dati vengono memorizzati in modo errato o errato, saremo lieti di correggerli, bloccarli o cancellarli. Ti preghiamo inoltre di comunicarci eventuali modifiche ai tuoi dati personali. Si prega di inviare richieste di informazioni, domande, reclami o suggerimenti in materia di protezione dei dati tramite posta a:<\/p>\n<p><strong>MATHIES \u2022 Indiestraat \u2022 2000 Antwerpen \u2022 Belgien | E-mail: info@mathies-antwerpen.com<\/strong><\/p>\n<\/div><\/section><\/div>\n","protected":false},"excerpt":{"rendered":"","protected":false},"author":1,"featured_media":0,"parent":0,"menu_order":0,"comment_status":"closed","ping_status":"closed","template":"","meta":{"_glsr_average":0,"_glsr_ranking":0,"_glsr_reviews":0,"footnotes":""},"class_list":["post-1510","page","type-page","status-publish","hentry"],"_links":{"self":[{"href":"https:\/\/mathies-antwerpen.com\/it\/wp-json\/wp\/v2\/pages\/1510","targetHints":{"allow":["GET"]}}],"collection":[{"href":"https:\/\/mathies-antwerpen.com\/it\/wp-json\/wp\/v2\/pages"}],"about":[{"href":"https:\/\/mathies-antwerpen.com\/it\/wp-json\/wp\/v2\/types\/page"}],"author":[{"embeddable":true,"href":"https:\/\/mathies-antwerpen.com\/it\/wp-json\/wp\/v2\/users\/1"}],"replies":[{"embeddable":true,"href":"https:\/\/mathies-antwerpen.com\/it\/wp-json\/wp\/v2\/comments?post=1510"}],"version-history":[{"count":0,"href":"https:\/\/mathies-antwerpen.com\/it\/wp-json\/wp\/v2\/pages\/1510\/revisions"}],"wp:attachment":[{"href":"https:\/\/mathies-antwerpen.com\/it\/wp-json\/wp\/v2\/media?parent=1510"}],"curies":[{"name":"wp","href":"https:\/\/api.w.org\/{rel}","templated":true}]}}