{"id":138108,"date":"2025-11-06T19:38:36","date_gmt":"2025-11-06T19:38:36","guid":{"rendered":"https:\/\/storempss.com\/?post_type=product&#038;p=138108"},"modified":"2025-11-21T17:24:03","modified_gmt":"2025-11-21T17:24:03","slug":"giubbotto-di-salvataggio-gonfiabile-da-gara","status":"publish","type":"product","link":"https:\/\/mathies-antwerpen.com\/it\/prodotto\/giubbotto-di-salvataggio-gonfiabile-da-gara\/","title":{"rendered":"Giubbotto di salvataggio gonfiabile da gara"},"content":{"rendered":"<p>Sailsafe Giubbotto di salvataggio gonfiabile da gara. (Helly Hansen)<\/p>\n<p>Il giubbotto di salvataggio Sailsafe \u00e8 un vero e proprio salvavita leggero e rappresenta un&#8217;assicurazione per ogni evenienza.Il suo design ergonomico si traduce in un gilet leggero e flessibile con un&#8217;imbracatura unica e rimovibile che si adatta ai contorni del corpo senza limitare i movimenti. Presenta un sistema di gonfiaggio a martello manuale con un meccanismo di rilascio idrostatico automatico che impedisce il gonfiaggio involontario in condizioni di forte umidit\u00e0. Questo giubbotto di salvataggio \u00e8 certificato secondo la norma ISO 12402; l&#8217;imbragatura di sicurezza integrata \u00e8 certificata secondo la norma ISO 12401. Il design include anche un cappuccio antispruzzo, una luce di emergenza e anelli per le gambe anti-seduta.<\/p>\n<p>Dettagli:<\/p>\n<p>\u2022 Design leggero ed ergonomico<br \/>\n\u2022 Sensore di gonfiaggio del martello automatico con tecnologia di pressione idrostatica<br \/>\n\u2022 Imbragatura pettorale per una posizione di traino pi\u00f9 sicura<br \/>\nProgettato per l&#8217;uso con un attacco morbido alla linea di sicurezza<br \/>\n\u2022 Riflettori omologati SOLAS<br \/>\n\u2022 Anello di presa rinforzato da 5000 N<br \/>\n\u2022 Luce di emergenza SOLAS integrata e automatica<br \/>\n\u2022 Copertina con spazio per il sistema PLB (incluso)<br \/>\n\u2022 Certificato EN ISO 12402-3<\/p>\n<p>&nbsp;<\/p>\n","protected":false},"excerpt":{"rendered":"<p>Sailsafe Giubbotto di salvataggio gonfiabile da gara. (Helly Hansen) Il giubbotto di salvataggio Sailsafe \u00e8 un vero e proprio salvavita leggero e rappresenta un&#8217;assicurazione per ogni evenienza.Il suo design ergonomico si traduce in un gilet leggero e flessibile con un&#8217;imbracatura unica e rimovibile che si adatta ai contorni del corpo senza limitare i movimenti. Presenta [&hellip;]<\/p>\n","protected":false},"featured_media":138101,"template":"","meta":{"_glsr_average":0,"_glsr_ranking":0,"_glsr_reviews":0},"product_brand":[],"product_cat":[55],"product_tag":[],"class_list":{"0":"post-138108","1":"product","2":"type-product","3":"status-publish","4":"has-post-thumbnail","6":"product_cat-giubbotto-di-salvataggio","8":"first","9":"instock","10":"taxable","11":"shipping-taxable","12":"purchasable","13":"product-type-simple"},"_links":{"self":[{"href":"https:\/\/mathies-antwerpen.com\/it\/wp-json\/wp\/v2\/product\/138108","targetHints":{"allow":["GET"]}}],"collection":[{"href":"https:\/\/mathies-antwerpen.com\/it\/wp-json\/wp\/v2\/product"}],"about":[{"href":"https:\/\/mathies-antwerpen.com\/it\/wp-json\/wp\/v2\/types\/product"}],"wp:featuredmedia":[{"embeddable":true,"href":"https:\/\/mathies-antwerpen.com\/it\/wp-json\/wp\/v2\/media\/138101"}],"wp:attachment":[{"href":"https:\/\/mathies-antwerpen.com\/it\/wp-json\/wp\/v2\/media?parent=138108"}],"wp:term":[{"taxonomy":"product_brand","embeddable":true,"href":"https:\/\/mathies-antwerpen.com\/it\/wp-json\/wp\/v2\/product_brand?post=138108"},{"taxonomy":"product_cat","embeddable":true,"href":"https:\/\/mathies-antwerpen.com\/it\/wp-json\/wp\/v2\/product_cat?post=138108"},{"taxonomy":"product_tag","embeddable":true,"href":"https:\/\/mathies-antwerpen.com\/it\/wp-json\/wp\/v2\/product_tag?post=138108"}],"curies":[{"name":"wp","href":"https:\/\/api.w.org\/{rel}","templated":true}]}}