{"id":138140,"date":"2025-11-09T08:11:45","date_gmt":"2025-11-09T08:11:45","guid":{"rendered":"https:\/\/storempss.com\/?post_type=product&#038;p=138140"},"modified":"2025-11-21T17:17:24","modified_gmt":"2025-11-21T17:17:24","slug":"axiom-12-touch-it","status":"publish","type":"product","link":"https:\/\/mathies-antwerpen.com\/it\/prodotto\/axiom-12-touch-it\/","title":{"rendered":"AXIOM+ 12 &#8211; Touch"},"content":{"rendered":"<p>Raymarine AXIOM+ 12\u00a0 \u00e8 dotato del nuovo display HydroTough\u2122 notevolmente pi\u00f9 luminoso, di una maggiore memoria interna e di un processore quad-core pi\u00f9 veloce. Grazie al nuovo LightHouse Dartmouth, potrete beneficiare delle modalit\u00e0 giorno e notte, oltre al supporto per le carte LightHouse Raymarine.<\/p>\n<p>&nbsp;<\/p>\n<p><img loading=\"lazy\" decoding=\"async\" class=\"size-full wp-image-138136\" src=\"https:\/\/mathies-antwerpen.com\/wp-content\/uploads\/2025\/11\/IT-Daten-O.jpg\" alt=\"\" width=\"1255\" height=\"621\" srcset=\"https:\/\/mathies-antwerpen.com\/wp-content\/uploads\/2025\/11\/IT-Daten-O.jpg 1255w, https:\/\/mathies-antwerpen.com\/wp-content\/uploads\/2025\/11\/IT-Daten-O-600x297.jpg 600w, https:\/\/mathies-antwerpen.com\/wp-content\/uploads\/2025\/11\/IT-Daten-O-768x380.jpg 768w, https:\/\/mathies-antwerpen.com\/wp-content\/uploads\/2025\/11\/IT-Daten-O-705x349.jpg 705w, https:\/\/mathies-antwerpen.com\/wp-content\/uploads\/2025\/11\/IT-Daten-O-450x223.jpg 450w\" sizes=\"auto, (max-width: 1255px) 100vw, 1255px\" \/><\/p>\n<p><strong>Specifiche tecniche<\/strong><\/p>\n<ul>\n<li>Dimensioni display<br \/>\n12&#8243;<\/li>\n<li>Risoluzione display<br \/>\n1280 x 800<\/li>\n<li>Tipo di display<br \/>\nMultitouch con HydroTough (rivestimento resistente)<\/li>\n<li>Luminosit\u00e0<br \/>\n1800 nit<\/li>\n<li>Angolo di visione<br \/>\n88\u00b0 superiore, inferiore, sinistro, destro<\/li>\n<li>Tensione<br \/>\n12 V CC (8 &#8211; 16 V CC)<\/li>\n<li>Consumo energetico<br \/>\n15,48 W<\/li>\n<li>Ethernet<br \/>\nS\u00ec, 1 porta<\/li>\n<li>NMEA2000<br \/>\nS\u00ec, 1 porta<\/li>\n<li>NMEA0183<br \/>\nNo<\/li>\n<li>SeaTalkNG<br \/>\nCavo adattatore richiesto<\/li>\n<li>USB<br \/>\n1 porta USB microAB<\/li>\n<li>WiFi<br \/>\nS\u00ec<\/li>\n<li>Bluetooth 4.0<br \/>\nS\u00ec<\/li>\n<li>GPS<br \/>\nIntegrato (10 Hz, 28 canali)<\/li>\n<li>GPS<br \/>\nGLONASS\/Galileo\/Beidou<\/li>\n<li>Sonar<br \/>\nS\u00ec<\/li>\n<li>Radar<br \/>\nCompatibile con Quantum, Digital, HD Color\/Super HD Color e Magnum<\/li>\n<li>Antenne radar<\/li>\n<li>AIS<br \/>\nS\u00ec, tramite NMEA2000<\/li>\n<li>Carte nautiche<br \/>\nNavionics, C-MAP e Lighthouse<\/li>\n<li>Slot per carte<br \/>\n1x<\/li>\n<li>Controllo autopilota<br \/>\nAutopilota Evolution<\/li>\n<li>Termocamera<br \/>\nFLIR AX8, M232, Serie M300, M400, M500<\/li>\n<li>Video\/Fotocamera<br \/>\nCompatibile con CAM210IP e CAM220IP (max. 10 fotocamere)<\/li>\n<li>Temperatura di esercizio<br \/>\nDa -25 a +55 \u00b0C<\/li>\n<li>Temperatura di stoccaggio<br \/>\nDa -30 a +70 \u00b0C<\/li>\n<li>Impermeabile<br \/>\nIPX6 \/ IPX7<\/li>\n<li>Dimensioni<br \/>\n314 x 217 x 77 mm<\/li>\n<li>Peso<br \/>\n2,72 kg<\/li>\n<\/ul>\n<p><strong>Contenuto della confezione<\/strong><\/p>\n<p>Display multifunzione, staffa di montaggio, viti zigrinate, parasole, guarnizioni, viti filettate, cavi di alimentazione e dati e documentazione.<\/p>\n","protected":false},"excerpt":{"rendered":"<p>\u2022 3 anni di garanzia del produttore<br \/>\n\u2022 Spedizione gratuita in tutto il mondo<br \/>\n\u2022 Montaggio e installazione previo accordo<\/p>\n","protected":false},"featured_media":139202,"template":"","meta":{"_glsr_average":0,"_glsr_ranking":0,"_glsr_reviews":0},"product_brand":[],"product_cat":[51],"product_tag":[],"class_list":{"0":"post-138140","1":"product","2":"type-product","3":"status-publish","4":"has-post-thumbnail","6":"product_cat-elettronica-gps-navigazione","8":"first","9":"instock","10":"taxable","11":"shipping-taxable","12":"purchasable","13":"product-type-simple"},"_links":{"self":[{"href":"https:\/\/mathies-antwerpen.com\/it\/wp-json\/wp\/v2\/product\/138140","targetHints":{"allow":["GET"]}}],"collection":[{"href":"https:\/\/mathies-antwerpen.com\/it\/wp-json\/wp\/v2\/product"}],"about":[{"href":"https:\/\/mathies-antwerpen.com\/it\/wp-json\/wp\/v2\/types\/product"}],"wp:featuredmedia":[{"embeddable":true,"href":"https:\/\/mathies-antwerpen.com\/it\/wp-json\/wp\/v2\/media\/139202"}],"wp:attachment":[{"href":"https:\/\/mathies-antwerpen.com\/it\/wp-json\/wp\/v2\/media?parent=138140"}],"wp:term":[{"taxonomy":"product_brand","embeddable":true,"href":"https:\/\/mathies-antwerpen.com\/it\/wp-json\/wp\/v2\/product_brand?post=138140"},{"taxonomy":"product_cat","embeddable":true,"href":"https:\/\/mathies-antwerpen.com\/it\/wp-json\/wp\/v2\/product_cat?post=138140"},{"taxonomy":"product_tag","embeddable":true,"href":"https:\/\/mathies-antwerpen.com\/it\/wp-json\/wp\/v2\/product_tag?post=138140"}],"curies":[{"name":"wp","href":"https:\/\/api.w.org\/{rel}","templated":true}]}}