{"id":138333,"date":"2025-11-15T17:24:19","date_gmt":"2025-11-15T17:24:19","guid":{"rendered":"https:\/\/storempss.com\/?post_type=product&#038;p=138333"},"modified":"2025-11-21T17:13:55","modified_gmt":"2025-11-21T17:13:55","slug":"axiom-9-touch-rv-ais700-it","status":"publish","type":"product","link":"https:\/\/mathies-antwerpen.com\/it\/prodotto\/axiom-9-touch-rv-ais700-it\/","title":{"rendered":"AXIOM+ 9 \/ Touch \/ RV \/ AIS700"},"content":{"rendered":"<p><strong>AXIOM+ 9 \/ Touch \/ con sonar RealVision 3D integrato, trasduttore RV-100 e AIS700<\/strong><\/p>\n<p>Raymarine AXIOM+ \u00e8 dotato del nuovo display HydroTough\u2122 notevolmente pi\u00f9 luminoso, di una maggiore memoria interna e di un processore quad-core pi\u00f9 veloce. Grazie al nuovo LightHouse Dartmouth, potrete beneficiare delle modalit\u00e0 giorno e notte, nonch\u00e9 del supporto per le carte LightHouse Raymarine.<\/p>\n<p><strong>Dati prodotto<\/strong><\/p>\n<p>Codice articolo<br \/>\n40109450<\/p>\n<p>Nome<br \/>\nRAYMARINE AXIOM+ 9&#8243; RV incl. RV100 e AIS700<\/p>\n<p>Dimensioni display<br \/>\n9 pollici<\/p>\n<p>Risoluzione<br \/>\n1280 x 720 px<\/p>\n<p>Angolo di visione<br \/>\n85\u00b0<\/p>\n<p>Luminosit\u00e0 schermo<br \/>\n1500 nit<\/p>\n<p>Tipo di funzionamento<br \/>\nTouchscreen<\/p>\n<p>NMEA2000<\/p>\n<p>Compatibile con radar<br \/>\nS\u00ec<\/p>\n<p>Controllo tramite tablet<br \/>\nS\u00ec<\/p>\n<p>Modulo sonar<br \/>\nS\u00ec<\/p>\n<p>Tipo sonar<br \/>\nCHIRP \/ Fishfinder, DownVision, SideVision, RealVision 3D, Profondit\u00e0 numerica<\/p>\n<p>Angolo di visione sonar<br \/>\nVerso il basso, di lato<\/p>\n<p>Trasduttori Raymarine compatibili<br \/>\nCPT-S CHIRP, CPT-100, CPT-110, CPT-120, RV-100, RV-200, RV-212, RV-220 RV-300, RV-312, RV-320, RV-400, RV-412, RV-420<\/p>\n<p>Supporto carte<br \/>\nS\u00ec<\/p>\n<p>Carte<br \/>\nC-MAP 4D, Navionics+, Navionics Platinum+, LightHouse<\/p>\n<p>Larghezza di installazione<br \/>\n231 mm<\/p>\n<p>Altezza di installazione<br \/>\n145 mm<\/p>\n<p>Trasduttore incluso<br \/>\nS\u00ec<\/p>\n<p>Display sonar<br \/>\nPesci, Struttura del fondale, Struttura del fondale 3D<\/p>\n<p>Grado di protezione IP<br \/>\nIPX7<\/p>\n<p>Garanzia del produttore<br \/>\n3 anni<\/p>\n<p><strong>Informazioni sulla spedizione<\/strong><br \/>\nSpedizione gratuita in tutto il mondo<\/p>\n","protected":false},"excerpt":{"rendered":"<p>\u2022 3 anni di garanzia del produttore<br \/>\n\u2022 Spedizione gratuita in tutto il mondo<br \/>\n\u2022 Montaggio e installazione previo accordo<\/p>\n","protected":false},"featured_media":139212,"template":"","meta":{"_glsr_average":0,"_glsr_ranking":0,"_glsr_reviews":0},"product_brand":[],"product_cat":[51],"product_tag":[],"class_list":{"0":"post-138333","1":"product","2":"type-product","3":"status-publish","4":"has-post-thumbnail","6":"product_cat-elettronica-gps-navigazione","8":"first","9":"instock","10":"taxable","11":"shipping-taxable","12":"purchasable","13":"product-type-simple"},"_links":{"self":[{"href":"https:\/\/mathies-antwerpen.com\/it\/wp-json\/wp\/v2\/product\/138333","targetHints":{"allow":["GET"]}}],"collection":[{"href":"https:\/\/mathies-antwerpen.com\/it\/wp-json\/wp\/v2\/product"}],"about":[{"href":"https:\/\/mathies-antwerpen.com\/it\/wp-json\/wp\/v2\/types\/product"}],"wp:featuredmedia":[{"embeddable":true,"href":"https:\/\/mathies-antwerpen.com\/it\/wp-json\/wp\/v2\/media\/139212"}],"wp:attachment":[{"href":"https:\/\/mathies-antwerpen.com\/it\/wp-json\/wp\/v2\/media?parent=138333"}],"wp:term":[{"taxonomy":"product_brand","embeddable":true,"href":"https:\/\/mathies-antwerpen.com\/it\/wp-json\/wp\/v2\/product_brand?post=138333"},{"taxonomy":"product_cat","embeddable":true,"href":"https:\/\/mathies-antwerpen.com\/it\/wp-json\/wp\/v2\/product_cat?post=138333"},{"taxonomy":"product_tag","embeddable":true,"href":"https:\/\/mathies-antwerpen.com\/it\/wp-json\/wp\/v2\/product_tag?post=138333"}],"curies":[{"name":"wp","href":"https:\/\/api.w.org\/{rel}","templated":true}]}}