{"id":138672,"date":"2025-11-19T14:48:14","date_gmt":"2025-11-19T14:48:14","guid":{"rendered":"https:\/\/storempss.com\/?post_type=product&#038;p=138672"},"modified":"2025-11-21T17:10:34","modified_gmt":"2025-11-21T17:10:34","slug":"axiom-9-touch-realvision-3d-sonar-it","status":"publish","type":"product","link":"https:\/\/mathies-antwerpen.com\/it\/prodotto\/axiom-9-touch-realvision-3d-sonar-it\/","title":{"rendered":"AXIOM+ 9 \/ Touch \/ RealVision 3D Sonar"},"content":{"rendered":"<p><strong>AXIOM+ 9 \/ Touch \/ con sonar RealVision 3D integrato<\/strong><\/p>\n<p>Raymarine AXIOM+ dispone del nuovo display HydroToughTM molto pi\u00f9 luminoso, di una maggiore memoria interna e di un processore quad-core pi\u00f9 veloce. Grazie al nuovo LightHouse Dartmouth si possono sfruttare i vantaggi delle modalit\u00e0 giorno e notte, oltre al supporto di Raymarine LightHouse Charts<\/p>\n<p><strong>Dati del prodotto<\/strong><\/p>\n<p>EAN \/ Codice prodotto<br \/>\n00723193836934<\/p>\n<p>Numero di modello.<br \/>\nE70637<\/p>\n<p>Denominazione<br \/>\nRaymarine &#8211; AXIOM+ 9 \/ con sonar RealVision 3D integrato<\/p>\n<p>Serie<br \/>\nAXIOM+<\/p>\n<p>Dimensioni del display<br \/>\n9 pollici<\/p>\n<p>Risoluzione<br \/>\n1280 x 720 px<\/p>\n<p>angolo di visione<br \/>\n85 \u00b0<\/p>\n<p>luminosit\u00e0 dello schermo<br \/>\n1500 Nits<\/p>\n<p>Tipo di comando<br \/>\nTouch screen<\/p>\n<p>NMEA2000<br \/>\nS\u00ec<\/p>\n<p>NMEA0183<br \/>\nNo<\/p>\n<p>WiFi<br \/>\nS\u00ec<\/p>\n<p>Bluetooth<br \/>\nS\u00ec<\/p>\n<p>Ethernet \/ rete<br \/>\nS\u00ec<\/p>\n<p>Radar<br \/>\nS\u00ec<\/p>\n<p>Controllo tablet<br \/>\nS\u00ec<\/p>\n<p>modulo sonar<br \/>\nS\u00ec<\/p>\n<p>Sonarart<br \/>\nCHIRP \/ Fishfinder, DownVision, SideVision, RealVision 3D, profondit\u00e0 numerica<\/p>\n<p>Angolo di visione del sonar<br \/>\nverso il basso, lateralmente<\/p>\n<p>trasduttori Raymarine compatibili<br \/>\nCPT-S CHIRP, CPT-100, CPT-110, CPT-120, RV-100, RV-200, RV-212, RV-220, RV-300, RV-312, RV-320, RV-400, RV-412, RV-420<\/p>\n<p>Supporto carte nautiche<br \/>\nS\u00ec<\/p>\n<p>carte nautiche<br \/>\nC-MAP 4D, Navionics+, Navionics Platinum+, LightHouse Charts<\/p>\n<p>Larghezza di montaggio<br \/>\n231 mm<\/p>\n<p>Altezza di montaggio<br \/>\n145 mm<\/p>\n<p>Con distributore<br \/>\nNo<\/p>\n<p>Rappresentazione sonar<br \/>\nPesci, struttura del suolo, struttura del suolo 3D<\/p>\n<p>Classe di protezione IP<br \/>\nIPX7<\/p>\n<p>&nbsp;<\/p>\n<p>\u2022 3 anni di garanzia del produttore<br \/>\n\u2022 Spedizione gratuita in tutto il mondo<br \/>\n\u2022 Montaggio e installazione previo accordo<\/p>\n<p>&nbsp;<\/p>\n","protected":false},"excerpt":{"rendered":"<p>\u2022 3 anni di garanzia del produttore<br \/>\n\u2022 Spedizione gratuita in tutto il mondo<br \/>\n\u2022 Montaggio e installazione previo accordo<\/p>\n","protected":false},"featured_media":139207,"template":"","meta":{"_glsr_average":0,"_glsr_ranking":0,"_glsr_reviews":0},"product_brand":[],"product_cat":[51],"product_tag":[],"class_list":{"0":"post-138672","1":"product","2":"type-product","3":"status-publish","4":"has-post-thumbnail","6":"product_cat-elettronica-gps-navigazione","8":"first","9":"instock","10":"taxable","11":"shipping-taxable","12":"purchasable","13":"product-type-simple"},"_links":{"self":[{"href":"https:\/\/mathies-antwerpen.com\/it\/wp-json\/wp\/v2\/product\/138672","targetHints":{"allow":["GET"]}}],"collection":[{"href":"https:\/\/mathies-antwerpen.com\/it\/wp-json\/wp\/v2\/product"}],"about":[{"href":"https:\/\/mathies-antwerpen.com\/it\/wp-json\/wp\/v2\/types\/product"}],"wp:featuredmedia":[{"embeddable":true,"href":"https:\/\/mathies-antwerpen.com\/it\/wp-json\/wp\/v2\/media\/139207"}],"wp:attachment":[{"href":"https:\/\/mathies-antwerpen.com\/it\/wp-json\/wp\/v2\/media?parent=138672"}],"wp:term":[{"taxonomy":"product_brand","embeddable":true,"href":"https:\/\/mathies-antwerpen.com\/it\/wp-json\/wp\/v2\/product_brand?post=138672"},{"taxonomy":"product_cat","embeddable":true,"href":"https:\/\/mathies-antwerpen.com\/it\/wp-json\/wp\/v2\/product_cat?post=138672"},{"taxonomy":"product_tag","embeddable":true,"href":"https:\/\/mathies-antwerpen.com\/it\/wp-json\/wp\/v2\/product_tag?post=138672"}],"curies":[{"name":"wp","href":"https:\/\/api.w.org\/{rel}","templated":true}]}}