{"id":138999,"date":"2025-11-29T20:11:30","date_gmt":"2025-11-29T20:11:30","guid":{"rendered":"https:\/\/storempss.com\/?post_type=product&#038;p=138999"},"modified":"2025-11-29T20:21:39","modified_gmt":"2025-11-29T20:21:39","slug":"ais-trasmettitore-ricevitore-ais700-con-sotdma-e-splitter","status":"publish","type":"product","link":"https:\/\/mathies-antwerpen.com\/it\/prodotto\/ais-trasmettitore-ricevitore-ais700-con-sotdma-e-splitter\/","title":{"rendered":"AIS Trasmettitore\/ricevitore &#8211; AIS700 con SOTDMA e splitter"},"content":{"rendered":"<p>RAYMARINE<br \/>\nTrasmettitore\/ricevitore AIS700 con SOTDMA e splitter<\/p>\n<p>Raymarine AIS700 Transponder SOTDMA AIS<\/p>\n<p>Il nuovo transponder AIS700 di Raymarine \u00e8 dotato della pi\u00f9 recente tecnologia SOTDMA-AIS che consente di trasmettere e ricevere i dati AIS ad intervalli pi\u00f9 lunghi, grazie all&#8217;elevata potenza di trasmissione di 5 watt rispetto ai tradizionali dispositivi AIS di classe B. Inoltre, i transponder SOTDMA-AIS non possono pi\u00f9 essere soppressi dagli apparecchi di classe A. L&#8217;AIS700 \u00e8 dotato di uno splitter interno che consente di utilizzare l&#8217;antenna FM esistente.<br \/>\nSplitter interno dell&#8217;antenna<\/p>\n<p>\u2022 tecnologia AIS SOTDMA con una potenza di trasmissione di 5 W<br \/>\n\u2022 Ricevitore GPS integrato a 72 canali, con antenna GPS esterna (lunghezza del cavo 10 m)<br \/>\n\u2022 NMEA2000 (Micro-C male), NMEA0183 e interfaccia USB<\/p>\n<p>Dati del prodotto<\/p>\n<p>EAN \/ Codice prodotto<br \/>\n00723193822616<\/p>\n<p>Numero di modello.<br \/>\nE70476<\/p>\n<p>Denominazione<br \/>\nRicetrasmettitore RAYMARINE AIS700 m splitter integrato<\/p>\n<p>Tipo di comunicazione<br \/>\nTrasmettitore\/ricevitore<\/p>\n<p>Classe<br \/>\nClasse B<\/p>\n<p>SOTDMA in grado<br \/>\nS\u00ec<\/p>\n<p>Potenza di trasmissione<br \/>\n5 W<\/p>\n<p>Splitter VHF integrato<br \/>\nS\u00ec<\/p>\n<p>GPS<br \/>\nS\u00ec<\/p>\n<p>NMEA2000<br \/>\nS\u00ec<\/p>\n<p>NMEA0183<br \/>\nS\u00ec<\/p>\n<p>WiFi<br \/>\nS\u00ec<\/p>\n<p>USB<br \/>\nS\u00ec<\/p>\n<p>DAB<br \/>\nNo<\/p>\n<p>DVB-T2<br \/>\nNo<\/p>\n<p>Radio FM<br \/>\nS\u00ec<\/p>\n<p>Ethernet \/ rete<br \/>\nS\u00ec<\/p>\n<p>Slot per schede SD<br \/>\nNo<\/p>\n<p>Inserimento del numero MMSI<br \/>\nDai clienti finali<\/p>\n<p>Contenuto della fornitura<\/p>\n<p>\u2022 Transponder AIS700 Class-B SOTDMA AIS<br \/>\n\u2022 Antenna GPS GNSS a 72 canali (con cavo da 10 m)<br \/>\n\u2022 Cavo di alimentazione\/dati (2 m \/ 6,56 piedi)<br \/>\n\u2022 Cavo radio FM (1 m \/ 3,28 piedi)<br \/>\n\u2022 Cavo adattatore Micro-C su SeaTalkNG<br \/>\n\u2022 Guarnizione antenna GPS<br \/>\n\u2022 Antenne GPS per montaggio su palo<br \/>\n\u2022 Accessori di montaggio<br \/>\n\u2022 Dado e rondella M5 (messa a terra)<br \/>\n\u2022 Documentazione 24 lingue<\/p>\n<p>3 anni di garanzia del produttore<br \/>\nSpedizione gratuita in tutto il mondo<br \/>\nMontaggio e installazione su richiesta<\/p>\n<p>&nbsp;<\/p>\n","protected":false},"excerpt":{"rendered":"<p>3 anni di garanzia del produttore<br \/>\nSpedizione gratuita in tutto il mondo<br \/>\nMontaggio e installazione su richiesta<\/p>\n","protected":false},"featured_media":139192,"template":"","meta":{"_glsr_average":0,"_glsr_ranking":0,"_glsr_reviews":0},"product_brand":[],"product_cat":[51],"product_tag":[],"class_list":{"0":"post-138999","1":"product","2":"type-product","3":"status-publish","4":"has-post-thumbnail","6":"product_cat-elettronica-gps-navigazione","8":"first","9":"instock","10":"taxable","11":"shipping-taxable","12":"purchasable","13":"product-type-simple"},"_links":{"self":[{"href":"https:\/\/mathies-antwerpen.com\/it\/wp-json\/wp\/v2\/product\/138999","targetHints":{"allow":["GET"]}}],"collection":[{"href":"https:\/\/mathies-antwerpen.com\/it\/wp-json\/wp\/v2\/product"}],"about":[{"href":"https:\/\/mathies-antwerpen.com\/it\/wp-json\/wp\/v2\/types\/product"}],"wp:featuredmedia":[{"embeddable":true,"href":"https:\/\/mathies-antwerpen.com\/it\/wp-json\/wp\/v2\/media\/139192"}],"wp:attachment":[{"href":"https:\/\/mathies-antwerpen.com\/it\/wp-json\/wp\/v2\/media?parent=138999"}],"wp:term":[{"taxonomy":"product_brand","embeddable":true,"href":"https:\/\/mathies-antwerpen.com\/it\/wp-json\/wp\/v2\/product_brand?post=138999"},{"taxonomy":"product_cat","embeddable":true,"href":"https:\/\/mathies-antwerpen.com\/it\/wp-json\/wp\/v2\/product_cat?post=138999"},{"taxonomy":"product_tag","embeddable":true,"href":"https:\/\/mathies-antwerpen.com\/it\/wp-json\/wp\/v2\/product_tag?post=138999"}],"curies":[{"name":"wp","href":"https:\/\/api.w.org\/{rel}","templated":true}]}}