{"id":139283,"date":"2025-12-07T05:58:48","date_gmt":"2025-12-07T05:58:48","guid":{"rendered":"https:\/\/storempss.com\/?post_type=product&#038;p=139283"},"modified":"2026-01-30T06:22:55","modified_gmt":"2026-01-30T06:22:55","slug":"radar-quantum-q24c-cavo-di-alimentazione-e-dati-da-15-m","status":"publish","type":"product","link":"https:\/\/mathies-antwerpen.com\/it\/prodotto\/radar-quantum-q24c-cavo-di-alimentazione-e-dati-da-15-m\/","title":{"rendered":"Radar QUANTUM Q24C \/ cavo di alimentazione e dati da 15 m"},"content":{"rendered":"<p><strong>RAYMARINE<\/strong><br \/>\n<strong>Radar QUANTUM Q24C \/ cavo di alimentazione e dati da 15 m<\/strong><\/p>\n<p>L&#8217;antenna radar Raymarine QUANTUM, by FLIR, \u00e8 la nuova generazione di antenne radar marine con tecnologia CHIRP. Fornitura con 15 m di cavo per l&#8217;alimentazione e i dati.<\/p>\n<p><strong>Dati tecnici<\/strong><\/p>\n<p>Tensione di ingresso<br \/>\n12 \/ 24 V DC (min: 10,8 V, max 31,2 V)<\/p>\n<p>Rete<br \/>\nWi-Fi o Ethernet (RayNet)<\/p>\n<p>Tipo di antenna<br \/>\nPatch Array<\/p>\n<p>Consumo di corrente<br \/>\nModalit\u00e0 di trasmissione 17W; modalit\u00e0 standby 7W; modalit\u00e0 sleep 2W<\/p>\n<p>Portata<br \/>\nDa 6 m a 24 NM<\/p>\n<p>Frequenza di trasmissione<br \/>\nda 9354 a 9446 MHz<\/p>\n<p>Potenza di uscita massima<br \/>\n20 W<\/p>\n<p>Duplexer<br \/>\ncircolatore<\/p>\n<p>Larghezza di impulso<br \/>\n(3 dB) 40 ns fino a 14,7 \u03bcs<\/p>\n<p>Lunghezza CHIRP<br \/>\n400 ns fino a 20 \u03bcs<\/p>\n<p>Larghezza di banda CHIRP<br \/>\nFino a 32 MHz<\/p>\n<p>Larghezza di banda IF<br \/>\n26 MHz<\/p>\n<p>Rumore<br \/>\ninferiore a 4 dB<\/p>\n<p>Intervallo massimo di scala<br \/>\nda 6 m a 24 miglia nautiche<\/p>\n<p>Angolo di apertura (nominale)<br \/>\n4,9o orizzontale e 20o verticale<\/p>\n<p>Polarizzazione<br \/>\nOrizzontale<\/p>\n<p>Impermeabile<br \/>\nIPX6<\/p>\n<p>Peso<br \/>\n5,6 kg (12,3 libbre)<\/p>\n<p>3 Garanzia del produttore<br \/>\nSpedizione gratuita in tutto il mondo<br \/>\nInstallazione possibile in tutto il mondo.<\/p>\n","protected":false},"excerpt":{"rendered":"<p>3 Garanzia del produttore<br \/>\nSpedizione gratuita in tutto il mondo<br \/>\nInstallazione possibile in tutto il mondo.<\/p>\n","protected":false},"featured_media":139238,"template":"","meta":{"_glsr_average":0,"_glsr_ranking":0,"_glsr_reviews":0},"product_brand":[],"product_cat":[72],"product_tag":[],"class_list":{"0":"post-139283","1":"product","2":"type-product","3":"status-publish","4":"has-post-thumbnail","6":"product_cat-sistemi-radar","8":"first","9":"instock","10":"taxable","11":"shipping-taxable","12":"purchasable","13":"product-type-simple"},"_links":{"self":[{"href":"https:\/\/mathies-antwerpen.com\/it\/wp-json\/wp\/v2\/product\/139283","targetHints":{"allow":["GET"]}}],"collection":[{"href":"https:\/\/mathies-antwerpen.com\/it\/wp-json\/wp\/v2\/product"}],"about":[{"href":"https:\/\/mathies-antwerpen.com\/it\/wp-json\/wp\/v2\/types\/product"}],"wp:featuredmedia":[{"embeddable":true,"href":"https:\/\/mathies-antwerpen.com\/it\/wp-json\/wp\/v2\/media\/139238"}],"wp:attachment":[{"href":"https:\/\/mathies-antwerpen.com\/it\/wp-json\/wp\/v2\/media?parent=139283"}],"wp:term":[{"taxonomy":"product_brand","embeddable":true,"href":"https:\/\/mathies-antwerpen.com\/it\/wp-json\/wp\/v2\/product_brand?post=139283"},{"taxonomy":"product_cat","embeddable":true,"href":"https:\/\/mathies-antwerpen.com\/it\/wp-json\/wp\/v2\/product_cat?post=139283"},{"taxonomy":"product_tag","embeddable":true,"href":"https:\/\/mathies-antwerpen.com\/it\/wp-json\/wp\/v2\/product_tag?post=139283"}],"curies":[{"name":"wp","href":"https:\/\/api.w.org\/{rel}","templated":true}]}}