{"id":139581,"date":"2025-12-11T20:50:59","date_gmt":"2025-12-11T20:50:59","guid":{"rendered":"https:\/\/storempss.com\/?post_type=product&#038;p=139581"},"modified":"2025-12-11T21:05:27","modified_gmt":"2025-12-11T21:05:27","slug":"strumento-multifunzione-i70s-it","status":"publish","type":"product","link":"https:\/\/mathies-antwerpen.com\/it\/prodotto\/strumento-multifunzione-i70s-it\/","title":{"rendered":"Strumento multifunzione i70s"},"content":{"rendered":"<div class=\"translation-box-wrapper box-position-wrapper full-screen\">\n<div class=\"translation-inputs\">\n<div class=\"translation-input translation-input__source transparent-border-left transparent-border-bottom translation-input--ltr error translation-input__source__active translation-input__source__nmt\">\n<div class=\"translation-input__main\">\n<div class=\"translation-input__main__textarea-and-sentences\">\n<div class=\"textarea__container\">\n<div class=\"textarea__resize-div\" dir=\"ltr\" contenteditable=\"true\"><\/div>\n<\/div>\n<div class=\"sentence-wrapper input-sentence-wrapper hasTargetHover\" dir=\"ltr\">\n<p>RAYMARINE &#8211; Strumento multifunzione i70s<\/p>\n<p>Lo strumento multifunzione i70s di Raymarine offre la flessibilit\u00e0 necessaria per visualizzare i dati di strumentazione e navigazione.<\/p>\n<p>Caratteristiche principali<\/p>\n<p>\u2022 LCD ultra luminoso da 4,1&#8243; di grandi dimensioni per la massima visibilit\u00e0<br \/>\n\u2022 La tecnologia del display per tutte le condizioni meteorologiche offre colori brillanti, contrasti nitidi e un ampio angolo di visione<br \/>\n\u2022 Il nuovo design Glass Bridge completa la serie di display multifunzionali Raymarine eS e gS<br \/>\n\u2022 Interfaccia utente semplice con tastiera in gomma sagomata per un funzionamento preciso in tutte le condizioni<br \/>\n\u2022 Display dati personalizzabili per profondit\u00e0, velocit\u00e0, vento e molto altro<br \/>\n\u2022 Compatibile con la rete SeaTalkng per il collegamento senza soluzione di continuit\u00e0 ai sistemi Raymarine e alle reti NMEA2000*<br \/>\n\u2022 Connettivit\u00e0 NMEA2000* per motore, ambiente, carburante e dati di navigazione<br \/>\n\u2022 Comoda modalit\u00e0 ricevitore AIS per il tracciamento visivo di obiettivi AIS vicini<br \/>\n\u2022 Combina l&#8217;i70s con il convertitore del trasduttore ITC-5 e collega i trasduttori analogici di profondit\u00e0, velocit\u00e0 e vento<br \/>\n\u2022 Collega l&#8217;i70s a un sensore Airmar DST800 e al nuovo sensore per interni intelligente P79s<br \/>\n\u2022 Dotata di telaio frontale nero (design serie eS) e argento (design serie e) e coperchio protettivo<\/p>\n<p>Rete<br \/>\nRaymarine i70s consente il collegamento con le seguenti reti di bordo:<br \/>\n\u2022 Reti SeaTalk di prima generazione utilizzando un cavo adattatore SeaTalkng su SeaTalkng<br \/>\nReti SeaTalkng di ultima generazione<br \/>\n\u2022 Reti NMEA2000 utilizzando un adattatore DeviceNet SeaTalkng<br \/>\n\u2022 Oltre alla capacit\u00e0 di rete flessibile, l&#8217;i70s offre fonti dati selezionabili dall&#8217;utente per l&#8217;integrazione in reti multi-sensore<\/p>\n<p>Ricevitore AIS<br \/>\nRiceve i dati AIS da un ricevitore AIS NMEA2000 collegato e rappresenta le 25 destinazioni pi\u00f9 vicine. Quando si seleziona una destinazione, vengono visualizzati i dati relativi alla nave.<\/p>\n<\/div>\n<\/div>\n<\/div>\n<div dir=\"ltr\">\n<p>Connessione del trasduttore<br \/>\nCollega lo strumento i70s all&#8217;innovativo convertitore ITC-5 per una perfetta integrazione dei sensori analogici di profondit\u00e0, vento, velocit\u00e0, bussola e timone. In alternativa, l&#8217;i70s pu\u00f2 essere utilizzato con i trasduttori attivi DST800 e p79s Airmar.<\/p>\n<p>3 Garanzia del produttore<br \/>\nSpedizione gratuita in tutto il mondo<br \/>\nInstallazione possibile in tutto il mondo.<\/p>\n<\/div>\n<\/div>\n<\/div>\n<\/div>\n","protected":false},"excerpt":{"rendered":"<p>3 Garanzia del produttore<br \/>\nSpedizione gratuita in tutto il mondo<br \/>\nInstallazione possibile in tutto il mondo.<\/p>\n","protected":false},"featured_media":139532,"template":"","meta":{"_glsr_average":0,"_glsr_ranking":0,"_glsr_reviews":0},"product_brand":[],"product_cat":[51],"product_tag":[],"class_list":{"0":"post-139581","1":"product","2":"type-product","3":"status-publish","4":"has-post-thumbnail","6":"product_cat-elettronica-gps-navigazione","8":"first","9":"instock","10":"taxable","11":"shipping-taxable","12":"purchasable","13":"product-type-simple"},"_links":{"self":[{"href":"https:\/\/mathies-antwerpen.com\/it\/wp-json\/wp\/v2\/product\/139581","targetHints":{"allow":["GET"]}}],"collection":[{"href":"https:\/\/mathies-antwerpen.com\/it\/wp-json\/wp\/v2\/product"}],"about":[{"href":"https:\/\/mathies-antwerpen.com\/it\/wp-json\/wp\/v2\/types\/product"}],"wp:featuredmedia":[{"embeddable":true,"href":"https:\/\/mathies-antwerpen.com\/it\/wp-json\/wp\/v2\/media\/139532"}],"wp:attachment":[{"href":"https:\/\/mathies-antwerpen.com\/it\/wp-json\/wp\/v2\/media?parent=139581"}],"wp:term":[{"taxonomy":"product_brand","embeddable":true,"href":"https:\/\/mathies-antwerpen.com\/it\/wp-json\/wp\/v2\/product_brand?post=139581"},{"taxonomy":"product_cat","embeddable":true,"href":"https:\/\/mathies-antwerpen.com\/it\/wp-json\/wp\/v2\/product_cat?post=139581"},{"taxonomy":"product_tag","embeddable":true,"href":"https:\/\/mathies-antwerpen.com\/it\/wp-json\/wp\/v2\/product_tag?post=139581"}],"curies":[{"name":"wp","href":"https:\/\/api.w.org\/{rel}","templated":true}]}}