{"id":139683,"date":"2025-12-13T17:24:36","date_gmt":"2025-12-13T17:24:36","guid":{"rendered":"https:\/\/storempss.com\/?post_type=product&#038;p=139683"},"modified":"2025-12-13T17:31:13","modified_gmt":"2025-12-13T17:31:13","slug":"pilota-automatico-pilota-automatico-ev-100","status":"publish","type":"product","link":"https:\/\/mathies-antwerpen.com\/it\/prodotto\/pilota-automatico-pilota-automatico-ev-100\/","title":{"rendered":"Pilota pinna \/ pilota automatico EV-100"},"content":{"rendered":"<p>RAYMARINE<br \/>\nPilota pinna \/ pilota automatico EV-100<\/p>\n<p>Il pinna automatico \/ autopilota EV-100 \u00e8 un perfetto pilota automatico per gli yacht comandati da pinne<\/p>\n<p>Il pilota EV-100 \u00e8 un perfetto autopilota per yacht pilotati da pinne fino a 6 t di cilindrata, lunghezza ideale della barca fino a 11 m.<br \/>\nCon il nuovo autopilota EV-100 di Raymarine, pilotare la tua barca \u00e8 pi\u00f9 facile che mai. Non \u00e8 pi\u00f9 necessaria una complessa calibrazione. Grazie al sensore EV intelligente, l&#8217;autopilota monitora tutti i movimenti della nave in tutte le direzioni e adatta automaticamente il comando alle condizioni del mare senza che l&#8217;utente debba effettuare ulteriori regolazioni. Un altro grande vantaggio del pilota automatico \u00e8 la flessibilit\u00e0 nell&#8217;installazione. Mentre si installa l&#8217;unit\u00e0 di comando possibilmente dove \u00e8 pi\u00f9 facile raggiungerla, \u00e8 possibile montare il sensore EV dove fa per voi. Non importa se sopra o sotto il ponte, il nucleo del sensore \u00e8 protetto dall&#8217;ingresso di acqua secondo IPx6 e IPx7. I vari componenti possono essere facilmente collegati tramite SeatalkNG (NMEA2000). I cavi necessari sono inclusi nella fornitura.<\/p>\n<p>\u2022 \u00e8 possibile collegare altre unit\u00e0 di comando tramite la rete SeaTalkng<br \/>\n\u2022 Unit\u00e0 di azionamento compatta e robusta, potente<\/p>\n<p>Contenuto della fornitura<\/p>\n<p>\u2022 Unit\u00e0 di comando della pinna S1<br \/>\n\u2022 Unit\u00e0 di comando autopilota p70s<br \/>\n\u2022 Unit\u00e0 di controllo del motore ACU-100<br \/>\n\u2022 sensore EV-1<br \/>\n\u2022 1 cavo di alimentazione SeaTalkng<br \/>\n\u2022 1 cavo Backbone SeaTalkng (5 m)<br \/>\n\u2022 1 cavo SeaTalkng Spur (1,0 m)<br \/>\n\u2022 1 connettore a 5 vie SeaTalkng<br \/>\n\u2022 2 pezzi a T SeaTalkng<br \/>\n\u2022 2 x SeaTalkng Terminator<\/p>\n<p>3 Garanzia del produttore<br \/>\nSpedizione gratuita in tutto il mondo<br \/>\nInstallazione possibile in tutto il mondo<\/p>\n","protected":false},"excerpt":{"rendered":"<p>3 Garanzia del produttore<br \/>\nSpedizione gratuita in tutto il mondo<br \/>\nInstallazione possibile in tutto il mondo<\/p>\n","protected":false},"featured_media":139630,"template":"","meta":{"_glsr_average":0,"_glsr_ranking":0,"_glsr_reviews":0},"product_brand":[],"product_cat":[51],"product_tag":[],"class_list":{"0":"post-139683","1":"product","2":"type-product","3":"status-publish","4":"has-post-thumbnail","6":"product_cat-elettronica-gps-navigazione","8":"first","9":"instock","10":"taxable","11":"shipping-taxable","12":"purchasable","13":"product-type-simple"},"_links":{"self":[{"href":"https:\/\/mathies-antwerpen.com\/it\/wp-json\/wp\/v2\/product\/139683","targetHints":{"allow":["GET"]}}],"collection":[{"href":"https:\/\/mathies-antwerpen.com\/it\/wp-json\/wp\/v2\/product"}],"about":[{"href":"https:\/\/mathies-antwerpen.com\/it\/wp-json\/wp\/v2\/types\/product"}],"wp:featuredmedia":[{"embeddable":true,"href":"https:\/\/mathies-antwerpen.com\/it\/wp-json\/wp\/v2\/media\/139630"}],"wp:attachment":[{"href":"https:\/\/mathies-antwerpen.com\/it\/wp-json\/wp\/v2\/media?parent=139683"}],"wp:term":[{"taxonomy":"product_brand","embeddable":true,"href":"https:\/\/mathies-antwerpen.com\/it\/wp-json\/wp\/v2\/product_brand?post=139683"},{"taxonomy":"product_cat","embeddable":true,"href":"https:\/\/mathies-antwerpen.com\/it\/wp-json\/wp\/v2\/product_cat?post=139683"},{"taxonomy":"product_tag","embeddable":true,"href":"https:\/\/mathies-antwerpen.com\/it\/wp-json\/wp\/v2\/product_tag?post=139683"}],"curies":[{"name":"wp","href":"https:\/\/api.w.org\/{rel}","templated":true}]}}