{"id":139721,"date":"2025-12-16T15:10:43","date_gmt":"2025-12-16T15:10:43","guid":{"rendered":"https:\/\/storempss.com\/?post_type=product&#038;p=139721"},"modified":"2025-12-17T10:22:29","modified_gmt":"2025-12-17T10:22:29","slug":"autopilot-ev-dbw-volvo-edition","status":"publish","type":"product","link":"https:\/\/mathies-antwerpen.com\/it\/prodotto\/autopilot-ev-dbw-volvo-edition\/","title":{"rendered":"Autopilot EV-DBW Volvo Edition"},"content":{"rendered":"<p>Raymarine<br \/>\n<strong>Autopilot EV-DBW Volvo Edition<\/strong><\/p>\n<p>L&#8217;autopilota digitale EV-DBW Pilot \u00e8 per imbarcazioni con controllo elettronico drive-by-wire. La Volvo Edition \u00e8 da intendersi come un&#8217;unit\u00e0 completa, che comprende l&#8217;hardware e i set di cavi necessari. Ci\u00f2 garantisce che il montaggio su un sistema di propulsione Volvo Penta IPS o Aquamatic non richieda particolari sforzi.<\/p>\n<p>Un affidabile controllo dell&#8217;autopilota \u00e8 dato dalla tecnologia del sensore EV 2, perch\u00e9 solo cos\u00ec lo scambio di dati viene effettuato in modo preciso tramite la comunicazione bus CAN.<\/p>\n<p>Questo speciale pacchetto SET EV-DBW Volvo Edition contiene:<\/p>\n<p>\u2022 Unit\u00e0 di comando autopilota p70Rs ruotabile<br \/>\n\u2022 Nucleo sensore EV-2<br \/>\n\u2022 Interfaccia di controllo sotto implementazione per il motore ECI-100<br \/>\n\u2022 Cavo EVC-Link Volvo<br \/>\n\u2022 Cavo Volvo Y<br \/>\n\u2022 Set di cavi Evolution<\/p>\n<p>EV-DBW Volvo Edition Pilot &#8211; punti succinti che parlano da soli.<\/p>\n<p>\u2022 Funziona con i sistemi di trasmissione e controllo Volvo Penta IPS e Aquamatic.<br \/>\n\u2022 Interfaccia dati macchina e cablaggio specifico Volvo inclusi.<br \/>\n\u2022 SeaTalkNG\/NMEA2000 per il collegamento in rete con strumenti e plotter cartografici.<br \/>\n\u2022 L&#8217;installazione e\/o la calibrazione del pilota automatico non sono pi\u00f9 necessarie.<br \/>\n\u2022 Contiene il sensore EV-2.<br \/>\n\u2022 Intelligente sensore di direzione a 9 assi.<br \/>\n\u2022 Adattamento e ulteriore sviluppo delle mutevoli condizioni marittime e dinamiche navali.<\/p>\n<p>3 Garanzia del produttore<br \/>\nSpedizione gratuita in tutto il mondo<br \/>\nInstallazione possibile in tutto il mondo<\/p>\n","protected":false},"excerpt":{"rendered":"<p>3 Garanzia del produttore<br \/>\nSpedizione gratuita in tutto il mondo<br \/>\nInstallazione possibile in tutto il mondo<\/p>\n","protected":false},"featured_media":139727,"template":"","meta":{"_glsr_average":0,"_glsr_ranking":0,"_glsr_reviews":0},"product_brand":[],"product_cat":[51],"product_tag":[],"class_list":{"0":"post-139721","1":"product","2":"type-product","3":"status-publish","4":"has-post-thumbnail","6":"product_cat-elettronica-gps-navigazione","8":"first","9":"instock","10":"taxable","11":"shipping-taxable","12":"purchasable","13":"product-type-simple"},"_links":{"self":[{"href":"https:\/\/mathies-antwerpen.com\/it\/wp-json\/wp\/v2\/product\/139721","targetHints":{"allow":["GET"]}}],"collection":[{"href":"https:\/\/mathies-antwerpen.com\/it\/wp-json\/wp\/v2\/product"}],"about":[{"href":"https:\/\/mathies-antwerpen.com\/it\/wp-json\/wp\/v2\/types\/product"}],"wp:featuredmedia":[{"embeddable":true,"href":"https:\/\/mathies-antwerpen.com\/it\/wp-json\/wp\/v2\/media\/139727"}],"wp:attachment":[{"href":"https:\/\/mathies-antwerpen.com\/it\/wp-json\/wp\/v2\/media?parent=139721"}],"wp:term":[{"taxonomy":"product_brand","embeddable":true,"href":"https:\/\/mathies-antwerpen.com\/it\/wp-json\/wp\/v2\/product_brand?post=139721"},{"taxonomy":"product_cat","embeddable":true,"href":"https:\/\/mathies-antwerpen.com\/it\/wp-json\/wp\/v2\/product_cat?post=139721"},{"taxonomy":"product_tag","embeddable":true,"href":"https:\/\/mathies-antwerpen.com\/it\/wp-json\/wp\/v2\/product_tag?post=139721"}],"curies":[{"name":"wp","href":"https:\/\/api.w.org\/{rel}","templated":true}]}}