{"id":140021,"date":"2025-12-27T16:43:44","date_gmt":"2025-12-27T16:43:44","guid":{"rendered":"https:\/\/storempss.com\/?post_type=product&#038;p=140021"},"modified":"2025-12-27T16:50:22","modified_gmt":"2025-12-27T16:50:22","slug":"radar-a-fessura-cyclone-pro-121-cm","status":"publish","type":"product","link":"https:\/\/mathies-antwerpen.com\/it\/prodotto\/radar-a-fessura-cyclone-pro-121-cm\/","title":{"rendered":"Radar a fessura CYCLONE PRO \/ 121 cm-"},"content":{"rendered":"<p><strong>RAYMARINE<\/strong><br \/>\n<strong>Radar a fessura CYCLONE PRO \/ 121 cm<\/strong><\/p>\n<p>Con il radar a fessura Cyclone Pro di Raymarine \u00e8 possibile navigare in tutta sicurezza sulle vie navigabili pi\u00f9 trafficate. Dispone di diverse tecnologie innovative e convince con un&#8217;immagine veloce di 60 giri\/min. Potenza: 110 W.<\/p>\n<p>Estremamente resistente<br \/>\nL&#8217;apparecchio radar \u00e8 adatto per il funzionamento fino ad una forza del vento di 100 kn e quindi resiste anche a condizioni meteorologiche estreme.<\/p>\n<p>Panoramica a 360\u00b0<br \/>\nGrazie all&#8217;elevata velocit\u00e0 di rotazione di 60 giri\/min, puoi seguire con precisione il tuo bersaglio e acquisire una consapevolezza della situazione a 360\u00b0.<\/p>\n<p>Tracciamento Doppler e ARPA<br \/>\nGrazie alla funzione Doppler integrata, \u00e8 possibile distinguere facilmente i bersagli pericolosi da quelli sicuri. La tecnologia ARPA consente inoltre il tracciamento professionale di fino a 50 bersagli con la stessa avanzata tecnologia ARPA.<\/p>\n<p>Tecnologia RangeFusion<br \/>\nLa tecnologia RangeFusion combina impulsi brevi e lunghi in un&#8217;unica immagine radar ad alta risoluzione, fornendo allo stesso tempo obiettivi eccezionali a lunga distanza e in prossimit\u00e0.<\/p>\n<p>Assistenza speciale per i pescatori<br \/>\nUn altro vantaggio della serie Cyclone Pro \u00e8 che la potenza pu\u00f2 essere adattata specificamente alla localizzazione di stormi di uccelli. In questo modo intelligente \u00e8 possibile ottimizzare le impostazioni di amplificazione e sintonizzazione per il rilevamento degli uccelli marini lontani.<\/p>\n<p>Altezza totale ridotta e installazione pulita<br \/>\nIl proiettore a fessura convince inoltre per l&#8217;altezza ridotta di soli 335 mm. Inoltre, la base dell&#8217;antenna dispone di un passacavi integrato che consente di nascondere in modo pulito tutte le connessioni dei cavi.<\/p>\n<p>3 Garanzia del produttore<br \/>\nSpedizione gratuita in tutto il mondo<br \/>\nInstallazione possibile in tutto il mondo<\/p>\n","protected":false},"excerpt":{"rendered":"<p>3 Garanzia del produttore<br \/>\nSpedizione gratuita in tutto il mondo<br \/>\nInstallazione possibile in tutto il mondo<\/p>\n","protected":false},"featured_media":139972,"template":"","meta":{"_glsr_average":0,"_glsr_ranking":0,"_glsr_reviews":0},"product_brand":[],"product_cat":[72],"product_tag":[],"class_list":{"0":"post-140021","1":"product","2":"type-product","3":"status-publish","4":"has-post-thumbnail","6":"product_cat-sistemi-radar","8":"first","9":"instock","10":"taxable","11":"shipping-taxable","12":"purchasable","13":"product-type-simple"},"_links":{"self":[{"href":"https:\/\/mathies-antwerpen.com\/it\/wp-json\/wp\/v2\/product\/140021","targetHints":{"allow":["GET"]}}],"collection":[{"href":"https:\/\/mathies-antwerpen.com\/it\/wp-json\/wp\/v2\/product"}],"about":[{"href":"https:\/\/mathies-antwerpen.com\/it\/wp-json\/wp\/v2\/types\/product"}],"wp:featuredmedia":[{"embeddable":true,"href":"https:\/\/mathies-antwerpen.com\/it\/wp-json\/wp\/v2\/media\/139972"}],"wp:attachment":[{"href":"https:\/\/mathies-antwerpen.com\/it\/wp-json\/wp\/v2\/media?parent=140021"}],"wp:term":[{"taxonomy":"product_brand","embeddable":true,"href":"https:\/\/mathies-antwerpen.com\/it\/wp-json\/wp\/v2\/product_brand?post=140021"},{"taxonomy":"product_cat","embeddable":true,"href":"https:\/\/mathies-antwerpen.com\/it\/wp-json\/wp\/v2\/product_cat?post=140021"},{"taxonomy":"product_tag","embeddable":true,"href":"https:\/\/mathies-antwerpen.com\/it\/wp-json\/wp\/v2\/product_tag?post=140021"}],"curies":[{"name":"wp","href":"https:\/\/api.w.org\/{rel}","templated":true}]}}