{"id":140073,"date":"2025-12-28T15:40:26","date_gmt":"2025-12-28T15:40:26","guid":{"rendered":"https:\/\/storempss.com\/?post_type=product&#038;p=140073"},"modified":"2025-12-28T15:49:55","modified_gmt":"2025-12-28T15:49:55","slug":"sistema-senza-fili-del-vento-i70s-dst800","status":"publish","type":"product","link":"https:\/\/mathies-antwerpen.com\/it\/prodotto\/sistema-senza-fili-del-vento-i70s-dst800\/","title":{"rendered":"Sistema senza fili del vento i70s + DST800"},"content":{"rendered":"<p><strong>RAYMARINE<\/strong><br \/>\n<strong>Sistema senza fili del vento i70s con DST800, sensore di direzione EV1 &amp; secondo i70s<\/strong><\/p>\n<p>Questo sistema completo di Raymarine include il display multifunzione i70S, il gateway wireless Micro-Talk, un&#8217;unit\u00e0 di rilevamento del vento senza fili, il sensore di rotta EV-1 e un trasduttore di dati di profondit\u00e0, velocit\u00e0 e temperatura DST-800.<\/p>\n<p>Questo sistema completo di Raymarine include il display multifunzione i70S, il gateway wireless Micro-Talk, un&#8217;unit\u00e0 di rilevamento del vento senza fili, il sensore di rotta EV-1 e un trasduttore di dati di profondit\u00e0, velocit\u00e0 e temperatura DST-800.<\/p>\n<p>Tutti i cavi e connettori necessari per costruire una rete SeaTalkNG sono inclusi. Il Micro-Talk Gateway in dotazione comunica direttamente con l&#8217;unit\u00e0 di stoccaggio wireless T120. Il trasduttore di rottura DST800 misura profondit\u00e0, temperatura e velocit\u00e0, che possono essere visualizzati direttamente sull&#8217;i70S.<\/p>\n<p>Contenuto della fornitura<br \/>\nMicro-Talk Gateway E70361 senza cavo<br \/>\nCentrale eolica senza cavo T120<br \/>\nDisplay a distanza senza cavo T113<br \/>\nMultifunktionsdisplay i70S E70327<br \/>\nEvolution EV-1 sensore di rotta E70096<br \/>\nTrasduttore di rottura DST-800 (profondit\u00e0, temperatura, velocit\u00e0) A22111<br \/>\nSeaTalkNG cavo di alimentazione A06049<br \/>\nSeaTalkNG Cavo backbone (5 m) A06036<br \/>\nSeaTalk NG 5 punti di distribuzione A06064<br \/>\nSeaTalkNG Resistori finali (2 pezzi) A06031<br \/>\nSeaTalkNG T-piece A06028<\/p>\n<p>3 Garanzia del produttore<br \/>\nSpedizione gratuita in tutto il mondo<br \/>\nInstallazione possibile in tutto il mondo.<\/p>\n","protected":false},"excerpt":{"rendered":"<p>3 Garanzia del produttore<br \/>\nSpedizione gratuita in tutto il mondo<br \/>\nInstallazione possibile in tutto il mondo.<\/p>\n","protected":false},"featured_media":140043,"template":"","meta":{"_glsr_average":0,"_glsr_ranking":0,"_glsr_reviews":0},"product_brand":[],"product_cat":[51],"product_tag":[],"class_list":{"0":"post-140073","1":"product","2":"type-product","3":"status-publish","4":"has-post-thumbnail","6":"product_cat-elettronica-gps-navigazione","8":"first","9":"instock","10":"taxable","11":"shipping-taxable","12":"purchasable","13":"product-type-simple"},"_links":{"self":[{"href":"https:\/\/mathies-antwerpen.com\/it\/wp-json\/wp\/v2\/product\/140073","targetHints":{"allow":["GET"]}}],"collection":[{"href":"https:\/\/mathies-antwerpen.com\/it\/wp-json\/wp\/v2\/product"}],"about":[{"href":"https:\/\/mathies-antwerpen.com\/it\/wp-json\/wp\/v2\/types\/product"}],"wp:featuredmedia":[{"embeddable":true,"href":"https:\/\/mathies-antwerpen.com\/it\/wp-json\/wp\/v2\/media\/140043"}],"wp:attachment":[{"href":"https:\/\/mathies-antwerpen.com\/it\/wp-json\/wp\/v2\/media?parent=140073"}],"wp:term":[{"taxonomy":"product_brand","embeddable":true,"href":"https:\/\/mathies-antwerpen.com\/it\/wp-json\/wp\/v2\/product_brand?post=140073"},{"taxonomy":"product_cat","embeddable":true,"href":"https:\/\/mathies-antwerpen.com\/it\/wp-json\/wp\/v2\/product_cat?post=140073"},{"taxonomy":"product_tag","embeddable":true,"href":"https:\/\/mathies-antwerpen.com\/it\/wp-json\/wp\/v2\/product_tag?post=140073"}],"curies":[{"name":"wp","href":"https:\/\/api.w.org\/{rel}","templated":true}]}}