{"id":140326,"date":"2025-12-31T18:14:33","date_gmt":"2025-12-31T18:14:33","guid":{"rendered":"https:\/\/storempss.com\/?post_type=product&#038;p=140326"},"modified":"2025-12-31T18:23:46","modified_gmt":"2025-12-31T18:23:46","slug":"axiom-2-pro-9-s","status":"publish","type":"product","link":"https:\/\/mathies-antwerpen.com\/it\/prodotto\/axiom-2-pro-9-s\/","title":{"rendered":"AXIOM 2 PRO 9 S"},"content":{"rendered":"<p><strong>RAYMARINE<\/strong><br \/>\n<strong>AXIOM 2 PRO 9 S<\/strong><\/p>\n<p>Il Raymarine AXIOM 2 Pro \u00e8 dotato di un processore a 6 core ultraveloce e vanta un display di qualit\u00e0 superiore, un&#8217;ergonomia migliorata e l&#8217;intuitivo sistema operativo LightHouse 4. HybridTouch consente un controllo semplice e affidabile del touchscreen e dei pulsanti. Un sensore di luce ambientale regola automaticamente la luminosit\u00e0 dello schermo in base alle condizioni di illuminazione e, grazie al modulo sonar integrato, \u00e8 possibile osservare anche il mondo sottomarino. Inoltre, la serie AXIOM 2 Pro \u00e8 in grado di elaborare un&#8217;ampia gamma di carte nautiche dettagliate. La variante Pro S \u00e8 dotata di sonar CHIRP monocanale.<\/p>\n<p>Pi\u00f9 potenza e frame rate pi\u00f9 elevati<br \/>\nCon il processore a 6 core integrato, sarai ancora pi\u00f9 veloce. Questa tecnologia consente un tempo di avvio pi\u00f9 rapido del 10% e frame rate al secondo pi\u00f9 elevati per un&#8217;immagine ancora pi\u00f9 fluida.<\/p>\n<p>Comandi HybridTouch<\/p>\n<p>Pianifica e crea le tue rotte con i fluidi comandi touchscreen o prendi il controllo in mare mosso con gli affidabili pulsanti.<\/p>\n<p>Display HydroTough<\/p>\n<p>HydroTough \u00e8 un nanorivestimento resistente all&#8217;acqua progettato per condizioni estreme. Garantisce un funzionamento affidabile del touchscreen sia in condizioni di bagnato che di asciutto, nonch\u00e9 colori vivaci e visibilit\u00e0, anche in piena luce solare. Grazie alle sue propriet\u00e0 anti-impronta, lo schermo rimane pulito ed \u00e8 pi\u00f9 facile da pulire.<\/p>\n<p>Regolazione automatica della luminosit\u00e0 dello schermo<br \/>\nUn sensore di luce ambientale regola automaticamente la luminosit\u00e0 del display in base alle condizioni di luce ambientale, di giorno e di notte. Ci\u00f2 si traduce in un minore consumo energetico e temperature di esercizio ridotte. Se necessario, la regolazione automatica pu\u00f2 essere disattivata e regolata manualmente con la semplice pressione di un pulsante.<\/p>\n<p>Pulsanti personalizzabili<br \/>\nLa tastiera sul lato destro del display \u00e8 personalizzabile. \u00c8 possibile scegliere tra i comandi del pilota automatico o i tasti funzione programmati dall&#8217;utente. Entrambi sono inclusi e possono essere sostituiti rapidamente e facilmente.<\/p>\n<p>Carte nautiche dettagliate (opzionali)<\/p>\n<p>AXIOM 2 Pro pu\u00f2 elaborare e visualizzare un&#8217;ampia variet\u00e0 di carte nautiche. Basta selezionare un&#8217;area di navigazione adatta tra la gamma di marchi affidabili Navionics+, Navionics Platinum+ o C-MAP 4D (disponibili separatamente) e sei pronto a partire. Due diverse aree di navigazione o una carta nautica pi\u00f9 una scheda di memoria aggiuntiva possono essere integrate tramite i due slot per schede microSD. Il ricevitore GPS integrato garantisce un posizionamento preciso e affidabile.<\/p>\n<p>Modulo sonar CHIRP integrato<br \/>\nDotato di un singolo canale sonar ad alta frequenza CHIRP. Supporta i trasduttori CPT-S.<\/p>\n<p>Un vero tuttofare!<\/p>\n<p>Le numerose opzioni di connettivit\u00e0 della serie AXIOM 2 Pro sono particolarmente degne di nota. Che si tratti di autopiloti, antenne radar, dispositivi AIS, sistemi audio, trasduttori sonar o videocamere, tutta l&#8217;elettronica dell&#8217;imbarcazione pu\u00f2 essere integrata e visualizzata perfettamente sul display multifunzione. Crea un sistema con pi\u00f9 display Axiom tramite Raynet\/Ethernet o trasmetti video e audio a monitor o TV remoti tramite l&#8217;uscita micro HDMI. Goditi un funzionamento intuitivo tramite il sistema operativo LightHouse 4.<\/p>\n<p>Tutte le connessioni a colpo d&#8217;occhio:<\/p>\n<p>2 porte Raynet\/Ethernet<br \/>\n1 porta NMEA2000 (con adattatore SeaTalkNG)<br \/>\n1 porta per antenna GPS esterna<br \/>\n1 uscita Micro HDMI<br \/>\n1 uscita Alimentazione\/Video\/Audio<br \/>\n1 connettore sonar a 25 pin<br \/>\n1 porta USB<\/p>\n<p>Garanzia del produttore di 3 anni<br \/>\nSpedizione gratuita in tutto il mondo<br \/>\nAssemblaggio e installazione disponibili su richiesta<\/p>\n","protected":false},"excerpt":{"rendered":"<p>Garanzia del produttore di 3 anni<br \/>\nSpedizione gratuita in tutto il mondo<br \/>\nAssemblaggio e installazione disponibili su richiesta<\/p>\n","protected":false},"featured_media":140285,"template":"","meta":{"_glsr_average":0,"_glsr_ranking":0,"_glsr_reviews":0},"product_brand":[],"product_cat":[51],"product_tag":[],"class_list":{"0":"post-140326","1":"product","2":"type-product","3":"status-publish","4":"has-post-thumbnail","6":"product_cat-elettronica-gps-navigazione","8":"first","9":"instock","10":"taxable","11":"shipping-taxable","12":"purchasable","13":"product-type-simple"},"_links":{"self":[{"href":"https:\/\/mathies-antwerpen.com\/it\/wp-json\/wp\/v2\/product\/140326","targetHints":{"allow":["GET"]}}],"collection":[{"href":"https:\/\/mathies-antwerpen.com\/it\/wp-json\/wp\/v2\/product"}],"about":[{"href":"https:\/\/mathies-antwerpen.com\/it\/wp-json\/wp\/v2\/types\/product"}],"wp:featuredmedia":[{"embeddable":true,"href":"https:\/\/mathies-antwerpen.com\/it\/wp-json\/wp\/v2\/media\/140285"}],"wp:attachment":[{"href":"https:\/\/mathies-antwerpen.com\/it\/wp-json\/wp\/v2\/media?parent=140326"}],"wp:term":[{"taxonomy":"product_brand","embeddable":true,"href":"https:\/\/mathies-antwerpen.com\/it\/wp-json\/wp\/v2\/product_brand?post=140326"},{"taxonomy":"product_cat","embeddable":true,"href":"https:\/\/mathies-antwerpen.com\/it\/wp-json\/wp\/v2\/product_cat?post=140326"},{"taxonomy":"product_tag","embeddable":true,"href":"https:\/\/mathies-antwerpen.com\/it\/wp-json\/wp\/v2\/product_tag?post=140326"}],"curies":[{"name":"wp","href":"https:\/\/api.w.org\/{rel}","templated":true}]}}