{"id":140376,"date":"2025-12-31T19:09:49","date_gmt":"2025-12-31T19:09:49","guid":{"rendered":"https:\/\/storempss.com\/?post_type=product&#038;p=140376"},"modified":"2025-12-31T19:18:23","modified_gmt":"2025-12-31T19:18:23","slug":"axiom-2-pro-9-rvm","status":"publish","type":"product","link":"https:\/\/mathies-antwerpen.com\/it\/prodotto\/axiom-2-pro-9-rvm\/","title":{"rendered":"AXIOM 2 PRO 9 RVM"},"content":{"rendered":"<p><strong>RAYMARINE<\/strong><br \/>\n<strong>AXIOM 2 PRO 9 RVM<\/strong><\/p>\n<p>Pi\u00f9 potenza e frequenza di aggiornamento pi\u00f9 elevata<br \/>\nCon il processore integrato a 6 core, sarai ancora pi\u00f9 veloce. Questa tecnologia consente un tempo di avvio pi\u00f9 rapido del 10% e frame rate al secondo pi\u00f9 elevati, per immagini ancora pi\u00f9 fluide.<\/p>\n<p>Funzionamento HybridTouch<br \/>\nPianifica e crea le tue rotte con i fluidi comandi touchscreen o prendi il controllo in mare agitato con gli affidabili pulsanti.<\/p>\n<p>Display HydroTough<br \/>\nHydroTough \u00e8 un nanorivestimento idrorepellente progettato per condizioni estreme. Garantisce un funzionamento affidabile del touchscreen in condizioni di bagnato e asciutto, nonch\u00e9 colori vivaci e visibilit\u00e0, anche in piena luce solare. Grazie alle sue propriet\u00e0 anti-impronta, lo schermo rimane pulito ed \u00e8 pi\u00f9 facile da pulire.<\/p>\n<p>Regolazione automatica della luminosit\u00e0 dello schermo<br \/>\nUn sensore di luce ambientale regola automaticamente la luminosit\u00e0 del display in base alle condizioni di luce ambientale, di giorno e di notte. Ci\u00f2 si traduce in un minore consumo energetico e temperature di esercizio ridotte. Se necessario, l&#8217;impostazione pu\u00f2 essere disattivata e regolata manualmente con il semplice tocco di un pulsante.<\/p>\n<p>Pulsanti intercambiabili singolarmente<br \/>\nLa tastiera sul lato destro del display pu\u00f2 essere personalizzata manualmente. \u00c8 possibile scegliere tra i comandi del pilota automatico o i tasti funzione programmati dall&#8217;utente. Entrambi sono inclusi e possono essere sostituiti rapidamente e facilmente.<\/p>\n<p>Carte nautiche dettagliate (opzionali)<br \/>\nAXIOM 2 Pro \u00e8 in grado di elaborare e visualizzare un&#8217;ampia variet\u00e0 di carte nautiche. \u00c8 sufficiente selezionare un&#8217;area di navigazione adatta tra la gamma di marchi affidabili Navionics+, Navionics Platinum+ o C-MAP 4D (disponibili separatamente) e si \u00e8 pronti a partire. \u00c8 possibile integrare due diverse aree di navigazione o una carta nautica pi\u00f9 una scheda di memoria aggiuntiva tramite i due slot per schede microSD. Il ricevitore GPS integrato garantisce un posizionamento preciso e affidabile.<\/p>\n<p>Trova pi\u00f9 pesci con RealVision MAX<br \/>\nDotato della nuova tecnologia sonar RealVision MAX e CHIRP da 1 kW, RealVision MAX ottimizza DownVision, SideVision e sonar 3D con una portata maggiore, una risoluzione migliorata e un puntamento pi\u00f9 nitido. Supporta anche i trasduttori RV pi\u00f9 vecchi (retrocompatibili).<\/p>\n<p>Un vero tuttofare!<\/p>\n<p>Le numerose opzioni di connettivit\u00e0 della serie AXIOM 2 Pro sono particolarmente degne di nota. Che si tratti di autopiloti, antenne radar, dispositivi AIS, sistemi audio, trasduttori sonar o videocamere, tutti i dispositivi elettronici della tua imbarcazione possono essere perfettamente integrati e visualizzati sul display multifunzione. Crea un sistema con pi\u00f9 display Axiom tramite Raynet\/Ethernet o trasmetti video e audio a monitor o TV remoti tramite l&#8217;uscita micro HDMI. Inoltre, offre un funzionamento intuitivo tramite il sistema operativo LightHouse 4.<\/p>\n<p>Tutte le connessioni a colpo d&#8217;occhio:<\/p>\n<p>2 porte Ethernet Raynet<br \/>\n1 porta NMEA2000 (con adattatore SeaTalkNG)<br \/>\n1 porta per antenna GPS esterna<br \/>\n1 uscita Micro HDMI<br \/>\n1 uscita Alimentazione\/Video\/Audio<br \/>\n2 porte sonar<br \/>\n1 porta USB<\/p>\n<p>Garanzia del produttore di 3 anni<br \/>\nSpedizione gratuita in tutto il mondo<br \/>\nAssemblaggio e installazione disponibili su richiesta<\/p>\n","protected":false},"excerpt":{"rendered":"<p>Garanzia del produttore di 3 anni<br \/>\nSpedizione gratuita in tutto il mondo<br \/>\nAssemblaggio e installazione disponibili su richiesta<\/p>\n","protected":false},"featured_media":140335,"template":"","meta":{"_glsr_average":0,"_glsr_ranking":0,"_glsr_reviews":0},"product_brand":[],"product_cat":[51],"product_tag":[],"class_list":{"0":"post-140376","1":"product","2":"type-product","3":"status-publish","4":"has-post-thumbnail","6":"product_cat-elettronica-gps-navigazione","8":"first","9":"instock","10":"taxable","11":"shipping-taxable","12":"purchasable","13":"product-type-simple"},"_links":{"self":[{"href":"https:\/\/mathies-antwerpen.com\/it\/wp-json\/wp\/v2\/product\/140376","targetHints":{"allow":["GET"]}}],"collection":[{"href":"https:\/\/mathies-antwerpen.com\/it\/wp-json\/wp\/v2\/product"}],"about":[{"href":"https:\/\/mathies-antwerpen.com\/it\/wp-json\/wp\/v2\/types\/product"}],"wp:featuredmedia":[{"embeddable":true,"href":"https:\/\/mathies-antwerpen.com\/it\/wp-json\/wp\/v2\/media\/140335"}],"wp:attachment":[{"href":"https:\/\/mathies-antwerpen.com\/it\/wp-json\/wp\/v2\/media?parent=140376"}],"wp:term":[{"taxonomy":"product_brand","embeddable":true,"href":"https:\/\/mathies-antwerpen.com\/it\/wp-json\/wp\/v2\/product_brand?post=140376"},{"taxonomy":"product_cat","embeddable":true,"href":"https:\/\/mathies-antwerpen.com\/it\/wp-json\/wp\/v2\/product_cat?post=140376"},{"taxonomy":"product_tag","embeddable":true,"href":"https:\/\/mathies-antwerpen.com\/it\/wp-json\/wp\/v2\/product_tag?post=140376"}],"curies":[{"name":"wp","href":"https:\/\/api.w.org\/{rel}","templated":true}]}}