{"id":140812,"date":"2026-01-12T13:21:19","date_gmt":"2026-01-12T13:21:19","guid":{"rendered":"https:\/\/storempss.com\/?post_type=product&#038;p=140812"},"modified":"2026-01-12T13:26:52","modified_gmt":"2026-01-12T13:26:52","slug":"termocamera-ip-m232-con-ar200","status":"publish","type":"product","link":"https:\/\/mathies-antwerpen.com\/it\/prodotto\/termocamera-ip-m232-con-ar200\/","title":{"rendered":"Termocamera IP M232 con AR200"},"content":{"rendered":"<p><strong>RAYMARINE<\/strong><br \/>\n<strong>Termocamera IP M232 con modulo di realt\u00e0 aumentata AR200<\/strong><\/p>\n<p>La termocamera IP orientabile e inclinabile M232 di Flir \u00e8 la pi\u00f9 piccola della serie e vanta una tecnologia termica che migliora la percezione nelle applicazioni marittime. Grazie all&#8217;eccellente risoluzione, gli ostacoli e i bersagli vengono rilevati anche in condizioni di totale oscurit\u00e0, garantendo una navigazione sicura anche nelle condizioni pi\u00f9 difficili. In combinazione con il modulo di realt\u00e0 aumentata Raymarine AR200, i dati di navigazione vengono trasmessi in tempo reale all&#8217;immagine della fotocamera.<\/p>\n<p>Termocamera FLIR M232<\/p>\n<p>La termocamera IP orientabile e inclinabile M232 di Flir \u00e8 la pi\u00f9 piccola della serie e vanta una tecnologia termica che migliora la percezione nelle applicazioni marittime. Grazie all&#8217;eccellente risoluzione, gli ostacoli e i bersagli vengono rilevati anche in condizioni di totale oscurit\u00e0, garantendo una navigazione sicura anche nelle condizioni pi\u00f9 difficili.<\/p>\n<p>Navigazione sicura e ClearCruise compatibile<br \/>\nL&#8217;imaging termico fornisce un eccellente rilevamento del bersaglio anche in condizioni di totale oscurit\u00e0, consentendo ai conducenti di orientarsi sulle acque in modo pi\u00f9 sicuro rispetto a quanto sarebbe possibile con un sistema radar o un faro.<br \/>\nIn combinazione con un display multifunzione opzionale, \u00e8 possibile sfruttare i vantaggi della tecnologia di analisi termica ClearCruise. ClearCruise emette allarmi acustici e visivi quando vengono rilevati oggetti come imbarcazioni, ostacoli o marcatori di navigazione nel campo visivo della telecamera.<\/p>\n<p>Visione ideale e funzione zoom<br \/>\nGrazie all&#8217;eccellente risoluzione, garantisce la migliore visibilit\u00e0 possibile su tutto l&#8217;orizzonte. Inoltre, la fotocamera dispone di una funzione zoom continuo a quattro posizioni.<\/p>\n<p>3 anni di garanzia del produttore<br \/>\nSpedizione gratuita in tutto il mondo<br \/>\nMontaggio e installazione previo accordo<\/p>\n","protected":false},"excerpt":{"rendered":"<p>3 anni di garanzia del produttore<br \/>\nSpedizione gratuita in tutto il mondo<br \/>\nMontaggio e installazione previo accordo<\/p>\n","protected":false},"featured_media":140775,"template":"","meta":{"_glsr_average":0,"_glsr_ranking":0,"_glsr_reviews":0},"product_brand":[],"product_cat":[51],"product_tag":[],"class_list":{"0":"post-140812","1":"product","2":"type-product","3":"status-publish","4":"has-post-thumbnail","6":"product_cat-elettronica-gps-navigazione","8":"first","9":"instock","10":"taxable","11":"shipping-taxable","12":"purchasable","13":"product-type-simple"},"_links":{"self":[{"href":"https:\/\/mathies-antwerpen.com\/it\/wp-json\/wp\/v2\/product\/140812","targetHints":{"allow":["GET"]}}],"collection":[{"href":"https:\/\/mathies-antwerpen.com\/it\/wp-json\/wp\/v2\/product"}],"about":[{"href":"https:\/\/mathies-antwerpen.com\/it\/wp-json\/wp\/v2\/types\/product"}],"wp:featuredmedia":[{"embeddable":true,"href":"https:\/\/mathies-antwerpen.com\/it\/wp-json\/wp\/v2\/media\/140775"}],"wp:attachment":[{"href":"https:\/\/mathies-antwerpen.com\/it\/wp-json\/wp\/v2\/media?parent=140812"}],"wp:term":[{"taxonomy":"product_brand","embeddable":true,"href":"https:\/\/mathies-antwerpen.com\/it\/wp-json\/wp\/v2\/product_brand?post=140812"},{"taxonomy":"product_cat","embeddable":true,"href":"https:\/\/mathies-antwerpen.com\/it\/wp-json\/wp\/v2\/product_cat?post=140812"},{"taxonomy":"product_tag","embeddable":true,"href":"https:\/\/mathies-antwerpen.com\/it\/wp-json\/wp\/v2\/product_tag?post=140812"}],"curies":[{"name":"wp","href":"https:\/\/api.w.org\/{rel}","templated":true}]}}