{"id":141222,"date":"2026-01-22T08:01:36","date_gmt":"2026-01-22T08:01:36","guid":{"rendered":"http:\/\/mathies-antwerpen.com\/?post_type=product&#038;p=141222"},"modified":"2026-01-22T08:04:50","modified_gmt":"2026-01-22T08:04:50","slug":"sistema-dual-i70s-con-sensori-di-profondita-v2-log-e-vento","status":"publish","type":"product","link":"https:\/\/mathies-antwerpen.com\/it\/prodotto\/sistema-dual-i70s-con-sensori-di-profondita-v2-log-e-vento\/","title":{"rendered":"Sistema Dual i70s con sensori di profondit\u00e0, V2 Log e vento"},"content":{"rendered":"<p><strong>RAYMARINE<\/strong><br \/>\n<strong>Sistema Dual i70s con sensori di profondit\u00e0, V2 Log e vento<\/strong><\/p>\n<p>Lo strumento multifunzione Raymarine i70s offre la flessibilit\u00e0 di visualizzare i dati strumentali e di navigazione pi\u00f9 importanti per te. Dotato di un luminoso display da 4,1&#8243;, l&#8217;i70s \u00e8 facilmente personalizzabile in base alle tue esigenze con display digitali, analogici e grafici per profondit\u00e0, velocit\u00e0, vento e molto altro. Aggiungi l&#8217;i70s al tuo sistema di strumenti Raymarine esistente o crea una nuova rete di display e sensori i70.<\/p>\n<p>LCD da 4,1&#8243; ultra-luminoso e di grandi dimensioni per la massima visibilit\u00e0<br \/>\nLa tecnologia di visualizzazione Optical Bonding, adatta a tutte le condizioni meteo, offre colori vivaci, un contrasto nitido e un ampio angolo di visione<br \/>\nIl nuovo design Glass Bridge si integra perfettamente con i display multifunzione Raymarine delle serie eS e gS<br \/>\nInterfaccia intuitiva con tastiera in gomma stampata per un funzionamento preciso in tutte le condizioni<br \/>\nVisualizzazioni dati personalizzabili per profondit\u00e0, velocit\u00e0, vento e molto altro<br \/>\nPredisposto per la rete SeaTalkng per una connettivit\u00e0 perfetta con i sistemi Raymarine e le reti NMEA2000*<br \/>\nConnettivit\u00e0 NMEA2000* per dati motore, ambientali, carburante e di navigazione<br \/>\nPratica modalit\u00e0 ricevitore AIS per il tracciamento visivo delle navi in \u200b\u200barrivo Bersagli AIS nelle vicinanze<\/p>\n<p>Combina l&#8217;i70s con Convertitore di trasduttori ITC-5 e collegamento di trasduttori analogici di profondit\u00e0, velocit\u00e0 e vento<\/p>\n<p>Con cornici anteriori e coperture protettive nere (design Serie eS) e argento (design Serie e)<\/p>\n<p>Garanzia del produttore di 3 anni<br \/>\nSpedizione gratuita in tutto il mondo<br \/>\nMontaggio e installazione disponibili su richiesta<\/p>\n","protected":false},"excerpt":{"rendered":"<p>RAYMARINE Sistema Dual i70s con sensori di profondit\u00e0, V2 Log e vento Lo strumento multifunzione Raymarine i70s offre la flessibilit\u00e0 di visualizzare i dati strumentali e di navigazione pi\u00f9 importanti per te. Dotato di un luminoso display da 4,1&#8243;, l&#8217;i70s \u00e8 facilmente personalizzabile in base alle tue esigenze con display digitali, analogici e grafici per [&hellip;]<\/p>\n","protected":false},"featured_media":141157,"template":"","meta":{"_glsr_average":0,"_glsr_ranking":0,"_glsr_reviews":0},"product_brand":[],"product_cat":[51],"product_tag":[],"class_list":{"0":"post-141222","1":"product","2":"type-product","3":"status-publish","4":"has-post-thumbnail","6":"product_cat-elettronica-gps-navigazione","8":"first","9":"instock","10":"taxable","11":"shipping-taxable","12":"purchasable","13":"product-type-simple"},"_links":{"self":[{"href":"https:\/\/mathies-antwerpen.com\/it\/wp-json\/wp\/v2\/product\/141222","targetHints":{"allow":["GET"]}}],"collection":[{"href":"https:\/\/mathies-antwerpen.com\/it\/wp-json\/wp\/v2\/product"}],"about":[{"href":"https:\/\/mathies-antwerpen.com\/it\/wp-json\/wp\/v2\/types\/product"}],"wp:featuredmedia":[{"embeddable":true,"href":"https:\/\/mathies-antwerpen.com\/it\/wp-json\/wp\/v2\/media\/141157"}],"wp:attachment":[{"href":"https:\/\/mathies-antwerpen.com\/it\/wp-json\/wp\/v2\/media?parent=141222"}],"wp:term":[{"taxonomy":"product_brand","embeddable":true,"href":"https:\/\/mathies-antwerpen.com\/it\/wp-json\/wp\/v2\/product_brand?post=141222"},{"taxonomy":"product_cat","embeddable":true,"href":"https:\/\/mathies-antwerpen.com\/it\/wp-json\/wp\/v2\/product_cat?post=141222"},{"taxonomy":"product_tag","embeddable":true,"href":"https:\/\/mathies-antwerpen.com\/it\/wp-json\/wp\/v2\/product_tag?post=141222"}],"curies":[{"name":"wp","href":"https:\/\/api.w.org\/{rel}","templated":true}]}}