{"id":141308,"date":"2026-01-23T13:31:14","date_gmt":"2026-01-23T13:31:14","guid":{"rendered":"https:\/\/storempss.com\/?post_type=product&#038;p=141308"},"modified":"2026-01-23T13:35:00","modified_gmt":"2026-01-23T13:35:00","slug":"autopilot-ev200-pacchetto-lineare","status":"publish","type":"product","link":"https:\/\/mathies-antwerpen.com\/it\/prodotto\/autopilot-ev200-pacchetto-lineare\/","title":{"rendered":"Autopilot EV200 pacchetto lineare"},"content":{"rendered":"<p><strong>RAYMARINE<\/strong><br \/>\n<strong>Autopilot EV200 pacchetto lineare<\/strong><\/p>\n<p>Con il nuovo pilota automatico EVOLUTION di Raymarine, l&#8217;autopilota \u00e8 pi\u00f9 facile che mai. Non \u00e8 pi\u00f9 necessaria una calibrazione complessa. Grazie al sensore EV intelligente, l&#8217;autopilota monitora tutti i movimenti della nave in tutte le direzioni e adatta automaticamente il comando alle condizioni del mare senza che l&#8217;utente debba effettuare ulteriori regolazioni. Un altro grande vantaggio del pilota automatico \u00e8 la flessibilit\u00e0 nell&#8217;installazione. Mentre si installa l&#8217;unit\u00e0 di comando possibilmente dove \u00e8 pi\u00f9 facile raggiungerla, \u00e8 possibile montare il sensore EV nel luogo che meglio si adatta a voi. Non importa se sopra o sotto il ponte, non ci sono restrizioni sul montaggio come i sensori di direzione convenzionali. Il nucleo del sensore \u00e8 protetto dall&#8217;ingresso di acqua dopo IPx6 e IPx7. I vari componenti possono essere facilmente collegati tramite SeaTalk. I cavi necessari e un trasduttore del timone sono inclusi nella fornitura, mentre l&#8217;autopilota NMEA2000 \u00e8 compatibile.<\/p>\n<p><strong>Contenuto della fornitura<\/strong><br \/>\n\u2022 Unit\u00e0 di comando dell&#8217;autopilota p70s (con cavo SeaTalkng 0,4 m)<br \/>\n\u2022 Unit\u00e0 di controllo dell&#8217;azionamento ACU-200 (con cavo SeaTalkng con estremit\u00e0 aperte su un lato 1,0 m)<br \/>\n\u2022 Attuatore lineare tipo 1<br \/>\n\u2022 Sensore di rotta EV-1 (con cavo SeaTalkng da 1,0 m)<br \/>\n\u2022 Generatore di assetto<br \/>\n1 cavo di alimentazione SeaTalkng<br \/>\n1 cavo backbone SeaTalkng (5 m)<br \/>\n1 cavo di collegamento SeaTalkng (0,4 m)<br \/>\n1 connettore a 5 vie SeaTalkng<br \/>\n2 pezzi a T SeaTalkng<br \/>\n2 x SeaTalkng Terminator<\/p>\n<p>3 anni di garanzia del produttore<br \/>\nSpedizione gratuita in tutto il mondo<br \/>\nMontaggio e installazione su richiesta<\/p>\n","protected":false},"excerpt":{"rendered":"<p>RAYMARINE Autopilot EV200 pacchetto lineare Con il nuovo pilota automatico EVOLUTION di Raymarine, l&#8217;autopilota \u00e8 pi\u00f9 facile che mai. Non \u00e8 pi\u00f9 necessaria una calibrazione complessa. Grazie al sensore EV intelligente, l&#8217;autopilota monitora tutti i movimenti della nave in tutte le direzioni e adatta automaticamente il comando alle condizioni del mare senza che l&#8217;utente debba [&hellip;]<\/p>\n","protected":false},"featured_media":141255,"template":"","meta":{"_glsr_average":0,"_glsr_ranking":0,"_glsr_reviews":0},"product_brand":[],"product_cat":[51],"product_tag":[],"class_list":{"0":"post-141308","1":"product","2":"type-product","3":"status-publish","4":"has-post-thumbnail","6":"product_cat-elettronica-gps-navigazione","8":"first","9":"instock","10":"taxable","11":"shipping-taxable","12":"purchasable","13":"product-type-simple"},"_links":{"self":[{"href":"https:\/\/mathies-antwerpen.com\/it\/wp-json\/wp\/v2\/product\/141308","targetHints":{"allow":["GET"]}}],"collection":[{"href":"https:\/\/mathies-antwerpen.com\/it\/wp-json\/wp\/v2\/product"}],"about":[{"href":"https:\/\/mathies-antwerpen.com\/it\/wp-json\/wp\/v2\/types\/product"}],"wp:featuredmedia":[{"embeddable":true,"href":"https:\/\/mathies-antwerpen.com\/it\/wp-json\/wp\/v2\/media\/141255"}],"wp:attachment":[{"href":"https:\/\/mathies-antwerpen.com\/it\/wp-json\/wp\/v2\/media?parent=141308"}],"wp:term":[{"taxonomy":"product_brand","embeddable":true,"href":"https:\/\/mathies-antwerpen.com\/it\/wp-json\/wp\/v2\/product_brand?post=141308"},{"taxonomy":"product_cat","embeddable":true,"href":"https:\/\/mathies-antwerpen.com\/it\/wp-json\/wp\/v2\/product_cat?post=141308"},{"taxonomy":"product_tag","embeddable":true,"href":"https:\/\/mathies-antwerpen.com\/it\/wp-json\/wp\/v2\/product_tag?post=141308"}],"curies":[{"name":"wp","href":"https:\/\/api.w.org\/{rel}","templated":true}]}}