{"id":142350,"date":"2026-02-10T12:24:29","date_gmt":"2026-02-10T12:24:29","guid":{"rendered":"https:\/\/storempss.com\/?post_type=product&#038;p=142350"},"modified":"2026-02-10T12:31:05","modified_gmt":"2026-02-10T12:31:05","slug":"axiom-9-touch-multidisplay-it","status":"publish","type":"product","link":"https:\/\/mathies-antwerpen.com\/it\/prodotto\/axiom-9-touch-multidisplay-it\/","title":{"rendered":"AXIOM+ 9 &#8221; Multidisplay"},"content":{"rendered":"<p><strong>RAYMARINE<\/strong><br \/>\n<strong>AXIOM+ 9 \/ Touch \/ Multidisplay<\/strong><\/p>\n<p>Raymarine AXIOM+ dispone del nuovo display HydroToughTM molto pi\u00f9 luminoso, di una maggiore memoria interna e di un processore quad-core pi\u00f9 veloce. Grazie al nuovo LightHouse Dartmouth si possono sfruttare i vantaggi delle modalit\u00e0 giorno e notte, cos\u00ec come il supporto di Raymarine LightHouse Charts.<\/p>\n<p>Contenuto della fornitura<br \/>\nMFD<br \/>\nstaffa di fissaggio<br \/>\nViti molleggiate (2)<br \/>\nCopertura solare<br \/>\nGuarnizione per montaggio su superficie\/piastra<br \/>\nStaffa di fissaggio posteriore<br \/>\nPacchetto di documentazione<br \/>\nPerno filettato M5x58 (x4)<br \/>\nDadi alettati M5 (x4)<br \/>\nCavo adattatore DeviceNet-SeaTalking 12 cm<br \/>\nCavo di alimentazione\/dati (1,5 m di cavo di alimentazione e 0,5 m di cavo NMEA 2000)<\/p>\n<p>3 anni di garanzia del produttore<br \/>\nSpedizione gratuita in tutto il mondo<br \/>\nMontaggio e installazione su richiesta<\/p>\n","protected":false},"excerpt":{"rendered":"<p>RAYMARINE AXIOM+ 9 \/ Touch \/ Multidisplay Raymarine AXIOM+ dispone del nuovo display HydroToughTM molto pi\u00f9 luminoso, di una maggiore memoria interna e di un processore quad-core pi\u00f9 veloce. Grazie al nuovo LightHouse Dartmouth si possono sfruttare i vantaggi delle modalit\u00e0 giorno e notte, cos\u00ec come il supporto di Raymarine LightHouse Charts. Contenuto della fornitura [&hellip;]<\/p>\n","protected":false},"featured_media":141356,"template":"","meta":{"_glsr_average":0,"_glsr_ranking":0,"_glsr_reviews":0},"product_brand":[],"product_cat":[51],"product_tag":[],"class_list":{"0":"post-142350","1":"product","2":"type-product","3":"status-publish","4":"has-post-thumbnail","6":"product_cat-elettronica-gps-navigazione","8":"first","9":"instock","10":"taxable","11":"shipping-taxable","12":"purchasable","13":"product-type-simple"},"_links":{"self":[{"href":"https:\/\/mathies-antwerpen.com\/it\/wp-json\/wp\/v2\/product\/142350","targetHints":{"allow":["GET"]}}],"collection":[{"href":"https:\/\/mathies-antwerpen.com\/it\/wp-json\/wp\/v2\/product"}],"about":[{"href":"https:\/\/mathies-antwerpen.com\/it\/wp-json\/wp\/v2\/types\/product"}],"wp:featuredmedia":[{"embeddable":true,"href":"https:\/\/mathies-antwerpen.com\/it\/wp-json\/wp\/v2\/media\/141356"}],"wp:attachment":[{"href":"https:\/\/mathies-antwerpen.com\/it\/wp-json\/wp\/v2\/media?parent=142350"}],"wp:term":[{"taxonomy":"product_brand","embeddable":true,"href":"https:\/\/mathies-antwerpen.com\/it\/wp-json\/wp\/v2\/product_brand?post=142350"},{"taxonomy":"product_cat","embeddable":true,"href":"https:\/\/mathies-antwerpen.com\/it\/wp-json\/wp\/v2\/product_cat?post=142350"},{"taxonomy":"product_tag","embeddable":true,"href":"https:\/\/mathies-antwerpen.com\/it\/wp-json\/wp\/v2\/product_tag?post=142350"}],"curies":[{"name":"wp","href":"https:\/\/api.w.org\/{rel}","templated":true}]}}