{"id":142517,"date":"2026-02-22T22:14:07","date_gmt":"2026-02-22T22:14:07","guid":{"rendered":"https:\/\/storempss.com\/?post_type=product&#038;p=142517"},"modified":"2026-02-22T22:20:12","modified_gmt":"2026-02-22T22:20:12","slug":"isola-di-salvataggio-sea-master-plus-borsa","status":"publish","type":"product","link":"https:\/\/mathies-antwerpen.com\/it\/prodotto\/isola-di-salvataggio-sea-master-plus-borsa\/","title":{"rendered":"Isola di salvataggio SEA MASTER PLUS \/ Borsa"},"content":{"rendered":"<p><strong>SEAGO<\/strong><br \/>\n<strong>Isola di salvataggio SEA MASTER PLUS \/ Borsa \/ ISO 9650-1 tipo 1<\/strong><\/p>\n<p>La SEAGO Life Stage SEA MASTER PLUS \u00e8 adatta per l&#8217;impiego offshore senza restrizioni e soddisfa le pi\u00f9 recenti norme ISO 9650-1 tipo 1 (ex ISO 9650-1) nonch\u00e9 i requisiti di OSR 4.20.2 (d) per regate di categoria 1 e 2.<\/p>\n<p>L&#8217;isola di salvataggio \u00e8 costituita da un sistema a tre camere: due corpi di galleggiamento separati disposti uno sopra l&#8217;altro e una struttura portante per il tetto di protezione contro le intemperie. Gli intervalli di manutenzione sono di 3 anni e il produttore fornisce una garanzia di 18 anni per la manutenzione regolare. Le isole vengono confezionate sottovuoto e possono essere consegnate in container o in una borsa robusta.<br \/>\nSpecifica: materiale testato SOLAS per il corpo di galleggiamento, copertura antipioggia, strisce riflettenti e sistema di riempimento automatico, certificato ISO dal Germanischer Lloyd, rampa di accesso per un accesso pi\u00f9 facile, illuminazione interna ed esterna, fessura di ventilazione, finestra di scarico, sistema di raccolta dell&#8217;acqua piovana, pavimento termoisolante, supporti esterni ed interni, 2 valvole di sovrappressione, 3 valvole di soffiaggio\/ventilazione, manuale d&#8217;uso, cinghia sotto il pavimento per poter rialzare l&#8217;isola in caso di emergenza.<\/p>\n<p>1 coppia di pagaie<br \/>\n3 x torce a mano<br \/>\n2 x razzi paracadute<br \/>\n1 x Pannello delle istruzioni (pittogramma)<br \/>\n1 x Coltello galleggiante<br \/>\n1 x Seeanker<br \/>\n1 x Kit di riparazione<br \/>\n1 x bomboletta<br \/>\n1 x specchio di segnale<br \/>\n1 x Cintura di salvataggio con 30 m di guinzaglio<br \/>\n1 x torcia<br \/>\n1 x pipa tremolante<br \/>\n1 x elastico<br \/>\n2 x spugna<br \/>\n1 x vasetto<br \/>\n2 tute di protezione dal freddo<br \/>\n1 x razione d&#8217;acqua (0,5 litri a persona)<br \/>\n1 tappetino per il mal di mare a persona (certificato RINA)<\/p>\n","protected":false},"excerpt":{"rendered":"<p>SEAGO Isola di salvataggio SEA MASTER PLUS \/ Borsa \/ ISO 9650-1 tipo 1 La SEAGO Life Stage SEA MASTER PLUS \u00e8 adatta per l&#8217;impiego offshore senza restrizioni e soddisfa le pi\u00f9 recenti norme ISO 9650-1 tipo 1 (ex ISO 9650-1) nonch\u00e9 i requisiti di OSR 4.20.2 (d) per regate di categoria 1 e 2. [&hellip;]<\/p>\n","protected":false},"featured_media":142455,"template":"","meta":{"_glsr_average":0,"_glsr_ranking":0,"_glsr_reviews":0},"product_brand":[],"product_cat":[177],"product_tag":[],"class_list":{"0":"post-142517","1":"product","2":"type-product","3":"status-publish","4":"has-post-thumbnail","6":"product_cat-isola-di-salvataggio","8":"first","9":"outofstock","10":"taxable","11":"shipping-taxable","12":"purchasable","13":"product-type-variable"},"_links":{"self":[{"href":"https:\/\/mathies-antwerpen.com\/it\/wp-json\/wp\/v2\/product\/142517","targetHints":{"allow":["GET"]}}],"collection":[{"href":"https:\/\/mathies-antwerpen.com\/it\/wp-json\/wp\/v2\/product"}],"about":[{"href":"https:\/\/mathies-antwerpen.com\/it\/wp-json\/wp\/v2\/types\/product"}],"wp:featuredmedia":[{"embeddable":true,"href":"https:\/\/mathies-antwerpen.com\/it\/wp-json\/wp\/v2\/media\/142455"}],"wp:attachment":[{"href":"https:\/\/mathies-antwerpen.com\/it\/wp-json\/wp\/v2\/media?parent=142517"}],"wp:term":[{"taxonomy":"product_brand","embeddable":true,"href":"https:\/\/mathies-antwerpen.com\/it\/wp-json\/wp\/v2\/product_brand?post=142517"},{"taxonomy":"product_cat","embeddable":true,"href":"https:\/\/mathies-antwerpen.com\/it\/wp-json\/wp\/v2\/product_cat?post=142517"},{"taxonomy":"product_tag","embeddable":true,"href":"https:\/\/mathies-antwerpen.com\/it\/wp-json\/wp\/v2\/product_tag?post=142517"}],"curies":[{"name":"wp","href":"https:\/\/api.w.org\/{rel}","templated":true}]}}