{"id":143208,"date":"2026-03-06T11:52:56","date_gmt":"2026-03-06T11:52:56","guid":{"rendered":"https:\/\/mathies-antwerpen.com\/?post_type=product&#038;p=143208"},"modified":"2026-03-06T11:55:38","modified_gmt":"2026-03-06T11:55:38","slug":"axiom-7-touch","status":"publish","type":"product","link":"https:\/\/mathies-antwerpen.com\/it\/prodotto\/axiom-7-touch\/","title":{"rendered":"AXIOM+ 7 \/ Touch"},"content":{"rendered":"<p><strong>RAYMARINE<\/strong><br \/>\n<strong>AXIOM+ 7 \/ Touch<\/strong><\/p>\n<p>Il Raymarine AXIOM+ \u00e8 dotato di un nuovo display HydroTough\u2122 molto pi\u00f9 luminoso, ha pi\u00f9 memoria interna e un processore quad-core pi\u00f9 veloce. Grazie alla nuova LightHouse Dartmouth puoi sfruttare le modalit\u00e0 giorno e notte e il supporto delle carte Raymarine LightHouse.<\/p>\n<p>3 anni di garanzia del produttore<br \/>\nSpedizione gratuita in tutto il mondo<br \/>\nMontaggio e installazione su richiesta<\/p>\n","protected":false},"excerpt":{"rendered":"<p>RAYMARINE AXIOM+ 7 \/ Touch Il Raymarine AXIOM+ \u00e8 dotato di un nuovo display HydroTough\u2122 molto pi\u00f9 luminoso, ha pi\u00f9 memoria interna e un processore quad-core pi\u00f9 veloce. Grazie alla nuova LightHouse Dartmouth puoi sfruttare le modalit\u00e0 giorno e notte e il supporto delle carte Raymarine LightHouse. 3 anni di garanzia del produttore Spedizione gratuita [&hellip;]<\/p>\n","protected":false},"featured_media":143168,"template":"","meta":{"_glsr_average":0,"_glsr_ranking":0,"_glsr_reviews":0},"product_brand":[],"product_cat":[51],"product_tag":[],"class_list":{"0":"post-143208","1":"product","2":"type-product","3":"status-publish","4":"has-post-thumbnail","6":"product_cat-elettronica-gps-navigazione","8":"first","9":"instock","10":"taxable","11":"shipping-taxable","12":"purchasable","13":"product-type-simple"},"_links":{"self":[{"href":"https:\/\/mathies-antwerpen.com\/it\/wp-json\/wp\/v2\/product\/143208","targetHints":{"allow":["GET"]}}],"collection":[{"href":"https:\/\/mathies-antwerpen.com\/it\/wp-json\/wp\/v2\/product"}],"about":[{"href":"https:\/\/mathies-antwerpen.com\/it\/wp-json\/wp\/v2\/types\/product"}],"wp:featuredmedia":[{"embeddable":true,"href":"https:\/\/mathies-antwerpen.com\/it\/wp-json\/wp\/v2\/media\/143168"}],"wp:attachment":[{"href":"https:\/\/mathies-antwerpen.com\/it\/wp-json\/wp\/v2\/media?parent=143208"}],"wp:term":[{"taxonomy":"product_brand","embeddable":true,"href":"https:\/\/mathies-antwerpen.com\/it\/wp-json\/wp\/v2\/product_brand?post=143208"},{"taxonomy":"product_cat","embeddable":true,"href":"https:\/\/mathies-antwerpen.com\/it\/wp-json\/wp\/v2\/product_cat?post=143208"},{"taxonomy":"product_tag","embeddable":true,"href":"https:\/\/mathies-antwerpen.com\/it\/wp-json\/wp\/v2\/product_tag?post=143208"}],"curies":[{"name":"wp","href":"https:\/\/api.w.org\/{rel}","templated":true}]}}