{"id":143253,"date":"2026-03-06T12:31:20","date_gmt":"2026-03-06T12:31:20","guid":{"rendered":"https:\/\/mathies-antwerpen.com\/?post_type=product&#038;p=143253"},"modified":"2026-03-06T12:34:03","modified_gmt":"2026-03-06T12:34:03","slug":"axiom-7-touch-con-modulo-sonar-realvision-3d-integrato","status":"publish","type":"product","link":"https:\/\/mathies-antwerpen.com\/it\/prodotto\/axiom-7-touch-con-modulo-sonar-realvision-3d-integrato\/","title":{"rendered":"AXIOM + 7 \/ Touch \/ con modulo Sonar RealVision 3D integrato"},"content":{"rendered":"<p><strong>RAYMARINE<\/strong><br \/>\n<strong>AXIOM + 7 \/ Touch \/ con modulo Sonar RealVision 3D integrato<\/strong><\/p>\n<p>Il Raymarine AXIOM+ \u00e8 dotato del nuovo e molto pi\u00f9 luminoso display HydroTough\u2122, di pi\u00f9 memoria interna e di un processore quad-core pi\u00f9 veloce. Grazie al nuovo LightHouse Dartmouth, potrai usufruire delle modalit\u00e0 giorno e notte, oltre al supporto per le carte nautiche LightHouse Raymarine.<\/p>\n<p>Contenuto della consegna<\/p>\n<p>MFD (con adattatore per staffa di montaggio)<br \/>\nStaffa di montaggio<br \/>\nViti zigrinate (2x)<br \/>\nCopertura parasole &#8211; montaggio su staffa<br \/>\nGuarnizione per montaggio a superficie \/ pannello<br \/>\nBulloni filettati M5x58 (4x)<br \/>\nDadi ad alette M5 (4x)<br \/>\nPacchetto documentazione<br \/>\nCavo di alimentazione\/dati (1,5 m di cavo di alimentazione e 0,5 m di cavo NMEA 2000)<\/p>\n<p>3 anni di garanzia del produttore<br \/>\nSpedizione gratuita in tutto il mondo<br \/>\nMontaggio e installazione su richiesta<\/p>\n","protected":false},"excerpt":{"rendered":"<p>RAYMARINE AXIOM + 7 \/ Touch \/ con modulo Sonar RealVision 3D integrato Il Raymarine AXIOM+ \u00e8 dotato del nuovo e molto pi\u00f9 luminoso display HydroTough\u2122, di pi\u00f9 memoria interna e di un processore quad-core pi\u00f9 veloce. Grazie al nuovo LightHouse Dartmouth, potrai usufruire delle modalit\u00e0 giorno e notte, oltre al supporto per le carte [&hellip;]<\/p>\n","protected":false},"featured_media":143213,"template":"","meta":{"_glsr_average":0,"_glsr_ranking":0,"_glsr_reviews":0},"product_brand":[],"product_cat":[51],"product_tag":[],"class_list":{"0":"post-143253","1":"product","2":"type-product","3":"status-publish","4":"has-post-thumbnail","6":"product_cat-elettronica-gps-navigazione","8":"first","9":"instock","10":"taxable","11":"shipping-taxable","12":"purchasable","13":"product-type-simple"},"_links":{"self":[{"href":"https:\/\/mathies-antwerpen.com\/it\/wp-json\/wp\/v2\/product\/143253","targetHints":{"allow":["GET"]}}],"collection":[{"href":"https:\/\/mathies-antwerpen.com\/it\/wp-json\/wp\/v2\/product"}],"about":[{"href":"https:\/\/mathies-antwerpen.com\/it\/wp-json\/wp\/v2\/types\/product"}],"wp:featuredmedia":[{"embeddable":true,"href":"https:\/\/mathies-antwerpen.com\/it\/wp-json\/wp\/v2\/media\/143213"}],"wp:attachment":[{"href":"https:\/\/mathies-antwerpen.com\/it\/wp-json\/wp\/v2\/media?parent=143253"}],"wp:term":[{"taxonomy":"product_brand","embeddable":true,"href":"https:\/\/mathies-antwerpen.com\/it\/wp-json\/wp\/v2\/product_brand?post=143253"},{"taxonomy":"product_cat","embeddable":true,"href":"https:\/\/mathies-antwerpen.com\/it\/wp-json\/wp\/v2\/product_cat?post=143253"},{"taxonomy":"product_tag","embeddable":true,"href":"https:\/\/mathies-antwerpen.com\/it\/wp-json\/wp\/v2\/product_tag?post=143253"}],"curies":[{"name":"wp","href":"https:\/\/api.w.org\/{rel}","templated":true}]}}