{"id":143937,"date":"2026-03-13T11:20:02","date_gmt":"2026-03-13T11:20:02","guid":{"rendered":"https:\/\/mathies-antwerpen.com\/?post_type=product&#038;p=143937"},"modified":"2026-03-13T11:23:20","modified_gmt":"2026-03-13T11:23:20","slug":"axiom-12-touch-con-sonar-integrato-realvision-3d-incl-ais700","status":"publish","type":"product","link":"https:\/\/mathies-antwerpen.com\/it\/prodotto\/axiom-12-touch-con-sonar-integrato-realvision-3d-incl-ais700\/","title":{"rendered":"AXIOM+ 12 \/ Touch \/ con Sonar integrato RealVision 3D incl. AIS700"},"content":{"rendered":"<p><strong>RAYMARINE<\/strong><br \/>\n<strong>AXIOM+ 12 \/ Touch \/ con Sonar integrato RealVision 3D incl. AIS700<\/strong><\/p>\n<p>Il Raymarine AXIOM+ ha un display HydroTough\u2122 nuovo e molto pi\u00f9 luminoso, pi\u00f9 memoria interna e un processore quad-core pi\u00f9 veloce. Grazie alla nuova LightHouse Dartmouth puoi sfruttare le modalit\u00e0 giorno e notte, oltre al supporto delle carte Raymarine LightHouse.<\/p>\n<p>Garanzia del produttore di 3 anni<br \/>\nSpedizione gratuita in tutto il mondo<br \/>\nServizio di montaggio e installazione disponibile su richiesta<\/p>\n<p><strong>Contenuto della consegna<\/strong><\/p>\n<p>MFD<br \/>\nStaffa di fissaggio<br \/>\nViti zigrinate (2x)<br \/>\nCopertura parasole<br \/>\nGuarnizione per montaggio su superficie\/piastra<br \/>\nStaffa di fissaggio posteriore<br \/>\nPacchetto di documentazione<br \/>\nBulloni filettati M5x58 (4x)<br \/>\nBulloni ad alette M5 (4x)<br \/>\nCavo adattatore DeviceNet-SeaTalking 12 cm<br \/>\nCavo di alimentazione\/dati (cavo di alimentazione da 1,5 m e cavo NMEA 2000 da 0,5 m)<br \/>\nTransponder AIS700 Classe B SOTDMA-AIS<br \/>\nAntenna GPS GNSS a 72 canali (incl. cavo da 10 m)<br \/>\nCavo di alimentazione\/dati (2 m \/ 6,56 piedi)<br \/>\nCavo radio VHF (1 m \/ 3,28 piedi)<br \/>\nCavo adattatore da Micro-C a SeaTalkNG<br \/>\nGuarnizione per antenna GPS<br \/>\nSupporto per montaggio su albero dell&#8217;antenna GPS<br \/>\nAccessori di montaggio<br \/>\nDado e rondella M5 (messa a terra)<br \/>\nDocumentazione<\/p>\n","protected":false},"excerpt":{"rendered":"<p>RAYMARINE AXIOM+ 12 \/ Touch \/ con Sonar integrato RealVision 3D incl. AIS700 Il Raymarine AXIOM+ ha un display HydroTough\u2122 nuovo e molto pi\u00f9 luminoso, pi\u00f9 memoria interna e un processore quad-core pi\u00f9 veloce. Grazie alla nuova LightHouse Dartmouth puoi sfruttare le modalit\u00e0 giorno e notte, oltre al supporto delle carte Raymarine LightHouse. Garanzia del [&hellip;]<\/p>\n","protected":false},"featured_media":143880,"template":"","meta":{"_glsr_average":0,"_glsr_ranking":0,"_glsr_reviews":0},"product_brand":[],"product_cat":[51],"product_tag":[],"class_list":{"0":"post-143937","1":"product","2":"type-product","3":"status-publish","4":"has-post-thumbnail","6":"product_cat-elettronica-gps-navigazione","8":"first","9":"instock","10":"taxable","11":"shipping-taxable","12":"purchasable","13":"product-type-simple"},"_links":{"self":[{"href":"https:\/\/mathies-antwerpen.com\/it\/wp-json\/wp\/v2\/product\/143937","targetHints":{"allow":["GET"]}}],"collection":[{"href":"https:\/\/mathies-antwerpen.com\/it\/wp-json\/wp\/v2\/product"}],"about":[{"href":"https:\/\/mathies-antwerpen.com\/it\/wp-json\/wp\/v2\/types\/product"}],"wp:featuredmedia":[{"embeddable":true,"href":"https:\/\/mathies-antwerpen.com\/it\/wp-json\/wp\/v2\/media\/143880"}],"wp:attachment":[{"href":"https:\/\/mathies-antwerpen.com\/it\/wp-json\/wp\/v2\/media?parent=143937"}],"wp:term":[{"taxonomy":"product_brand","embeddable":true,"href":"https:\/\/mathies-antwerpen.com\/it\/wp-json\/wp\/v2\/product_brand?post=143937"},{"taxonomy":"product_cat","embeddable":true,"href":"https:\/\/mathies-antwerpen.com\/it\/wp-json\/wp\/v2\/product_cat?post=143937"},{"taxonomy":"product_tag","embeddable":true,"href":"https:\/\/mathies-antwerpen.com\/it\/wp-json\/wp\/v2\/product_tag?post=143937"}],"curies":[{"name":"wp","href":"https:\/\/api.w.org\/{rel}","templated":true}]}}