{"id":144190,"date":"2026-03-15T16:39:24","date_gmt":"2026-03-15T16:39:24","guid":{"rendered":"https:\/\/mathies-antwerpen.com\/?post_type=product&#038;p=144190"},"modified":"2026-03-15T16:43:16","modified_gmt":"2026-03-15T16:43:16","slug":"giubbotto-di-salvataggio-classic-165-rosso-165-n-incl-lifeline","status":"publish","type":"product","link":"https:\/\/mathies-antwerpen.com\/it\/prodotto\/giubbotto-di-salvataggio-classic-165-rosso-165-n-incl-lifeline\/","title":{"rendered":"Giubbotto di salvataggio CLASSIC 165 rosso \/ 165 N \/ incl. lifeline"},"content":{"rendered":"<p><strong>SEATEC<\/strong><br \/>\n<strong>Giubbotto di salvataggio CLASSIC 165 rosso \/ 165 N \/ incl. lifeline<\/strong><\/p>\n<p>Conveniente, ma senza compromessi! Questo set \u00e8 composto dal giubbotto di salvataggio CLASSIC 165 con pratica lifeline.<\/p>\n<p>Conveniente ma senza rinunciare alla sicurezza: il giubbotto di salvataggio automatico SEATEC CLASSIC 165 \u00e8 il tuo affidabile salvavita durante ogni avventura in acqua. Con una spinta di 165 N e la conformit\u00e0 alla norma ISO 12402-3, garantisce la massima protezione in mare. Grazie alla funzione di gonfiaggio automatico (con possibilit\u00e0 di attivazione manuale) il giubbotto rimane sicuro anche in caso di perdita di coscienza, mantenendoti in posizione corretta e a galla. Il galleggiante in PU giallo segnaletico \u00e8 robusto, protetto da una copertura esterna e dotato di strisce riflettenti per una migliore visibilit\u00e0. Il sistema di cinghie, stabile e resistente, \u00e8 dotato di lifebelt integrato con D-Ring tessile, al quale \u00e8 possibile agganciare una life-line opzionale \u2014 il tutto mantenendo un peso contenuto. Altri dettagli funzionali includono il fischietto di segnalazione e il collaudato sistema di attivazione UML MK5 con indicatori di sicurezza. Il design ergonomico e le cinghie regolabili assicurano una vestibilit\u00e0 confortevole, senza limitare i movimenti. Materiali di alta qualit\u00e0 e lunga durata rendono questo giubbotto resistente ai raggi UV, all\u2019usura e all\u2019esposizione prolungata all\u2019acqua.<\/p>\n<p>Su richiesta, installiamo correttamente un dispositivo di emergenza in un giubbotto di salvataggio prima della spedizione.<\/p>\n<p>Intervallo di manutenzione ogni 2 anni<\/p>\n<p>Descrizione<br \/>\nGiubbotto di salvataggio CLASSIC 165 \/ incl. lifeline<br \/>\nClasse di galleggiamento<br \/>\n150 N<br \/>\nGalleggiamento<br \/>\n165 N<br \/>\nCirconferenza petto<br \/>\n55 &#8211; 145 cm<br \/>\nCinghia inguinale<br \/>\nS\u00ec<br \/>\nCappuccio Spraycap<br \/>\nNo<br \/>\nColletto in pile<br \/>\nNo<br \/>\nLuce di emergenza<br \/>\nNo<br \/>\nFinestra di ispezione<br \/>\nNo<br \/>\nFischietto di segnalazione<br \/>\nS\u00ec<br \/>\nImbracatura \/ cinghia di sicurezza \/ D-Ring<br \/>\nS\u00ec<br \/>\nLifeline<br \/>\nS\u00ec<br \/>\nBlocco automatico<br \/>\nNo<br \/>\nInnesco automatico<br \/>\nUML-Mk5<br \/>\nCartuccia CO\u00b2<br \/>\n33 g<br \/>\nNorma ISO<br \/>\nISO 12402-3<br \/>\nVestibilit\u00e0<br \/>\nStandard<br \/>\nTaglia speciale<br \/>\nNo<br \/>\nPer bambini<br \/>\nNo<br \/>\nTipo di barca<br \/>\nBarca a vela<br \/>\nChiusura<br \/>\nFibbia<br \/>\nIntervallo di manutenzione<br \/>\n2 anni<br \/>\nArea di utilizzo<br \/>\nAcque interne, Acque costiere, Pesca (costa)<br \/>\nColore<br \/>\nRosso<br \/>\nColore camera di galleggiamento<br \/>\nGiallo<br \/>\nManutenzione<br \/>\nS\u00ec<br \/>\nCertificazione SOLAS<br \/>\nNo<br \/>\nTrasmettitore di soccorso compatibile<br \/>\nJOTRON SA-20 PLB, OCEAN SIGNAL PLB3, ACR ResQLink 400, ACR ResQLink 410 RLS, ACR ResQLink view 425, ACR ResQLink view RLS, OCEAN SIGNAL PLB1, OCEAN SIGNAL AIS-MOB2, WEATHERDOCK easy2-MOB<br \/>\nMateriale<br \/>\nPoliestere<\/p>\n<p>Contenuto<br \/>\n1 pz<\/p>\n","protected":false},"excerpt":{"rendered":"<p>SEATEC Giubbotto di salvataggio CLASSIC 165 rosso \/ 165 N \/ incl. lifeline Conveniente, ma senza compromessi! Questo set \u00e8 composto dal giubbotto di salvataggio CLASSIC 165 con pratica lifeline. Conveniente ma senza rinunciare alla sicurezza: il giubbotto di salvataggio automatico SEATEC CLASSIC 165 \u00e8 il tuo affidabile salvavita durante ogni avventura in acqua. Con [&hellip;]<\/p>\n","protected":false},"featured_media":144169,"template":"","meta":{"_glsr_average":0,"_glsr_ranking":0,"_glsr_reviews":0},"product_brand":[],"product_cat":[55],"product_tag":[],"class_list":{"0":"post-144190","1":"product","2":"type-product","3":"status-publish","4":"has-post-thumbnail","6":"product_cat-giubbotto-di-salvataggio","8":"first","9":"instock","10":"taxable","11":"shipping-taxable","12":"purchasable","13":"product-type-simple"},"_links":{"self":[{"href":"https:\/\/mathies-antwerpen.com\/it\/wp-json\/wp\/v2\/product\/144190","targetHints":{"allow":["GET"]}}],"collection":[{"href":"https:\/\/mathies-antwerpen.com\/it\/wp-json\/wp\/v2\/product"}],"about":[{"href":"https:\/\/mathies-antwerpen.com\/it\/wp-json\/wp\/v2\/types\/product"}],"wp:featuredmedia":[{"embeddable":true,"href":"https:\/\/mathies-antwerpen.com\/it\/wp-json\/wp\/v2\/media\/144169"}],"wp:attachment":[{"href":"https:\/\/mathies-antwerpen.com\/it\/wp-json\/wp\/v2\/media?parent=144190"}],"wp:term":[{"taxonomy":"product_brand","embeddable":true,"href":"https:\/\/mathies-antwerpen.com\/it\/wp-json\/wp\/v2\/product_brand?post=144190"},{"taxonomy":"product_cat","embeddable":true,"href":"https:\/\/mathies-antwerpen.com\/it\/wp-json\/wp\/v2\/product_cat?post=144190"},{"taxonomy":"product_tag","embeddable":true,"href":"https:\/\/mathies-antwerpen.com\/it\/wp-json\/wp\/v2\/product_tag?post=144190"}],"curies":[{"name":"wp","href":"https:\/\/api.w.org\/{rel}","templated":true}]}}