{"id":144699,"date":"2026-03-29T14:17:24","date_gmt":"2026-03-29T14:17:24","guid":{"rendered":"https:\/\/mathies-antwerpen.com\/?post_type=product&#038;p=144699"},"modified":"2026-03-29T14:21:06","modified_gmt":"2026-03-29T14:21:06","slug":"trasmettitore-di-soccorso-marittimo-ais-mob2-classe-m","status":"publish","type":"product","link":"https:\/\/mathies-antwerpen.com\/it\/prodotto\/trasmettitore-di-soccorso-marittimo-ais-mob2-classe-m\/","title":{"rendered":"Trasmettitore di soccorso marittimo AIS-MOB2 \/ CLASSE M"},"content":{"rendered":"<p>OCEAN SIGNAL<br \/>\n<strong>Trasmettitore di soccorso marittimo AIS-MOB2 \/ CLASSE M<\/strong><\/p>\n<p>Avvisa il tuo equipaggio e le imbarcazioni nelle tue immediate vicinanze in modo rapido e sicuro in caso di uomo a mare. Anche in condizioni di mare calmo, \u00e8 possibile perdere di vista una persona in mare con una rapidit\u00e0 impressionante. Ecco perch\u00e9 il rescueME MOB2 di Ocean Signal combina la tecnologia di soccorso AIS e VHF DSC con la pi\u00f9 recente soluzione conforme alla Classe M dell&#8217;AIS per il mercato marittimo.<\/p>\n<p>Funzione AIS<br \/>\nFunzione DSC (trasmissione e ricezione)<br \/>\nConforme alla CLASSE M (direttiva UE ECC\/DEC\/(22)02)<br \/>\nDoppie luci IR e stroboscopiche<br \/>\nPosizionamento rapido grazie al ricevitore GPS e Galileo a 66 canali<br \/>\nFacile aggancio al tubo di gonfiaggio via bocca del giubbotto di salvataggio<br \/>\nAttivazione automatica quando il giubbotto di salvataggio si attiva<br \/>\nDesign fino al 50% pi\u00f9 compatto rispetto agli altri trasmettitori di emergenza AIS<br \/>\n5 anni di durata della batteria<br \/>\n24 ore di trasmissione (a -20 \u00b0C)<br \/>\nInterfaccia NFC integrata per l&#8217;utilizzo con l&#8217;APP Ocean Signal Mobile (IOS e Android)<\/p>\n<p><strong>Nota sulla programmazione:<\/strong><\/p>\n<p>I trasmettitori AIS MOB sono pre-programmati con un MMSI, composto dal numero di serie, e non necessitano di programmazione da parte nostra prima della spedizione.<\/p>\n<p>Se il trasmettitore AIS MOB dispone anche della funzione DSC, \u00e8 possibile inserire il numero MMSI nel dispositivo autonomamente.<\/p>\n","protected":false},"excerpt":{"rendered":"<p>OCEAN SIGNAL Trasmettitore di soccorso marittimo AIS-MOB2 \/ CLASSE M Avvisa il tuo equipaggio e le imbarcazioni nelle tue immediate vicinanze in modo rapido e sicuro in caso di uomo a mare. Anche in condizioni di mare calmo, \u00e8 possibile perdere di vista una persona in mare con una rapidit\u00e0 impressionante. Ecco perch\u00e9 il rescueME [&hellip;]<\/p>\n","protected":false},"featured_media":144650,"template":"","meta":{"_glsr_average":0,"_glsr_ranking":0,"_glsr_reviews":0},"product_brand":[],"product_cat":[193],"product_tag":[],"class_list":{"0":"post-144699","1":"product","2":"type-product","3":"status-publish","4":"has-post-thumbnail","6":"product_cat-trasmettitore-di-emergenza-in-mare","8":"first","9":"instock","10":"taxable","11":"shipping-taxable","12":"purchasable","13":"product-type-simple"},"_links":{"self":[{"href":"https:\/\/mathies-antwerpen.com\/it\/wp-json\/wp\/v2\/product\/144699","targetHints":{"allow":["GET"]}}],"collection":[{"href":"https:\/\/mathies-antwerpen.com\/it\/wp-json\/wp\/v2\/product"}],"about":[{"href":"https:\/\/mathies-antwerpen.com\/it\/wp-json\/wp\/v2\/types\/product"}],"wp:featuredmedia":[{"embeddable":true,"href":"https:\/\/mathies-antwerpen.com\/it\/wp-json\/wp\/v2\/media\/144650"}],"wp:attachment":[{"href":"https:\/\/mathies-antwerpen.com\/it\/wp-json\/wp\/v2\/media?parent=144699"}],"wp:term":[{"taxonomy":"product_brand","embeddable":true,"href":"https:\/\/mathies-antwerpen.com\/it\/wp-json\/wp\/v2\/product_brand?post=144699"},{"taxonomy":"product_cat","embeddable":true,"href":"https:\/\/mathies-antwerpen.com\/it\/wp-json\/wp\/v2\/product_cat?post=144699"},{"taxonomy":"product_tag","embeddable":true,"href":"https:\/\/mathies-antwerpen.com\/it\/wp-json\/wp\/v2\/product_tag?post=144699"}],"curies":[{"name":"wp","href":"https:\/\/api.w.org\/{rel}","templated":true}]}}