{"id":144754,"date":"2026-03-29T15:04:05","date_gmt":"2026-03-29T15:04:05","guid":{"rendered":"https:\/\/mathies-antwerpen.com\/?post_type=product&#038;p=144754"},"modified":"2026-03-29T15:07:09","modified_gmt":"2026-03-29T15:07:09","slug":"radiofaro-di-emergenza-epirb1","status":"publish","type":"product","link":"https:\/\/mathies-antwerpen.com\/it\/prodotto\/radiofaro-di-emergenza-epirb1\/","title":{"rendered":"Radiofaro di emergenza EPIRB1"},"content":{"rendered":"<p><strong>OCEAN SIGNAL<\/strong><br \/>\n<strong>Radiofaro di emergenza EPIRB1<\/strong><\/p>\n<p>L&#8217;EPIRB1 rende la vita pi\u00f9 tranquilla grazie alla unga durata della sua batteria. Essendo l&#8217;EPIRB il pi\u00f9 compatto al mondo pu\u00f2 essere sempre a portata di mano. Grazie alle sue dimensioni ridotte pu\u00f2 essere facilmente conservato nel suo supporto a sgancio rapido o posto in una borsa per le emergenze o sulla zattera di salvataggio.<\/p>\n<p><strong>Nota sulla programmazione:<\/strong><\/p>\n<p>Questo EPIRB deve essere programmato con i tuoi dati personali, almeno il MMSI, il nome dell&#8217;imbarcazione e il tuo nominativo, prima di essere spedito. Il dispositivo non funzioner\u00e0 senza una previa programmazione.<\/p>\n<p>La programmazione di questi dati deve essere effettuata da noi, non \u00e8 possibile farlo autonomamente.<\/p>\n<p>Si prega di aggiungere la programmazione sopra menzionata e di compilare il modulo in ogni sua parte.<\/p>\n","protected":false},"excerpt":{"rendered":"<p>OCEAN SIGNAL Radiofaro di emergenza EPIRB1 L&#8217;EPIRB1 rende la vita pi\u00f9 tranquilla grazie alla unga durata della sua batteria. Essendo l&#8217;EPIRB il pi\u00f9 compatto al mondo pu\u00f2 essere sempre a portata di mano. Grazie alle sue dimensioni ridotte pu\u00f2 essere facilmente conservato nel suo supporto a sgancio rapido o posto in una borsa per le [&hellip;]<\/p>\n","protected":false},"featured_media":144705,"template":"","meta":{"_glsr_average":0,"_glsr_ranking":0,"_glsr_reviews":0},"product_brand":[],"product_cat":[193],"product_tag":[],"class_list":{"0":"post-144754","1":"product","2":"type-product","3":"status-publish","4":"has-post-thumbnail","6":"product_cat-trasmettitore-di-emergenza-in-mare","8":"first","9":"instock","10":"taxable","11":"shipping-taxable","12":"purchasable","13":"product-type-simple"},"_links":{"self":[{"href":"https:\/\/mathies-antwerpen.com\/it\/wp-json\/wp\/v2\/product\/144754","targetHints":{"allow":["GET"]}}],"collection":[{"href":"https:\/\/mathies-antwerpen.com\/it\/wp-json\/wp\/v2\/product"}],"about":[{"href":"https:\/\/mathies-antwerpen.com\/it\/wp-json\/wp\/v2\/types\/product"}],"wp:featuredmedia":[{"embeddable":true,"href":"https:\/\/mathies-antwerpen.com\/it\/wp-json\/wp\/v2\/media\/144705"}],"wp:attachment":[{"href":"https:\/\/mathies-antwerpen.com\/it\/wp-json\/wp\/v2\/media?parent=144754"}],"wp:term":[{"taxonomy":"product_brand","embeddable":true,"href":"https:\/\/mathies-antwerpen.com\/it\/wp-json\/wp\/v2\/product_brand?post=144754"},{"taxonomy":"product_cat","embeddable":true,"href":"https:\/\/mathies-antwerpen.com\/it\/wp-json\/wp\/v2\/product_cat?post=144754"},{"taxonomy":"product_tag","embeddable":true,"href":"https:\/\/mathies-antwerpen.com\/it\/wp-json\/wp\/v2\/product_tag?post=144754"}],"curies":[{"name":"wp","href":"https:\/\/api.w.org\/{rel}","templated":true}]}}